{"id":3697,"date":"2022-09-29T14:12:48","date_gmt":"2022-09-29T12:12:48","guid":{"rendered":"https:\/\/b6furniture.dk\/?page_id=3697"},"modified":"2023-02-01T13:16:44","modified_gmt":"2023-02-01T12:16:44","slug":"ueber-b6-furniture","status":"publish","type":"page","link":"https:\/\/b6furniture.dk\/de\/ueber-b6-furniture\/","title":{"rendered":"\u00dcber B6 Furniture"},"content":{"rendered":"\n<div id=\"header-block_8f7fe0d383705c921572adf787bfb6f6\" class=\"header\">\n    \n    <div class=\"billede_inner\">\n        <div class=\"billede_content ct-section-inner-wrap\">\n            <div class=\"tablecell_content\">\n                <h1 class=\"billede_title\">\u00dcber B6 Furniture<\/h1>\n                                    <div class=\"billede_desc\">\n                        <p><span style=\"font-weight: 400;\">In enger Zusammenarbeit mit unseren Kunden entwerfen, produzieren und liefern wir Kissen mit loser F\u00fcllung und Qualit\u00e4tsm\u00f6bel. Wir haben uns auf Kissen mit loser F\u00fcllung f\u00fcr alle Zwecke und Sitzm\u00f6bel wie Sofas, Esszimmerst\u00fchle, Sessel und Gartenm\u00f6bel spezialisiert, bei denen wir gro\u00dfen Wert auf Komfort und Qualit\u00e4t legen. Wir verwenden ausschlie\u00dflich zertifizierte Qualit\u00e4tsmaterialien aus der EU, die in unseren eigenen Fabriken in D\u00e4nemark, Deutschland und der Slowakei hergestellt werden.<\/span><\/p>\n                    <\/div>\n                                            <\/div>\n        <\/div>\n    <\/div>\n\n    <style type=\"text\/css\">\n        #header-block_8f7fe0d383705c921572adf787bfb6f6 {\n            background-color: #1E3956;\n            background-image: url(https:\/\/b6furniture.dk\/wp-content\/uploads\/2022\/11\/Vyroba-20-2-scaled-aspect-ratio-1900-820-scaled.jpg);\n            background-size: cover;\n            background-position: center;\n            background-repeat: no-repeat;\n            \/*padding: px 0; *\/\n\t\t\tpadding:48px 0;\n            position: relative;\n            z-index: 1;\n            overflow: hidden;\n\t\t\tdisplay: flex;\n\t\t\tflex-direction: column;\n\t\t\tjustify-content: center;\n\t\t\t\/* min-height: 50vh; *\/\n            \/*min-height: calc(100vh - 126px);*\/\n\t\t\tmin-height:43vw;\n\t\t\t\n\n        }\n        \n        #header-block_8f7fe0d383705c921572adf787bfb6f6:before {\n            content: \"\";\n            position: absolute;\n            top: 0;\n            height: 100%;\n            background-color: rgba(54, 72, 95, 0.8);\n            z-index: -1;\n            left: 0;\n            width: 100%;\n        }\n\n        #header-block_8f7fe0d383705c921572adf787bfb6f6 .billede_inner {\n                    }\n\n        #header-block_8f7fe0d383705c921572adf787bfb6f6 .tablecell_content {\n            text-align: Left;\n                    }\n\n        #header-block_8f7fe0d383705c921572adf787bfb6f6 .billede_title{\n            color: #ffffff;\n        }\n\n        #header-block_8f7fe0d383705c921572adf787bfb6f6 .billede_desc{\n            color: #ffffff;\n            \t\t\t    max-width: 960px;\n                    }\n\n        #header-block_8f7fe0d383705c921572adf787bfb6f6 .tekstsektion_btn{\n            color: #ffffff;\n            background: #EC8F66;\n        }\n        \n        #header-block_8f7fe0d383705c921572adf787bfb6f6 a.tekstsektion_btn {\n            display: inline-block;\n            text-decoration: none !important;\n            padding: 10px 20px;\n            box-shadow: 0px 10px 15px -3px rgb(0 0 0 \/ 10%);\n            transition: all 0.3s ease-in-out;\n            margin-top: 20px;\n            font-weight: 600;\n        }\n\n         #header-block_8f7fe0d383705c921572adf787bfb6f6 a.tekstsektion_btn:hover {\n            box-shadow: 0px 10px 15px -3px rgb(0 0 0 \/ 30%);\n        }\n\n         #header-block_8f7fe0d383705c921572adf787bfb6f6 .billede_content {\n            box-sizing: border-box;\n\t\t\tpadding-left: 20px;\n\t\t\tpadding-right: 20px;\n        }\n\n          \t\t\n\t\t\/* Tablet view *\/\n        @media only screen and (max-width: 991px) {\n            #header-block_8f7fe0d383705c921572adf787bfb6f6 {\n                background-size: cover;\n                \/*min-height: 70vh;*\/\n            }\n            #header-block_8f7fe0d383705c921572adf787bfb6f6 .billede_content {\n                width: 75%;\n            }\n        }\n        \/* Mobile View *\/\n        @media only screen and (max-width: 767px) {\n            #header-block_8f7fe0d383705c921572adf787bfb6f6  {\n                padding: 48px 15px;\n                \/*min-height: 50vh;*\/\n            }\n\n            #header-block_8f7fe0d383705c921572adf787bfb6f6:before {\n                width: 100%;\n                left: 0;\n                transform: skew(0deg, 0);\n            }\n\n            #header-block_8f7fe0d383705c921572adf787bfb6f6 .billede_content {\n                width: 100%;\n\t\t\t\tpadding: 0;\n            }\n            #header-block_8f7fe0d383705c921572adf787bfb6f6 .billede_inner {\n                max-width: 100%;\n            }\n\n        }\n        @media only screen and (max-width:630px) {\n            \/*#header-block_8f7fe0d383705c921572adf787bfb6f6 { \n                min-height: 40vh;\n            }*\/\n        }\n        @media only screen and (max-width:500px) {\n            #header-block_8f7fe0d383705c921572adf787bfb6f6 { \n                min-height:43vw;\n            }\n        }\n    <\/style>\n\n<\/div>\n\n\n<div id=\"billede-tekstfelt-block_e00b72885600d651b343d5ec1f33177f\" class=\"billede-tekstfelt ct-section-inner-wrap\">\n    \n    <div class=\"billede_inner\">\n        <div class=\"billede_photo\">\n            <div class=\"photo_inner\">\n                <img decoding=\"async\" src=\"https:\/\/b6furniture.dk\/wp-content\/uploads\/2022\/11\/Vyroba-13-scaled.jpg\" alt=\"Alles aus einer Hand\">\n            <\/div>\n        <\/div>\n        <div class=\"billede_content\">\n            <div class=\"tablecell_content\">\n                                    <h2 class=\"billede_title\">Alles aus einer Hand<\/h2>\n                                                <div class=\"billede_desc\">\n                    <p><span style=\"font-weight: 400;\">Bei B6 Furniture sind wir Ihr strategischer Partner und begleiten Sie von der Idee und Vision bis zum fertigen Produkt. Dies gilt unabh\u00e4ngig davon, ob es sich um geschnittenen Schaumstoff, lose gef\u00fcllte Kissen oder ein fertiges Polsterm\u00f6belst\u00fcck handelt.<\/span><\/p>\n                <\/div>\n                            <\/div>\n        <\/div>\n       \n    <\/div>\n\n    <style type=\"text\/css\">\n        #billede-tekstfelt-block_e00b72885600d651b343d5ec1f33177f {\n            background: #ffffff;\n            margin: 32px auto;\n        }\n\n        #billede-tekstfelt-block_e00b72885600d651b343d5ec1f33177f .billede_title{\n            color: #1E3956;\n        }\n\n        #billede-tekstfelt-block_e00b72885600d651b343d5ec1f33177f .billede_desc{\n            color: #1E3956;\n        }\n\n         #billede-tekstfelt-block_e00b72885600d651b343d5ec1f33177f .billede_inner {\n            display: flex;\n            align-items: stretch;\n            justify-content: space-between;\n            flex-wrap: wrap;\n        }\n         #billede-tekstfelt-block_e00b72885600d651b343d5ec1f33177f .billede_photo {\n            width: 50%;\n        }\n\n         #billede-tekstfelt-block_e00b72885600d651b343d5ec1f33177f .billede_content {\n            width: 45%;\n            display: table;\n        }\n\n         #billede-tekstfelt-block_e00b72885600d651b343d5ec1f33177f .tablecell_content {\n            width: 100%;\n            height: 100%;\n            display: table-cell;\n            vertical-align: middle;\n            padding-right: 10%;\n        }\n\n        \/* Mobile View *\/\n        @media only screen and (max-width: 767px) {\n            #billede-tekstfelt-block_e00b72885600d651b343d5ec1f33177f .billede_inner {\n                flex-direction: column;\n            }\n            #billede-tekstfelt-block_e00b72885600d651b343d5ec1f33177f .billede_photo, #billede-tekstfelt-block_e00b72885600d651b343d5ec1f33177f .billede_content {\n                width: 100%;\n            }\n            #billede-tekstfelt-block_e00b72885600d651b343d5ec1f33177f .billede_content {\n                padding: 20px;\n            }\n            #billede-tekstfelt-block_e00b72885600d651b343d5ec1f33177f {\n                margin: 32px auto;\n            }\n        }\n    <\/style>\n\n<\/div>\n\n\n<div id=\"tekstsektion-block_445ab993f73cf7a675112a63bc2ddd15\" class=\"tekstsektion ct-section-inner-wrap\">\n    \n    <div class=\"tekstsektion_inner\">\n                <h2 class=\"tekstsektion_title\">Hersteller und Lieferant kompletter M\u00f6bel<\/h2>\n                        <div class=\"tekstsektion_content\">\n            <p><span style=\"font-weight: 400;\">Wir bieten Ihnen den vollen Service und das technische Wissen, das aus jahrzehntelanger Erfahrung resultiert, so dass Sie sich w\u00e4hrend des gesamten Prozesses sicher f\u00fchlen k\u00f6nnen.<\/span><\/p>\n<p><span style=\"font-weight: 400;\">Wir haben unseren Ursprung in der Kissenproduktion und sind auf die Entwicklung und Herstellung von Kissen mit loser F\u00fcllung spezialisiert. Die Entwicklung auf dem Markt hat dazu gef\u00fchrt, dass wir unseren Kunden nun auch anbieten k\u00f6nnen, die fertigen M\u00f6bel herzustellen. Dabei legen wir den Schwerpunkt auf Qualit\u00e4t, Komfort und den Schutz von Materialien und Umwelt.<\/span><\/p>\n<p><span style=\"font-weight: 400;\">Mit anderen Worten: Sie bekommen alles aus einer Hand, und wenn Sie spezielle W\u00fcnsche haben, haben wir die Spezialisten, um diese zu verwirklichen. <\/span><\/p>\n        <\/div>\n                            <a href=\"\/de\/one-stop-shop\/\" class=\"tekstsektion_btn\">Read more<\/a>\n            <\/div>\n\n    <style type=\"text\/css\">\n        #tekstsektion-block_445ab993f73cf7a675112a63bc2ddd15 {\n            margin: 75px auto;\n            background: #ffffff;\n        }\n\n        #tekstsektion-block_445ab993f73cf7a675112a63bc2ddd15 .tekstsektion_inner {\n            max-width: 80%;\n            margin: 0 auto;\n        }\n\n        #tekstsektion-block_445ab993f73cf7a675112a63bc2ddd15 .tekstsektion_title{\n            color: #1E3956;\n        }\n\n        #tekstsektion-block_445ab993f73cf7a675112a63bc2ddd15 .tekstsektion_content{\n            color: #1E3956;\n        }\n\n        #tekstsektion-block_445ab993f73cf7a675112a63bc2ddd15 .tekstsektion_btn{\n            color: #ffffff;\n            background: #EC8F66;\n        }\n        \n         #tekstsektion-block_445ab993f73cf7a675112a63bc2ddd15 a.tekstsektion_btn {\n            display: inline-block;\n            text-decoration: none !important;\n            padding: 10px 20px;\n            box-shadow: 0px 10px 15px -3px rgb(0 0 0 \/ 10%);\n            transition: all 0.3s ease-in-out;\n            margin-top: 15px;\n        }\n\n         #tekstsektion-block_445ab993f73cf7a675112a63bc2ddd15 a.tekstsektion_btn:hover {\n            box-shadow: 0px 10px 15px -3px rgb(0 0 0 \/ 30%);\n        }\n\n        \/* Mobile View *\/\n        @media only screen and (max-width: 767px) {\n            #tekstsektion-block_445ab993f73cf7a675112a63bc2ddd15 {\n                margin: 48px 15px;\n            }\n            #tekstsektion-block_445ab993f73cf7a675112a63bc2ddd15 .tekstsektion_inner {\n                max-width: 100%;\n            }\n\n        }\n    <\/style>\n\n<\/div>\n\n\n<div id=\"testimonial-block_ee06eee8599cac2682c45cc51929cb41\" class=\"testimonial ct-section-inner-wrap\">\n    \n    <div class=\"testimonial_inner\">\n        <div class=\"testimonial_content_wrapper\">\n                        <h2 class=\"testimonial_title\"><\/h2>\n                                    <p class=\"testimonial_content\">\n                B6 Furniture ist Teil der B6 Group und hat seine Wurzeln in Nordj\u00fctland, D\u00e4nemark. Das Unternehmen wurde 1972 gegr\u00fcndet, als die Familie Stenbro eine Fabrik in der N\u00e4he von S\u00e6by er\u00f6ffnete. Hier verarbeitete das Unternehmen Schaumstoffprodukte wie F\u00fcll- und Polsterelemente f\u00fcr Kunden aus der M\u00f6belindustrie. In dem Bestreben, seine Kunden zu bedienen, und als nat\u00fcrliche Entwicklung der Unternehmenst\u00e4tigkeit wurde Anfang der 1980er Jahre mit der Produktion von Polsterkissen begonnen.            <\/p>\n                        <div class=\"author_info\">\n                                <h4 class=\"reviewer_name\">\n                                    <\/h4>\n                                                <p class=\"reviewer_title\">\n                                    <\/p>\n                            <\/div>\n        <\/div>\n        <div class=\"testimonial_photo\">\n            <img decoding=\"async\" src=\"https:\/\/b6furniture.dk\/wp-content\/uploads\/2022\/09\/Vyroba-9-scaled.jpg\" alt=\"\">\n        <\/div>\n    <\/div>\n\n    <style type=\"text\/css\">\n        #testimonial-block_ee06eee8599cac2682c45cc51929cb41 {\n            margin: 0px auto;\n        }\n\n        #testimonial-block_ee06eee8599cac2682c45cc51929cb41 .testimonial_content_wrapper{\n            background: #1E3956;\n        }\n\n        #testimonial-block_ee06eee8599cac2682c45cc51929cb41 .testimonial_title, #testimonial-block_ee06eee8599cac2682c45cc51929cb41 .testimonial_content, #testimonial-block_ee06eee8599cac2682c45cc51929cb41 .reviewer_name, #testimonial-block_ee06eee8599cac2682c45cc51929cb41 .reviewer_title{\n            color: #ffffff;\n        }\n         #testimonial-block_ee06eee8599cac2682c45cc51929cb41 .testimonial_inner {\n            display: flex;\n            align-items: center;\n            justify-content: space-between;\n            flex-wrap: wrap;\n        }\n\n         #testimonial-block_ee06eee8599cac2682c45cc51929cb41 .testimonial_photo {\n            width: 50%;\n        }\n\n         #testimonial-block_ee06eee8599cac2682c45cc51929cb41 .testimonial_content_wrapper {\n            width: 60%;\n            padding: 30px 30px 30px 10%;\n            margin-right: -10%;\n            z-index: 9;\n            position: relative;\n            box-sizing: border-box;\n        }\n\n        \/* Mobile View *\/\n        @media only screen and (max-width: 767px) {\n            #testimonial-block_ee06eee8599cac2682c45cc51929cb41 {\n                margin: 32px auto;\n            }\n\n             #testimonial-block_ee06eee8599cac2682c45cc51929cb41 .testimonial_inner {\n                flex-direction: column-reverse;\n            }\n             #testimonial-block_ee06eee8599cac2682c45cc51929cb41 .testimonial_photo,  #testimonial-block_ee06eee8599cac2682c45cc51929cb41 .testimonial_content_wrapper {\n                width: 100%;\n            }\n             #testimonial-block_ee06eee8599cac2682c45cc51929cb41 .testimonial_content_wrapper {\n                padding: 20px;\n                margin-right: 0;\n            }\n        }\n    <\/style>\n\n<\/div>\n\n\n<div id=\"tekstsektion-block_ea7e7699cb838c950855c6381a96353c\" class=\"tekstsektion-two ct-section-inner-wrap\">\n    \n    <div class=\"tekstsektion_inner\">\n                <h2 class=\"tekstsektion_title\">Unsere Geschichte<\/h2>\n                        <div class=\"tekstsektion_content\">\n            <p><span style=\"font-weight: 400;\">Heute ist B6 Furniture ein f\u00fchrender Lieferant f\u00fcr die M\u00f6belindustrie in Europa.<\/span><\/p>\n<p><span style=\"font-weight: 400;\">Heute hat die zweite Generation der Familie Stenbro das Unternehmen \u00fcbernommen, und mit Brian Stenbro als Gesch\u00e4ftsf\u00fchrer hat B6 Furniture sein Gesch\u00e4ft erweitert, so dass B6 Furniture heute eine breite Palette von Dienstleistungen f\u00fcr die M\u00f6belindustrie anbietet. Wir tun dies als Unterauftragnehmer und in enger Zusammenarbeit mit unseren Kunden.<\/span><\/p>\n<p><span style=\"font-weight: 400;\">Traditionell verwenden die Hersteller von Kissen mit loser F\u00fcllung neuen Schaum zur Herstellung der Kissen. Parallel dazu hat B6 Furniture ein einzigartiges Herstellungsverfahren entwickelt, das es uns erm\u00f6glicht, auch regenerierten Schaumstoff f\u00fcr unsere Produkte zu verwenden. Wir tun dies, weil wir uns der Aufgabe bewusst sind, unseren Kunden umweltfreundliche Produkte zu pr\u00e4sentieren. Dies ist eine Priorit\u00e4t f\u00fcr uns, und der verantwortungsvolle Umgang mit Materialien ist zu einem wichtigen Schwerpunkt bei B6 Furniture geworden. Es ist uns wichtig, einen Beitrag zur Herstellung qualitativ hochwertiger M\u00f6bel zu leisten.<\/span><\/p>\n        <\/div>\n                        <h3 class=\"tekstsektion_title\">\n                    <\/h3>\n                        <div class=\"tekstsektion_content\">\n                    <\/div>\n            <\/div>\n\n    <style type=\"text\/css\">\n        #tekstsektion-block_ea7e7699cb838c950855c6381a96353c {\n            margin: 35px auto;\n        }\n\n        #tekstsektion-block_ea7e7699cb838c950855c6381a96353c .tekstsektion_inner{\n            margin: 0 auto;\n            max-width: 80%;\n        }\n\n        #tekstsektion-block_ea7e7699cb838c950855c6381a96353c .tekstsektion_title{\n            color: #1E3956;\n        }\n\n        #tekstsektion-block_ea7e7699cb838c950855c6381a96353c .tekstsektion_content{\n            color: #1E3956;\n        }\n\n        \/*  mobile view *\/\n        @media (max-width: 767px) {\n            #tekstsektion-block_ea7e7699cb838c950855c6381a96353c {\n                margin: 32px 15px;\n            }\n\n            #tekstsektion-block_ea7e7699cb838c950855c6381a96353c .tekstsektion_inner{\n                max-width: 100%;\n            }\n        }\n    <\/style>\n\n<\/div>","protected":false},"excerpt":{"rendered":"","protected":false},"author":7,"featured_media":0,"parent":0,"menu_order":0,"comment_status":"closed","ping_status":"closed","template":"","meta":{"_acf_changed":false,"footnotes":""},"class_list":["post-3697","page","type-page","status-publish","hentry"],"acf":[],"_links":{"self":[{"href":"https:\/\/b6furniture.dk\/de\/wp-json\/wp\/v2\/pages\/3697","targetHints":{"allow":["GET"]}}],"collection":[{"href":"https:\/\/b6furniture.dk\/de\/wp-json\/wp\/v2\/pages"}],"about":[{"href":"https:\/\/b6furniture.dk\/de\/wp-json\/wp\/v2\/types\/page"}],"author":[{"embeddable":true,"href":"https:\/\/b6furniture.dk\/de\/wp-json\/wp\/v2\/users\/7"}],"replies":[{"embeddable":true,"href":"https:\/\/b6furniture.dk\/de\/wp-json\/wp\/v2\/comments?post=3697"}],"version-history":[{"count":2,"href":"https:\/\/b6furniture.dk\/de\/wp-json\/wp\/v2\/pages\/3697\/revisions"}],"predecessor-version":[{"id":3699,"href":"https:\/\/b6furniture.dk\/de\/wp-json\/wp\/v2\/pages\/3697\/revisions\/3699"}],"wp:attachment":[{"href":"https:\/\/b6furniture.dk\/de\/wp-json\/wp\/v2\/media?parent=3697"}],"curies":[{"name":"wp","href":"https:\/\/api.w.org\/{rel}","templated":true}]}}