{"id":3700,"date":"2021-12-13T08:56:43","date_gmt":"2021-12-13T07:56:43","guid":{"rendered":"https:\/\/b6furniture.dk\/?page_id=3700"},"modified":"2025-05-02T12:31:38","modified_gmt":"2025-05-02T10:31:38","slug":"titelseite","status":"publish","type":"page","link":"https:\/\/b6furniture.dk\/de\/","title":{"rendered":"Titelseite"},"content":{"rendered":"\n<div id=\"header-block_fd8212eb98a5b4f91b3cfea601920344\" class=\"header\">\n    \n    <div class=\"billede_inner\">\n        <div class=\"billede_content ct-section-inner-wrap\">\n            <div class=\"tablecell_content\">\n                <h1 class=\"billede_title\">B6 FURNITURE<\/h1>\n                                    <div class=\"billede_desc\">\n                        <p>CREATING COMFORT<\/p>\n                    <\/div>\n                                            <\/div>\n        <\/div>\n    <\/div>\n\n    <style type=\"text\/css\">\n        #header-block_fd8212eb98a5b4f91b3cfea601920344 {\n            background-color: #1E3956;\n            background-image: url(https:\/\/b6furniture.dk\/wp-content\/uploads\/2022\/11\/Produkt-7-1-scaled-aspect-ratio-1900-820-scaled.jpg);\n            background-size: cover;\n            background-position: center;\n            background-repeat: no-repeat;\n            \/*padding: px 0; *\/\n\t\t\tpadding:48px 0;\n            position: relative;\n            z-index: 1;\n            overflow: hidden;\n\t\t\tdisplay: flex;\n\t\t\tflex-direction: column;\n\t\t\tjustify-content: center;\n\t\t\t\/* min-height: 50vh; *\/\n            \/*min-height: calc(100vh - 126px);*\/\n\t\t\tmin-height:43vw;\n\t\t\t\n\n        }\n        \n        #header-block_fd8212eb98a5b4f91b3cfea601920344:before {\n            content: \"\";\n            position: absolute;\n            top: 0;\n            height: 100%;\n            background-color: rgba(30, 57, 86, 0.8);\n            z-index: -1;\n            left: 0;\n            width: 100%;\n        }\n\n        #header-block_fd8212eb98a5b4f91b3cfea601920344 .billede_inner {\n                            margin: 0 auto;\n                max-width: 80%;\n                width: 100%;\n                    }\n\n        #header-block_fd8212eb98a5b4f91b3cfea601920344 .tablecell_content {\n            text-align: Center;\n                    }\n\n        #header-block_fd8212eb98a5b4f91b3cfea601920344 .billede_title{\n            color: #ffffff;\n        }\n\n        #header-block_fd8212eb98a5b4f91b3cfea601920344 .billede_desc{\n            color: #ffffff;\n                    }\n\n        #header-block_fd8212eb98a5b4f91b3cfea601920344 .tekstsektion_btn{\n            color: #ffffff;\n            background: #EC8F66;\n        }\n        \n        #header-block_fd8212eb98a5b4f91b3cfea601920344 a.tekstsektion_btn {\n            display: inline-block;\n            text-decoration: none !important;\n            padding: 10px 20px;\n            box-shadow: 0px 10px 15px -3px rgb(0 0 0 \/ 10%);\n            transition: all 0.3s ease-in-out;\n            margin-top: 20px;\n            font-weight: 600;\n        }\n\n         #header-block_fd8212eb98a5b4f91b3cfea601920344 a.tekstsektion_btn:hover {\n            box-shadow: 0px 10px 15px -3px rgb(0 0 0 \/ 30%);\n        }\n\n         #header-block_fd8212eb98a5b4f91b3cfea601920344 .billede_content {\n            box-sizing: border-box;\n\t\t\tpadding-left: 20px;\n\t\t\tpadding-right: 20px;\n        }\n\n          \t\t\n\t\t\/* Tablet view *\/\n        @media only screen and (max-width: 991px) {\n            #header-block_fd8212eb98a5b4f91b3cfea601920344 {\n                background-size: cover;\n                \/*min-height: 70vh;*\/\n            }\n            #header-block_fd8212eb98a5b4f91b3cfea601920344 .billede_content {\n                width: 75%;\n            }\n        }\n        \/* Mobile View *\/\n        @media only screen and (max-width: 767px) {\n            #header-block_fd8212eb98a5b4f91b3cfea601920344  {\n                padding: 48px 15px;\n                \/*min-height: 50vh;*\/\n            }\n\n            #header-block_fd8212eb98a5b4f91b3cfea601920344:before {\n                width: 100%;\n                left: 0;\n                transform: skew(0deg, 0);\n            }\n\n            #header-block_fd8212eb98a5b4f91b3cfea601920344 .billede_content {\n                width: 100%;\n\t\t\t\tpadding: 0;\n            }\n            #header-block_fd8212eb98a5b4f91b3cfea601920344 .billede_inner {\n                max-width: 100%;\n            }\n\n        }\n        @media only screen and (max-width:630px) {\n            \/*#header-block_fd8212eb98a5b4f91b3cfea601920344 { \n                min-height: 40vh;\n            }*\/\n        }\n        @media only screen and (max-width:500px) {\n            #header-block_fd8212eb98a5b4f91b3cfea601920344 { \n                min-height:43vw;\n            }\n        }\n    <\/style>\n\n<\/div>\n\n\n<div id=\"produkt-block_aeb4426390d1d18199d1be6d599c1f6a\" class=\"produkt ct-section\">\n    \n    <div class=\"billede_inner ct-section-inner-wrap\">\n        <div class=\"billede_content\">\n            <div class=\"tablecell_content\">\n                <img decoding=\"async\" src=\"https:\/\/b6furniture.dk\/wp-content\/uploads\/2022\/09\/Produkt-12.png\" alt=\"Alles aus einer Hand\">\n            <\/div>\n        <\/div>\n                    <div class=\"billede_right\">\n                <div class=\"right_content\">\n                    <h2 class=\"tekstsektion_title\">Alles aus einer Hand<\/h2>\n                                            <div class=\"tekstsektion_content\">\n                            <p>Wir stellen Kissen mit loser F\u00fcllung und M\u00f6bel nach Ihren Vorstellungen her, wobei wir den Schwerpunkt auf Qualit\u00e4t und Komfort legen. Bei B6 Furniture sind wir Ihr strategischer Partner und begleiten Sie von der Idee bis zum fertigen Produkt.<\/p>\n<p>Mit anderen Worten: Sie erhalten alles an einem Ort. Wir nennen das \"Alles aus einer Hand\".<\/p>\n                        <\/div>\n                                            <a href=\"\/de\/alles-aus-einer-hand\/\" class=\"tekstsektion_btn\">Mehr erfahren <\/a>\n                                    <\/div>\n            <\/div>\n            <\/div>\n\n    <style type=\"text\/css\">\n        #produkt-block_aeb4426390d1d18199d1be6d599c1f6a {\n            background-color: transparent;\n            margin: 100px auto;\n        }\n                    #produkt-block_aeb4426390d1d18199d1be6d599c1f6a .billede_inner{\n                max-width: 80%;\n                margin: 0 auto;\n                flex-direction: row;\n            }\n                #produkt-block_aeb4426390d1d18199d1be6d599c1f6a .tekstsektion_title{\n            color: #1E3956;\n        }\n\n        #produkt-block_aeb4426390d1d18199d1be6d599c1f6a .tekstsektion_content{\n            color: #1E3956;\n        }\n\n        #produkt-block_aeb4426390d1d18199d1be6d599c1f6a .tekstsektion_btn{\n            color: #ffffff;\n            background: #EC8F66;\n        }\n        \n         #produkt-block_aeb4426390d1d18199d1be6d599c1f6a a.tekstsektion_btn {\n            display: inline-block;\n            text-decoration: none !important;\n            padding: 10px 20px;\n            box-shadow: 0px 10px 15px -3px rgb(0 0 0 \/ 10%);\n            transition: all 0.3s ease-in-out;\n            margin-top: 20px;\n            font-weight: 600;\n        }\n\n         #produkt-block_aeb4426390d1d18199d1be6d599c1f6a a.tekstsektion_btn:hover {\n            box-shadow: 0px 10px 15px -3px rgb(0 0 0 \/ 30%);\n        }\n \t\t#produkt-block_aeb4426390d1d18199d1be6d599c1f6a .tablecell_content {\n            display: flex;\n        }\n        #produkt-block_aeb4426390d1d18199d1be6d599c1f6a .billede_inner {\n            display: flex;\n            align-items: center;\n            justify-content: space-between;\n            flex-wrap: wrap;\n            flex-direction: row;\n        }\n                #produkt-block_aeb4426390d1d18199d1be6d599c1f6a .billede_inner {\n            flex-direction: row-reverse;\n        }\n                    #produkt-block_aeb4426390d1d18199d1be6d599c1f6a .billede_right,  #produkt-block_aeb4426390d1d18199d1be6d599c1f6a .billede_content {\n                width: 48%;\n                box-sizing: border-box;\n            }\n                #produkt-block_aeb4426390d1d18199d1be6d599c1f6a .billede_right{\n            text-align: Left        }\n        \n        \/* Mobile View *\/\n        @media only screen and (max-width: 767px) {\n            #produkt-block_aeb4426390d1d18199d1be6d599c1f6a {\n                margin: 48px 0;\n            }\n            #produkt-block_aeb4426390d1d18199d1be6d599c1f6a .billede_inner {\n                flex-direction: column;\n            }\n            #produkt-block_aeb4426390d1d18199d1be6d599c1f6a .billede_right, #produkt-block_aeb4426390d1d18199d1be6d599c1f6a .billede_content {\n                width: 100%;\n            }\n            #produkt-block_aeb4426390d1d18199d1be6d599c1f6a .billede_right {\n                padding: 15px 0;\n            }\n            #produkt-block_aeb4426390d1d18199d1be6d599c1f6a .billede_inner{\n                max-width: 100%;\n            }\n        }\n    <\/style>\n<\/div>\n\n\n\n<div id=\"produkt-block_c4f90b53a09da1297f71e86c0790a551\" class=\"produkt ct-section\">\n    \n    <div class=\"billede_inner ct-section-inner-wrap\">\n        <div class=\"billede_content\">\n            <div class=\"tablecell_content\">\n                <img decoding=\"async\" src=\"https:\/\/b6furniture.dk\/wp-content\/uploads\/2022\/11\/Vyroba-29-scaled.jpg\" alt=\"Nachhaltigkeit \">\n            <\/div>\n        <\/div>\n                    <div class=\"billede_right\">\n                <div class=\"right_content\">\n                    <h2 class=\"tekstsektion_title\">Nachhaltigkeit <\/h2>\n                                            <div class=\"tekstsektion_content\">\n                            <p>Bei B6 Furniture recyceln wir seit Anfang der 1980er Jahre Schaumstoff und Polymermaterialien. Von Anfang an war es uns wichtig, das Beste aus den von uns verwendeten Materialien herauszuholen. Unser Ziel ist es, die Verschwendung von Ressourcen zu reduzieren und unseren Kunden Qualit\u00e4tsm\u00f6bel zu liefern, die das Klima und die Umwelt schonen.<\/p>\n                        <\/div>\n                                            <a href=\"\/de\/nachhaltigkeit\/\" class=\"tekstsektion_btn\">Mehr erfahren<\/a>\n                                    <\/div>\n            <\/div>\n            <\/div>\n\n    <style type=\"text\/css\">\n        #produkt-block_c4f90b53a09da1297f71e86c0790a551 {\n            background-color: transparent;\n            margin: 100px auto;\n        }\n                    #produkt-block_c4f90b53a09da1297f71e86c0790a551 .billede_inner{\n                max-width: 80%;\n                margin: 0 auto;\n                flex-direction: row;\n            }\n                #produkt-block_c4f90b53a09da1297f71e86c0790a551 .tekstsektion_title{\n            color: #1E3956;\n        }\n\n        #produkt-block_c4f90b53a09da1297f71e86c0790a551 .tekstsektion_content{\n            color: #1E3956;\n        }\n\n        #produkt-block_c4f90b53a09da1297f71e86c0790a551 .tekstsektion_btn{\n            color: #ffffff;\n            background: #EC8F66;\n        }\n        \n         #produkt-block_c4f90b53a09da1297f71e86c0790a551 a.tekstsektion_btn {\n            display: inline-block;\n            text-decoration: none !important;\n            padding: 10px 20px;\n            box-shadow: 0px 10px 15px -3px rgb(0 0 0 \/ 10%);\n            transition: all 0.3s ease-in-out;\n            margin-top: 20px;\n            font-weight: 600;\n        }\n\n         #produkt-block_c4f90b53a09da1297f71e86c0790a551 a.tekstsektion_btn:hover {\n            box-shadow: 0px 10px 15px -3px rgb(0 0 0 \/ 30%);\n        }\n \t\t#produkt-block_c4f90b53a09da1297f71e86c0790a551 .tablecell_content {\n            display: flex;\n        }\n        #produkt-block_c4f90b53a09da1297f71e86c0790a551 .billede_inner {\n            display: flex;\n            align-items: center;\n            justify-content: space-between;\n            flex-wrap: wrap;\n            flex-direction: row;\n        }\n                    #produkt-block_c4f90b53a09da1297f71e86c0790a551 .billede_right,  #produkt-block_c4f90b53a09da1297f71e86c0790a551 .billede_content {\n                width: 48%;\n                box-sizing: border-box;\n            }\n                #produkt-block_c4f90b53a09da1297f71e86c0790a551 .billede_right{\n            text-align: Right        }\n        \n        \/* Mobile View *\/\n        @media only screen and (max-width: 767px) {\n            #produkt-block_c4f90b53a09da1297f71e86c0790a551 {\n                margin: 48px 0;\n            }\n            #produkt-block_c4f90b53a09da1297f71e86c0790a551 .billede_inner {\n                flex-direction: column;\n            }\n            #produkt-block_c4f90b53a09da1297f71e86c0790a551 .billede_right, #produkt-block_c4f90b53a09da1297f71e86c0790a551 .billede_content {\n                width: 100%;\n            }\n            #produkt-block_c4f90b53a09da1297f71e86c0790a551 .billede_right {\n                padding: 15px 0;\n            }\n            #produkt-block_c4f90b53a09da1297f71e86c0790a551 .billede_inner{\n                max-width: 100%;\n            }\n        }\n    <\/style>\n<\/div>\n\n\n\n<div id=\"produktudvikling-block_e2bb5602580138b06704cd97932a5442\" class=\"produktudvikling ct-section\">\n\n    <div class=\"billede_inner ct-section-inner-wrap\">\n        <div class=\"billede_content\">\n            <div class=\"tablecell_content\">\n                                    <h2 class=\"billede_title\">Technisch<\/h2>\n                                    <div class=\"billede_desc\">\n                        <p>B6 Furniture entspringt einer grundlegenden Faszination f\u00fcr die Eigenschaften von Materialien und ihre vielf\u00e4ltigen M\u00f6glichkeiten zum Formen, F\u00fcllen und Gestalten. Wir arbeiten mit Federn, Textilien, Schaumstoff und Gummi und verf\u00fcgen \u00fcber Fachkr\u00e4fte f\u00fcr die Kissenherstellung, das N\u00e4hen und Polstern. Au\u00dferdem haben wir uns dazu entwickelt, das gesamte M\u00f6belhandwerk zu beherrschen - von der Idee bis zur fertigen Konstruktion.<\/p>\n                    <\/div>\n                            <\/div>\n        <\/div>\n        <div class=\"tablecell_content\">\n                            <img decoding=\"async\" src=\"https:\/\/b6furniture.dk\/wp-content\/uploads\/2022\/11\/Vyroba-25-scaled.jpg\" alt=\"Technisch\">\n                    <\/div>\n    <\/div>\n\n    <style type=\"text\/css\">\n        #produktudvikling-block_e2bb5602580138b06704cd97932a5442  {\n            background: #1E3956;\n            margin: 0px 25% 0px 0;\n            \/* padding: 0px 0 0px 6.5%; *\/\n        }\n        #produktudvikling-block_e2bb5602580138b06704cd97932a5442 .billede_inner{\n            flex-direction: row;\n        }\n        #produktudvikling-block_e2bb5602580138b06704cd97932a5442 .tablecell_content {\n            display: flex;\n        }\n        #produktudvikling-block_e2bb5602580138b06704cd97932a5442 .billede_content {\n            width: 55%;\n        }\n        \/* Image wrapper *\/ \n        #produktudvikling-block_e2bb5602580138b06704cd97932a5442 .billede_inner>.tablecell_content {\n            width: 45%;\n        }\n       #produktudvikling-block_e2bb5602580138b06704cd97932a5442 .billede_content .tablecell_content {\n            padding: 56px 56px 56px 0;\n            flex-direction: column;\n        }\n        #produktudvikling-block_e2bb5602580138b06704cd97932a5442 .billede_title {\n            color: #ffffff;\n        }\n        \n        #produktudvikling-block_e2bb5602580138b06704cd97932a5442 .billede_desc {\n            color: #ffffff;\n            max-width: 800px;\n        }\n\n        #produktudvikling-block_e2bb5602580138b06704cd97932a5442 .tekstsektion_btn {\n            color: #ffffff;\n            background: #EC8F66;\n        }\n\n        #produktudvikling-block_e2bb5602580138b06704cd97932a5442 a.tekstsektion_btn {\n            display: inline-block;\n            text-decoration: none !important;\n            padding: 10px 20px;\n            box-shadow: 0px 10px 15px -3px rgb(0 0 0 \/ 10%);\n            transition: all 0.3s ease-in-out;\n            margin-top: 20px;\n            font-weight: 600;\n        }\n                    #produktudvikling-block_e2bb5602580138b06704cd97932a5442 a.tekstsektion_btn {\n                float: right;\n            }\n                #produktudvikling-block_e2bb5602580138b06704cd97932a5442 a.tekstsektion_btn:hover {\n            box-shadow: 0px 10px 15px -3px rgb(0 0 0 \/ 30%);\n        }\n\n        \/* Mobile View *\/\n        @media only screen and (max-width: 767px) {\n            #produktudvikling-block_e2bb5602580138b06704cd97932a5442  {\n                margin: 0px auto;\n                padding: 30px 15px;\n            }\n            #produktudvikling-block_e2bb5602580138b06704cd97932a5442 a.tekstsektion_btn {\n                float: none;\n            }\n             #produktudvikling-block_e2bb5602580138b06704cd97932a5442 .billede_inner {\n            flex-direction: column-reverse;\n            }\n             #produktudvikling-block_e2bb5602580138b06704cd97932a5442 .billede_content, \n             #produktudvikling-block_e2bb5602580138b06704cd97932a5442 .billede_inner>.tablecell_content {\n            width: auto;\n            } \n              #produktudvikling-block_e2bb5602580138b06704cd97932a5442 .billede_content .tablecell_content {\n            padding: 24px 0;\n            }\n\n        }\n    <\/style>\n\n<\/div>\n\n\n<div id=\"produkt-block_c0897f6730c593526f4e8addb5ed62a8\" class=\"produkt ct-section\">\n    \n    <div class=\"billede_inner ct-section-inner-wrap\">\n        <div class=\"billede_content\">\n            <div class=\"tablecell_content\">\n                <img decoding=\"async\" src=\"https:\/\/b6furniture.dk\/wp-content\/uploads\/2022\/09\/Vyroba-7-scaled.jpg\" alt=\"Wer wir sind\">\n            <\/div>\n        <\/div>\n                    <div class=\"billede_right\">\n                <div class=\"right_content\">\n                    <h2 class=\"tekstsektion_title\">Wer wir sind<\/h2>\n                                            <div class=\"tekstsektion_content\">\n                            <p>B6 Furniture hat seinen Sitz in der Slowakei und ist ein Kerngesch\u00e4ft der B6 Group, die aus drei Gesch\u00e4ftsbereichen besteht: M\u00f6bel, Industrie und Clean &amp; Care. Was die drei Branchen gemeinsam haben, ist, dass die Schaumstoff- und Gummimaterialien die Grundlage f\u00fcr die von uns hergestellten Produkte sind. Wir besch\u00e4ftigen 200 Mitarbeiter in allen unseren Niederlassungen in D\u00e4nemark, Deutschland und der Slowakei.<\/p>\n                        <\/div>\n                                            <a href=\"\/de\/ueber-b6-furniture\/\" class=\"tekstsektion_btn\">Mehr erfahren<\/a>\n                                    <\/div>\n            <\/div>\n            <\/div>\n\n    <style type=\"text\/css\">\n        #produkt-block_c0897f6730c593526f4e8addb5ed62a8 {\n            background-color: transparent;\n            margin: 0px auto;\n        }\n                    #produkt-block_c0897f6730c593526f4e8addb5ed62a8 .billede_inner{\n                max-width: 80%;\n                margin: 0 auto;\n                flex-direction: row;\n            }\n                #produkt-block_c0897f6730c593526f4e8addb5ed62a8 .tekstsektion_title{\n            color: #1E3956;\n        }\n\n        #produkt-block_c0897f6730c593526f4e8addb5ed62a8 .tekstsektion_content{\n            color: #1E3956;\n        }\n\n        #produkt-block_c0897f6730c593526f4e8addb5ed62a8 .tekstsektion_btn{\n            color: #ffffff;\n            background: #EC8F66;\n        }\n        \n         #produkt-block_c0897f6730c593526f4e8addb5ed62a8 a.tekstsektion_btn {\n            display: inline-block;\n            text-decoration: none !important;\n            padding: 10px 20px;\n            box-shadow: 0px 10px 15px -3px rgb(0 0 0 \/ 10%);\n            transition: all 0.3s ease-in-out;\n            margin-top: 20px;\n            font-weight: 600;\n        }\n\n         #produkt-block_c0897f6730c593526f4e8addb5ed62a8 a.tekstsektion_btn:hover {\n            box-shadow: 0px 10px 15px -3px rgb(0 0 0 \/ 30%);\n        }\n \t\t#produkt-block_c0897f6730c593526f4e8addb5ed62a8 .tablecell_content {\n            display: flex;\n        }\n        #produkt-block_c0897f6730c593526f4e8addb5ed62a8 .billede_inner {\n            display: flex;\n            align-items: center;\n            justify-content: space-between;\n            flex-wrap: wrap;\n            flex-direction: row;\n        }\n                    #produkt-block_c0897f6730c593526f4e8addb5ed62a8 .billede_right,  #produkt-block_c0897f6730c593526f4e8addb5ed62a8 .billede_content {\n                width: 48%;\n                box-sizing: border-box;\n            }\n                #produkt-block_c0897f6730c593526f4e8addb5ed62a8 .billede_right{\n            text-align: Left        }\n        \n        \/* Mobile View *\/\n        @media only screen and (max-width: 767px) {\n            #produkt-block_c0897f6730c593526f4e8addb5ed62a8 {\n                margin: 0px 0;\n            }\n            #produkt-block_c0897f6730c593526f4e8addb5ed62a8 .billede_inner {\n                flex-direction: column;\n            }\n            #produkt-block_c0897f6730c593526f4e8addb5ed62a8 .billede_right, #produkt-block_c0897f6730c593526f4e8addb5ed62a8 .billede_content {\n                width: 100%;\n            }\n            #produkt-block_c0897f6730c593526f4e8addb5ed62a8 .billede_right {\n                padding: 15px 0;\n            }\n            #produkt-block_c0897f6730c593526f4e8addb5ed62a8 .billede_inner{\n                max-width: 100%;\n            }\n        }\n    <\/style>\n<\/div>\n\n\n\n<div id=\"case-block_5cb87cd0f15790ffacd4d195f80012aa\" class=\"case no-margin-bottom ct-section-inner-wrap\">\n    \n    <div class=\"photo_inner\">\n        <img decoding=\"async\" src=\"https:\/\/b6furniture.dk\/wp-content\/uploads\/2022\/11\/Produkt-1-3-scaled.jpg\" alt=\"CTA Photo\">\n            <\/div>\n\n    <style type=\"text\/css\">\n        #case-block_5cb87cd0f15790ffacd4d195f80012aa {\n            background: ;\n            margin: 100px auto;\n        }\n        #case-block_5cb87cd0f15790ffacd4d195f80012aa .tekstsektion_btn{\n            color: #ffffff;\n            background: #EC8F66;\n        }\n\n        #case-block_5cb87cd0f15790ffacd4d195f80012aa .photo_inner {\n            height: 600px;\n            position: relative;\n            z-index: 1;       \n        }\n\n        #case-block_5cb87cd0f15790ffacd4d195f80012aa .photo_inner:before {\n            position: absolute;\n            top: 0;\n            left: 0;\n            width: 100%;\n            height: 100%;\n            content:\"\";\n            background: rgba(54, 72, 95, 0.1);\n            z-index: 0;     \n        }\n\n        #case-block_5cb87cd0f15790ffacd4d195f80012aa .photo_inner img{\n            height: 100%;\n            width: 100%; \n            object-fit: cover;         \n        }\n\n        #case-block_5cb87cd0f15790ffacd4d195f80012aa .case_btn {\n            position: absolute;\n            bottom: 10%;\n            right: 10%;          \n        }\n        #case-block_5cb87cd0f15790ffacd4d195f80012aa a.tekstsektion_btn {\n            display: inline-block;\n            text-decoration: none;\n            padding: 10px 20px;\n            box-shadow: 0px 10px 15px -3px rgb(0 0 0 \/ 10%);\n            transition: all 0.3s ease-in-out;\n            margin-top: 20px;\n            font-weight: 600;\n        }\n\n         #case-block_5cb87cd0f15790ffacd4d195f80012aa a.tekstsektion_btn:hover {\n            box-shadow: 0px 10px 15px -3px rgb(0 0 0 \/ 30%);\n        }\n\n        \/* Mobile View *\/\n        @media only screen and (max-width: 767px) {\n            #case-block_5cb87cd0f15790ffacd4d195f80012aa .photo_inner {\n                height: 250px;      \n            }\n            #case-block_5cb87cd0f15790ffacd4d195f80012aa {\n                margin: 0px auto;\n            }\n        }\n    <\/style>\n\n<\/div>","protected":false},"excerpt":{"rendered":"","protected":false},"author":7,"featured_media":0,"parent":0,"menu_order":0,"comment_status":"closed","ping_status":"closed","template":"","meta":{"_acf_changed":false,"footnotes":""},"class_list":["post-3700","page","type-page","status-publish","hentry"],"acf":[],"_links":{"self":[{"href":"https:\/\/b6furniture.dk\/de\/wp-json\/wp\/v2\/pages\/3700","targetHints":{"allow":["GET"]}}],"collection":[{"href":"https:\/\/b6furniture.dk\/de\/wp-json\/wp\/v2\/pages"}],"about":[{"href":"https:\/\/b6furniture.dk\/de\/wp-json\/wp\/v2\/types\/page"}],"author":[{"embeddable":true,"href":"https:\/\/b6furniture.dk\/de\/wp-json\/wp\/v2\/users\/7"}],"replies":[{"embeddable":true,"href":"https:\/\/b6furniture.dk\/de\/wp-json\/wp\/v2\/comments?post=3700"}],"version-history":[{"count":6,"href":"https:\/\/b6furniture.dk\/de\/wp-json\/wp\/v2\/pages\/3700\/revisions"}],"predecessor-version":[{"id":4062,"href":"https:\/\/b6furniture.dk\/de\/wp-json\/wp\/v2\/pages\/3700\/revisions\/4062"}],"wp:attachment":[{"href":"https:\/\/b6furniture.dk\/de\/wp-json\/wp\/v2\/media?parent=3700"}],"curies":[{"name":"wp","href":"https:\/\/api.w.org\/{rel}","templated":true}]}}