{"id":3757,"date":"2022-09-29T14:40:33","date_gmt":"2022-09-29T12:40:33","guid":{"rendered":"https:\/\/b6furniture.dk\/?page_id=3757"},"modified":"2023-02-01T13:16:42","modified_gmt":"2023-02-01T12:16:42","slug":"nachhaltigkeit","status":"publish","type":"page","link":"https:\/\/b6furniture.dk\/de\/nachhaltigkeit\/","title":{"rendered":"Nachhaltigkeit"},"content":{"rendered":"\n<div id=\"header-block_632827374f66d4a18de0c1463046179d\" class=\"header\">\n    \n    <div class=\"billede_inner\">\n        <div class=\"billede_content ct-section-inner-wrap\">\n            <div class=\"tablecell_content\">\n                <h1 class=\"billede_title\">Nachhaltigkeit<\/h1>\n                                    <div class=\"billede_desc\">\n                        <p><span style=\"font-weight: 400;\">Bei B6 Furniture setzen wir uns f\u00fcr eine klima- und umweltfreundliche Produktion ein. Wenn Sie mit uns zusammenarbeiten, k\u00f6nnen Sie also immer sicher sein, dass wir uns aktiv f\u00fcr eine klimafreundliche Produktion und einen verantwortungsvollen Umgang mit den Ressourcen einsetzen. Wir produzieren in Europa und verwenden vollst\u00e4ndig zertifizierte Materialien aus der EU.\u00a0 <\/span><\/p>\n                    <\/div>\n                                            <\/div>\n        <\/div>\n    <\/div>\n\n    <style type=\"text\/css\">\n        #header-block_632827374f66d4a18de0c1463046179d {\n            background-color: #1E3956;\n            background-image: url(https:\/\/b6furniture.dk\/wp-content\/uploads\/2022\/11\/Vyroba-24-scaled-aspect-ratio-1900-820-scaled.jpg);\n            background-size: cover;\n            background-position: center;\n            background-repeat: no-repeat;\n            \/*padding: px 0; *\/\n\t\t\tpadding:48px 0;\n            position: relative;\n            z-index: 1;\n            overflow: hidden;\n\t\t\tdisplay: flex;\n\t\t\tflex-direction: column;\n\t\t\tjustify-content: center;\n\t\t\t\/* min-height: 50vh; *\/\n            \/*min-height: calc(100vh - 126px);*\/\n\t\t\tmin-height:43vw;\n\t\t\t\n\n        }\n        \n        #header-block_632827374f66d4a18de0c1463046179d:before {\n            content: \"\";\n            position: absolute;\n            top: 0;\n            height: 100%;\n            background-color: rgba(54, 72, 95, 0.8);\n            z-index: -1;\n            left: 0;\n            width: 100%;\n        }\n\n        #header-block_632827374f66d4a18de0c1463046179d .billede_inner {\n                    }\n\n        #header-block_632827374f66d4a18de0c1463046179d .tablecell_content {\n            text-align: Left;\n                    }\n\n        #header-block_632827374f66d4a18de0c1463046179d .billede_title{\n            color: #ffffff;\n        }\n\n        #header-block_632827374f66d4a18de0c1463046179d .billede_desc{\n            color: #ffffff;\n            \t\t\t    max-width: 960px;\n                    }\n\n        #header-block_632827374f66d4a18de0c1463046179d .tekstsektion_btn{\n            color: #ffffff;\n            background: #EC8F66;\n        }\n        \n        #header-block_632827374f66d4a18de0c1463046179d a.tekstsektion_btn {\n            display: inline-block;\n            text-decoration: none !important;\n            padding: 10px 20px;\n            box-shadow: 0px 10px 15px -3px rgb(0 0 0 \/ 10%);\n            transition: all 0.3s ease-in-out;\n            margin-top: 20px;\n            font-weight: 600;\n        }\n\n         #header-block_632827374f66d4a18de0c1463046179d a.tekstsektion_btn:hover {\n            box-shadow: 0px 10px 15px -3px rgb(0 0 0 \/ 30%);\n        }\n\n         #header-block_632827374f66d4a18de0c1463046179d .billede_content {\n            box-sizing: border-box;\n\t\t\tpadding-left: 20px;\n\t\t\tpadding-right: 20px;\n        }\n\n          \t\t\n\t\t\/* Tablet view *\/\n        @media only screen and (max-width: 991px) {\n            #header-block_632827374f66d4a18de0c1463046179d {\n                background-size: cover;\n                \/*min-height: 70vh;*\/\n            }\n            #header-block_632827374f66d4a18de0c1463046179d .billede_content {\n                width: 75%;\n            }\n        }\n        \/* Mobile View *\/\n        @media only screen and (max-width: 767px) {\n            #header-block_632827374f66d4a18de0c1463046179d  {\n                padding: 48px 15px;\n                \/*min-height: 50vh;*\/\n            }\n\n            #header-block_632827374f66d4a18de0c1463046179d:before {\n                width: 100%;\n                left: 0;\n                transform: skew(0deg, 0);\n            }\n\n            #header-block_632827374f66d4a18de0c1463046179d .billede_content {\n                width: 100%;\n\t\t\t\tpadding: 0;\n            }\n            #header-block_632827374f66d4a18de0c1463046179d .billede_inner {\n                max-width: 100%;\n            }\n\n        }\n        @media only screen and (max-width:630px) {\n            \/*#header-block_632827374f66d4a18de0c1463046179d { \n                min-height: 40vh;\n            }*\/\n        }\n        @media only screen and (max-width:500px) {\n            #header-block_632827374f66d4a18de0c1463046179d { \n                min-height:43vw;\n            }\n        }\n    <\/style>\n\n<\/div>\n\n\n<div id=\"bulletpoints-tekstfelt-block_44cd462df315af0a0516a0c6c88ad5bd\" class=\"bulletpoints-tekstfelt ct-section-inner-wrap\">\n    \n    <div class=\"billede_inner\">\n        <div class=\"billede_content\">\n            <div class=\"tablecell_content\">\n                                    <h2 class=\"billede_title\">Unsere Initiativen:<\/h2>\n                                <div class=\"billede_lists\">\n                                                                        <div class=\"billede_list\">\n                                <div class=\"list_icon\">\n                                    <i class=\"fa-solid fa-circle-check\"><\/i>\n                                <\/div>\n                                <div class=\"list_text\">\n                                    Recycling von Schaumstoff                                <\/div>\n                            <\/div>\n                                                    <div class=\"billede_list\">\n                                <div class=\"list_icon\">\n                                    <i class=\"fa-solid fa-circle-check\"><\/i>\n                                <\/div>\n                                <div class=\"list_text\">\n                                    Ankauf von Schnittabf\u00e4llen                                <\/div>\n                            <\/div>\n                                                    <div class=\"billede_list\">\n                                <div class=\"list_icon\">\n                                    <i class=\"fa-solid fa-circle-check\"><\/i>\n                                <\/div>\n                                <div class=\"list_text\">\n                                    Wir produzieren vor Ort                                <\/div>\n                            <\/div>\n                                                    <div class=\"billede_list\">\n                                <div class=\"list_icon\">\n                                    <i class=\"fa-solid fa-circle-check\"><\/i>\n                                <\/div>\n                                <div class=\"list_text\">\n                                    Zertifizierte Federn                                 <\/div>\n                            <\/div>\n                                                    <div class=\"billede_list\">\n                                <div class=\"list_icon\">\n                                    <i class=\"fa-solid fa-circle-check\"><\/i>\n                                <\/div>\n                                <div class=\"list_text\">\n                                    Langlebigkeit und Qualit\u00e4t                                 <\/div>\n                            <\/div>\n                                                    <div class=\"billede_list\">\n                                <div class=\"list_icon\">\n                                    <i class=\"fa-solid fa-circle-check\"><\/i>\n                                <\/div>\n                                <div class=\"list_text\">\n                                    Umweltfreundlicher Klebstoff                                <\/div>\n                            <\/div>\n                                                    <div class=\"billede_list\">\n                                <div class=\"list_icon\">\n                                    <i class=\"fa-solid fa-circle-check\"><\/i>\n                                <\/div>\n                                <div class=\"list_text\">\n                                    Ziele f\u00fcr die Reduzierung des Energieverbrauchs                                <\/div>\n                            <\/div>\n                                                            <\/div>\n            <\/div>\n        <\/div>\n        <div class=\"billede_right\">\n            <div class=\"right_content\">\n                                <h2 class=\"tekstsektion_title\">Wir recyceln Materialien<\/h2>\n                                                <div class=\"tekstsektion_content\">\n                    <p><span style=\"font-weight: 400;\">Von Anfang an haben wir regenerierten Schaumstoff zur Herstellung von F\u00fcllungen f\u00fcr Kissen und Polsterm\u00f6bel verwendet. Wir kaufen auch \u00fcbersch\u00fcssigen Schaumstoff, den wir mit Federn mischen, um die perfekte F\u00fclle und Haptik f\u00fcr den jeweiligen Zweck zu erreichen. Auf diese Weise k\u00f6nnen Sie sicher sein, dass Sie immer die gleiche Qualit\u00e4t erhalten.\u00a0<\/span><\/p>\n<p><span style=\"font-weight: 400;\">Wir sind der Meinung, dass es wichtig ist, die Verschwendung von Ressourcen zu vermeiden und daher die Materialien vollst\u00e4ndig zu nutzen. Daher behalten wir uns in einigen F\u00e4llen das Recht vor, zu wenig oder zu viel zu liefern. Als Kunde von B6 Furniture werden Sie jedoch immer im Voraus dar\u00fcber informiert, denn wir legen Wert auf Ehrlichkeit, wenn wir eine Partnerschaft eingehen.\u00a0 <\/span><\/p>\n                <\/div>\n                                            <\/div>\n        <\/div>\n    <\/div>\n\n    <style type=\"text\/css\">\n        #bulletpoints-tekstfelt-block_44cd462df315af0a0516a0c6c88ad5bd .billede_content{\n            background: #E9EFF4;\n        }\n\n        #bulletpoints-tekstfelt-block_44cd462df315af0a0516a0c6c88ad5bd{\n            margin: 32px auto;\n        }\n\n        #bulletpoints-tekstfelt-block_44cd462df315af0a0516a0c6c88ad5bd .billede_title{\n            color: #1E3956;\n        }\n\n        #bulletpoints-tekstfelt-block_44cd462df315af0a0516a0c6c88ad5bd .tekstsektion_content{\n            color: #1E3956;\n        }\n\n        #bulletpoints-tekstfelt-block_44cd462df315af0a0516a0c6c88ad5bd .list_text{\n            color: #000000;\n        }\n\n        #bulletpoints-tekstfelt-block_44cd462df315af0a0516a0c6c88ad5bd .list_icon i{\n            color: #1E3956;\n        }\n\n        #bulletpoints-tekstfelt-block_44cd462df315af0a0516a0c6c88ad5bd .tekstsektion_btn{\n            color: #ffffff;\n            background: #EC8F66;\n        }\n        \n         #bulletpoints-tekstfelt-block_44cd462df315af0a0516a0c6c88ad5bd a.tekstsektion_btn {\n            display: inline-block;\n            text-decoration: none;\n            padding: 10px 20px;\n            box-shadow: 0px 10px 15px -3px rgb(0 0 0 \/ 10%);\n            transition: all 0.3s ease-in-out;\n            margin-top: 20px;\n            font-weight: 600;\n        }\n\n         #bulletpoints-tekstfelt-block_44cd462df315af0a0516a0c6c88ad5bd a.tekstsektion_btn:hover {\n            box-shadow: 0px 10px 15px -3px rgb(0 0 0 \/ 30%);\n        }\n\n         #bulletpoints-tekstfelt-block_44cd462df315af0a0516a0c6c88ad5bd .billede_inner {\n            display: flex;\n            align-items: center;\n            justify-content: space-between;\n            flex-wrap: wrap;\n        }\n         #bulletpoints-tekstfelt-block_44cd462df315af0a0516a0c6c88ad5bd .billede_right,  #bulletpoints-tekstfelt-block_44cd462df315af0a0516a0c6c88ad5bd .billede_content {\n            width: 48%;\n            box-sizing: border-box;\n        }\n\n         #bulletpoints-tekstfelt-block_44cd462df315af0a0516a0c6c88ad5bd .billede_content {\n            display: table;\n            padding: 30px 0 30px 10%;\n            box-sizing: border-box;\n        }\n\n         #bulletpoints-tekstfelt-block_44cd462df315af0a0516a0c6c88ad5bd .billede_right {\n            padding-right: 10%;\n        }\n\n         #bulletpoints-tekstfelt-block_44cd462df315af0a0516a0c6c88ad5bd .tablecell_content {\n            width: 100%;\n            height: 100%;\n            display: table-cell;\n            vertical-align: middle;\n            padding-right: 16px;\n            box-sizing: border-box;\n        }\n\n        #bulletpoints-tekstfelt-block_44cd462df315af0a0516a0c6c88ad5bd .billede_list {\n            display: flex;\n            align-items: center;\n            flex-wrap: nowrap;\n            margin-bottom: 10px;\n        }\n\n         #bulletpoints-tekstfelt-block_44cd462df315af0a0516a0c6c88ad5bd .list_icon {\n            margin-right: 10px;\n        }\n\n        \/* Mobile View *\/\n        @media only screen and (max-width: 767px) {\n            #bulletpoints-tekstfelt-block_44cd462df315af0a0516a0c6c88ad5bd .billede_inner {\n                flex-direction: column;\n            }\n            #bulletpoints-tekstfelt-block_44cd462df315af0a0516a0c6c88ad5bd .billede_right, #bulletpoints-tekstfelt-block_44cd462df315af0a0516a0c6c88ad5bd .billede_content {\n                width: 100%;\n            }\n            #bulletpoints-tekstfelt-block_44cd462df315af0a0516a0c6c88ad5bd .billede_content, #bulletpoints-tekstfelt-block_44cd462df315af0a0516a0c6c88ad5bd .billede_right {\n                padding: 15px;\n            }\n\n            #bulletpoints-tekstfelt-block_44cd462df315af0a0516a0c6c88ad5bd{\n                margin: 32px auto;\n            }\n        }\n    <\/style>\n\n<\/div>\n\n\n\n<div id=\"tekstsektion-block_493087c96542e7e13b0b7b573ca4ca42\" class=\"tekstsektion ct-section-inner-wrap\">\n    \n    <div class=\"tekstsektion_inner\">\n                <h2 class=\"tekstsektion_title\">Wir arbeiten aktiv mit den UN-Zielen f\u00fcr nachhaltige Entwicklung<\/h2>\n                        <div class=\"tekstsektion_content\">\n            <p><span style=\"font-weight: 400;\">Heute arbeiten wir aktiv an den SDGs (Zielen zur nachhaltigen Entwicklung) der Vereinten Nationen. Dabei spielen \"verantwortungsvoller Konsum und verantwortungsvolle Produktion\" eine besondere Rolle. Da es sich bei Schaumstoff um ein Polyamidmaterial handelt, ist die Handhabung des Materials von entscheidender Bedeutung. Wir achten darauf, dass wir die Ressourcen voll aussch\u00f6pfen, Altes recyceln und Materialien, die ihre Nutzungsdauer \u00fcberschritten haben, verantwortungsvoll entsorgen.<\/span><\/p>\n<p>&nbsp;<\/p>\n<p><b>Wir arbeiten mit den folgenden SDGs:<\/b><\/p>\n<p><span style=\"font-weight: 400;\">9: Industrie, Innovation und Infrastruktur<br \/>\n<\/span><span style=\"font-weight: 400;\">12: Verantwortungsvoller Konsum und Produktion<\/span><\/p>\n        <\/div>\n                    <\/div>\n\n    <style type=\"text\/css\">\n        #tekstsektion-block_493087c96542e7e13b0b7b573ca4ca42 {\n            margin: 75px auto;\n            background: #ffffff;\n        }\n\n        #tekstsektion-block_493087c96542e7e13b0b7b573ca4ca42 .tekstsektion_inner {\n            max-width: 80%;\n            margin: 0 auto;\n        }\n\n        #tekstsektion-block_493087c96542e7e13b0b7b573ca4ca42 .tekstsektion_title{\n            color: #1E3956;\n        }\n\n        #tekstsektion-block_493087c96542e7e13b0b7b573ca4ca42 .tekstsektion_content{\n            color: #1E3956;\n        }\n\n        #tekstsektion-block_493087c96542e7e13b0b7b573ca4ca42 .tekstsektion_btn{\n            color: #ffffff;\n            background: #EC8F66;\n        }\n        \n         #tekstsektion-block_493087c96542e7e13b0b7b573ca4ca42 a.tekstsektion_btn {\n            display: inline-block;\n            text-decoration: none !important;\n            padding: 10px 20px;\n            box-shadow: 0px 10px 15px -3px rgb(0 0 0 \/ 10%);\n            transition: all 0.3s ease-in-out;\n            margin-top: 15px;\n        }\n\n         #tekstsektion-block_493087c96542e7e13b0b7b573ca4ca42 a.tekstsektion_btn:hover {\n            box-shadow: 0px 10px 15px -3px rgb(0 0 0 \/ 30%);\n        }\n\n        \/* Mobile View *\/\n        @media only screen and (max-width: 767px) {\n            #tekstsektion-block_493087c96542e7e13b0b7b573ca4ca42 {\n                margin: 48px 15px;\n            }\n            #tekstsektion-block_493087c96542e7e13b0b7b573ca4ca42 .tekstsektion_inner {\n                max-width: 100%;\n            }\n\n        }\n    <\/style>\n\n<\/div>\n\n\n<div id=\"produktudvikling-block_58e1d4a8d9bf22917ea85378774cea5a\" class=\"produktudvikling ct-section\">\n\n    <div class=\"billede_inner ct-section-inner-wrap\">\n        <div class=\"billede_content\">\n            <div class=\"tablecell_content\">\n                                    <h2 class=\"billede_title\">Unsere ISO-Zertifizierungen:<\/h2>\n                                    <div class=\"billede_desc\">\n                        <p><strong>Umweltrichtlinie | ISO 14001:2015<\/strong><\/p>\n<p><strong>QUALIT\u00c4TSRICHTLINIE | ISO 9001:2015<\/strong><\/p>\n                    <\/div>\n                            <\/div>\n        <\/div>\n        <div class=\"tablecell_content\">\n                            <img decoding=\"async\" src=\"https:\/\/b6furniture.dk\/wp-content\/uploads\/2022\/09\/ISO-14001.jpeg\" alt=\"Unsere ISO-Zertifizierungen:\">\n                    <\/div>\n    <\/div>\n\n    <style type=\"text\/css\">\n        #produktudvikling-block_58e1d4a8d9bf22917ea85378774cea5a  {\n            background: #1E3956;\n            margin: 30px 25% 30px 0;\n            \/* padding: 0px 0 0px 6.5%; *\/\n        }\n        #produktudvikling-block_58e1d4a8d9bf22917ea85378774cea5a .billede_inner{\n            flex-direction: row;\n        }\n        #produktudvikling-block_58e1d4a8d9bf22917ea85378774cea5a .tablecell_content {\n            display: flex;\n        }\n        #produktudvikling-block_58e1d4a8d9bf22917ea85378774cea5a .billede_content {\n            width: 55%;\n        }\n        \/* Image wrapper *\/ \n        #produktudvikling-block_58e1d4a8d9bf22917ea85378774cea5a .billede_inner>.tablecell_content {\n            width: 45%;\n        }\n       #produktudvikling-block_58e1d4a8d9bf22917ea85378774cea5a .billede_content .tablecell_content {\n            padding: 56px 56px 56px 0;\n            flex-direction: column;\n        }\n        #produktudvikling-block_58e1d4a8d9bf22917ea85378774cea5a .billede_title {\n            color: #ffffff;\n        }\n        \n        #produktudvikling-block_58e1d4a8d9bf22917ea85378774cea5a .billede_desc {\n            color: #ffffff;\n            max-width: 800px;\n        }\n\n        #produktudvikling-block_58e1d4a8d9bf22917ea85378774cea5a .tekstsektion_btn {\n            color: #ffffff;\n            background: #EC8F66;\n        }\n\n        #produktudvikling-block_58e1d4a8d9bf22917ea85378774cea5a a.tekstsektion_btn {\n            display: inline-block;\n            text-decoration: none !important;\n            padding: 10px 20px;\n            box-shadow: 0px 10px 15px -3px rgb(0 0 0 \/ 10%);\n            transition: all 0.3s ease-in-out;\n            margin-top: 20px;\n            font-weight: 600;\n        }\n                #produktudvikling-block_58e1d4a8d9bf22917ea85378774cea5a a.tekstsektion_btn:hover {\n            box-shadow: 0px 10px 15px -3px rgb(0 0 0 \/ 30%);\n        }\n\n        \/* Mobile View *\/\n        @media only screen and (max-width: 767px) {\n            #produktudvikling-block_58e1d4a8d9bf22917ea85378774cea5a  {\n                margin: 0px auto;\n                padding: 30px 15px;\n            }\n            #produktudvikling-block_58e1d4a8d9bf22917ea85378774cea5a a.tekstsektion_btn {\n                float: none;\n            }\n             #produktudvikling-block_58e1d4a8d9bf22917ea85378774cea5a .billede_inner {\n            flex-direction: column-reverse;\n            }\n             #produktudvikling-block_58e1d4a8d9bf22917ea85378774cea5a .billede_content, \n             #produktudvikling-block_58e1d4a8d9bf22917ea85378774cea5a .billede_inner>.tablecell_content {\n            width: auto;\n            } \n              #produktudvikling-block_58e1d4a8d9bf22917ea85378774cea5a .billede_content .tablecell_content {\n            padding: 24px 0;\n            }\n\n        }\n    <\/style>\n\n<\/div>","protected":false},"excerpt":{"rendered":"","protected":false},"author":7,"featured_media":0,"parent":0,"menu_order":0,"comment_status":"closed","ping_status":"closed","template":"","meta":{"_acf_changed":false,"footnotes":""},"class_list":["post-3757","page","type-page","status-publish","hentry"],"acf":[],"_links":{"self":[{"href":"https:\/\/b6furniture.dk\/de\/wp-json\/wp\/v2\/pages\/3757","targetHints":{"allow":["GET"]}}],"collection":[{"href":"https:\/\/b6furniture.dk\/de\/wp-json\/wp\/v2\/pages"}],"about":[{"href":"https:\/\/b6furniture.dk\/de\/wp-json\/wp\/v2\/types\/page"}],"author":[{"embeddable":true,"href":"https:\/\/b6furniture.dk\/de\/wp-json\/wp\/v2\/users\/7"}],"replies":[{"embeddable":true,"href":"https:\/\/b6furniture.dk\/de\/wp-json\/wp\/v2\/comments?post=3757"}],"version-history":[{"count":4,"href":"https:\/\/b6furniture.dk\/de\/wp-json\/wp\/v2\/pages\/3757\/revisions"}],"predecessor-version":[{"id":3774,"href":"https:\/\/b6furniture.dk\/de\/wp-json\/wp\/v2\/pages\/3757\/revisions\/3774"}],"wp:attachment":[{"href":"https:\/\/b6furniture.dk\/de\/wp-json\/wp\/v2\/media?parent=3757"}],"curies":[{"name":"wp","href":"https:\/\/api.w.org\/{rel}","templated":true}]}}