{"id":3775,"date":"2022-08-25T10:46:36","date_gmt":"2022-08-25T08:46:36","guid":{"rendered":"https:\/\/b6furniture.dk\/?page_id=3775"},"modified":"2023-02-01T13:16:40","modified_gmt":"2023-02-01T12:16:40","slug":"kissen-mit-loser-fuellung-und-schaumstoffbearbeitung","status":"publish","type":"page","link":"https:\/\/b6furniture.dk\/de\/kissen-mit-loser-fuellung-und-schaumstoffbearbeitung\/","title":{"rendered":"Kissen mit loser F\u00fcllung und Schaumstoffbearbeitung"},"content":{"rendered":"\n<div id=\"header-block_3f1aabd68869a4aa250bd05ce7558397\" class=\"header\">\n    \n    <div class=\"billede_inner\">\n        <div class=\"billede_content ct-section-inner-wrap\">\n            <div class=\"tablecell_content\">\n                <h1 class=\"billede_title\">Kissen mit loser F\u00fcllung und Schaumstoffbearbeitung <\/h1>\n                                    <div class=\"billede_desc\">\n                        <p><span style=\"font-weight: 400;\">Die Bearbeitung von Schaumstoff, das Design und die Produktion von Kissen mit loser F\u00fcllung sind die Eckpfeiler von B6 Furniture. Unsere Erfahrung und unser Fachwissen bei der Herstellung von Kissen mit loser F\u00fcllung f\u00fcr M\u00f6bel sind die Grundlage f\u00fcr unser Gesch\u00e4ft.<\/span><\/p>\n<p><span style=\"font-weight: 400;\">Wir schneiden Schaumstoff f\u00fcr Polsterm\u00f6bel zu und entwerfen und produzieren Sitzkissen, R\u00fcckenkissen und Zierkissen f\u00fcr den Innen- und Au\u00dfenbereich. Wir bieten Ihnen ma\u00dfgeschneiderte L\u00f6sungen, die Ihren Vorstellungen entsprechen und mit einem Auge f\u00fcr Komfort und Qualit\u00e4t ausgef\u00fchrt werden.\u00a0 <\/span><\/p>\n                    <\/div>\n                                            <\/div>\n        <\/div>\n    <\/div>\n\n    <style type=\"text\/css\">\n        #header-block_3f1aabd68869a4aa250bd05ce7558397 {\n            background-color: #1E3956;\n            background-image: url(https:\/\/b6furniture.dk\/wp-content\/uploads\/2022\/11\/Vyroba-27-scaled-aspect-ratio-1900-820-scaled.jpg);\n            background-size: cover;\n            background-position: top;\n            background-repeat: no-repeat;\n            \/*padding: px 0; *\/\n\t\t\tpadding:48px 0;\n            position: relative;\n            z-index: 1;\n            overflow: hidden;\n\t\t\tdisplay: flex;\n\t\t\tflex-direction: column;\n\t\t\tjustify-content: center;\n\t\t\t\/* min-height: 50vh; *\/\n            \/*min-height: calc(100vh - 126px);*\/\n\t\t\tmin-height:43vw;\n\t\t\t\n\n        }\n        \n        #header-block_3f1aabd68869a4aa250bd05ce7558397:before {\n            content: \"\";\n            position: absolute;\n            top: 0;\n            height: 100%;\n            background-color: rgba(54, 72, 95, 0.8);\n            z-index: -1;\n            left: 0;\n            width: 100%;\n        }\n\n        #header-block_3f1aabd68869a4aa250bd05ce7558397 .billede_inner {\n                    }\n\n        #header-block_3f1aabd68869a4aa250bd05ce7558397 .tablecell_content {\n            text-align: Left;\n                    }\n\n        #header-block_3f1aabd68869a4aa250bd05ce7558397 .billede_title{\n            color: #ffffff;\n        }\n\n        #header-block_3f1aabd68869a4aa250bd05ce7558397 .billede_desc{\n            color: #ffffff;\n            \t\t\t    max-width: 960px;\n                    }\n\n        #header-block_3f1aabd68869a4aa250bd05ce7558397 .tekstsektion_btn{\n            color: #ffffff;\n            background: #EC8F66;\n        }\n        \n        #header-block_3f1aabd68869a4aa250bd05ce7558397 a.tekstsektion_btn {\n            display: inline-block;\n            text-decoration: none !important;\n            padding: 10px 20px;\n            box-shadow: 0px 10px 15px -3px rgb(0 0 0 \/ 10%);\n            transition: all 0.3s ease-in-out;\n            margin-top: 20px;\n            font-weight: 600;\n        }\n\n         #header-block_3f1aabd68869a4aa250bd05ce7558397 a.tekstsektion_btn:hover {\n            box-shadow: 0px 10px 15px -3px rgb(0 0 0 \/ 30%);\n        }\n\n         #header-block_3f1aabd68869a4aa250bd05ce7558397 .billede_content {\n            box-sizing: border-box;\n\t\t\tpadding-left: 20px;\n\t\t\tpadding-right: 20px;\n        }\n\n          \t\t\n\t\t\/* Tablet view *\/\n        @media only screen and (max-width: 991px) {\n            #header-block_3f1aabd68869a4aa250bd05ce7558397 {\n                background-size: cover;\n                \/*min-height: 70vh;*\/\n            }\n            #header-block_3f1aabd68869a4aa250bd05ce7558397 .billede_content {\n                width: 75%;\n            }\n        }\n        \/* Mobile View *\/\n        @media only screen and (max-width: 767px) {\n            #header-block_3f1aabd68869a4aa250bd05ce7558397  {\n                padding: 48px 15px;\n                \/*min-height: 50vh;*\/\n            }\n\n            #header-block_3f1aabd68869a4aa250bd05ce7558397:before {\n                width: 100%;\n                left: 0;\n                transform: skew(0deg, 0);\n            }\n\n            #header-block_3f1aabd68869a4aa250bd05ce7558397 .billede_content {\n                width: 100%;\n\t\t\t\tpadding: 0;\n            }\n            #header-block_3f1aabd68869a4aa250bd05ce7558397 .billede_inner {\n                max-width: 100%;\n            }\n\n        }\n        @media only screen and (max-width:630px) {\n            \/*#header-block_3f1aabd68869a4aa250bd05ce7558397 { \n                min-height: 40vh;\n            }*\/\n        }\n        @media only screen and (max-width:500px) {\n            #header-block_3f1aabd68869a4aa250bd05ce7558397 { \n                min-height:43vw;\n            }\n        }\n    <\/style>\n\n<\/div>\n\n\n<div id=\"tekstsektion-block_b1db6a5e96779e36d8422bd0802583ad\" class=\"tekstsektion ct-section-inner-wrap\">\n    \n    <div class=\"tekstsektion_inner\">\n                <h2 class=\"tekstsektion_title\">EU-zertifizierte Materialien<\/h2>\n                        <div class=\"tekstsektion_content\">\n            <p><span style=\"font-weight: 400;\">Ein sch\u00f6nes Produkt beginnt mit der Wahl guter Materialien. Aus diesem Grund verwenden wir nur vollst\u00e4ndig zertifizierte Seevogelfedern aus der EU. F\u00fcr Sitz- und R\u00fcckenkissen verwenden wir haupts\u00e4chlich regenerierten Schaumstoff. Dies verleiht dem Kissen eine gute Statur und sorgt f\u00fcr Komfort, wenn Sie sich auf das M\u00f6belst\u00fcck setzen. Gleichzeitig schonen wir die Ressourcen, indem wir recycelten Schaumstoff verwenden. Unsere Qualit\u00e4tsverfahren gew\u00e4hrleisten eine gleichbleibende Qualit\u00e4t von Lieferung zu Lieferung.<\/span><\/p>\n        <\/div>\n                    <\/div>\n\n    <style type=\"text\/css\">\n        #tekstsektion-block_b1db6a5e96779e36d8422bd0802583ad {\n            margin: 75px auto;\n            background: #ffffff;\n        }\n\n        #tekstsektion-block_b1db6a5e96779e36d8422bd0802583ad .tekstsektion_inner {\n            max-width: 80%;\n            margin: 0 auto;\n        }\n\n        #tekstsektion-block_b1db6a5e96779e36d8422bd0802583ad .tekstsektion_title{\n            color: #1E3956;\n        }\n\n        #tekstsektion-block_b1db6a5e96779e36d8422bd0802583ad .tekstsektion_content{\n            color: #1E3956;\n        }\n\n        #tekstsektion-block_b1db6a5e96779e36d8422bd0802583ad .tekstsektion_btn{\n            color: #ffffff;\n            background: #EC8F66;\n        }\n        \n         #tekstsektion-block_b1db6a5e96779e36d8422bd0802583ad a.tekstsektion_btn {\n            display: inline-block;\n            text-decoration: none !important;\n            padding: 10px 20px;\n            box-shadow: 0px 10px 15px -3px rgb(0 0 0 \/ 10%);\n            transition: all 0.3s ease-in-out;\n            margin-top: 15px;\n        }\n\n         #tekstsektion-block_b1db6a5e96779e36d8422bd0802583ad a.tekstsektion_btn:hover {\n            box-shadow: 0px 10px 15px -3px rgb(0 0 0 \/ 30%);\n        }\n\n        \/* Mobile View *\/\n        @media only screen and (max-width: 767px) {\n            #tekstsektion-block_b1db6a5e96779e36d8422bd0802583ad {\n                margin: 48px 15px;\n            }\n            #tekstsektion-block_b1db6a5e96779e36d8422bd0802583ad .tekstsektion_inner {\n                max-width: 100%;\n            }\n\n        }\n    <\/style>\n\n<\/div>\n\n\n<div id=\"produktsektion-block_8425cbcd431426a3f18da311b1d2a0be\" class=\"produktsektion ct-section-inner-wrap\">\n\n    <div class=\"product_container\">\n                    <h2 class=\"section_title\">KISSEN MIT LOSER F\u00dcLLUNG <\/h2>\n                <div class=\"product_container_items\">\n                                <div class=\"product_item\">\n                        <div class=\"product_photo\">\n                            <img decoding=\"async\" src=\"https:\/\/b6furniture.dk\/wp-content\/uploads\/2022\/11\/danicore2.jpg.webp\" alt=\"SITZKISSEN MIT LOSER F\u00dcLLUNG\">\n                        <\/div>\n                        <div class=\"product_content\">\n                            <h3 class=\"product_title\">SITZKISSEN MIT LOSER F\u00dcLLUNG<\/h3>\n                                                            <div class=\"product_btn\">\n                                    <a href=\"\/de\/sitzkissen-mit-loser-fuellung\/\" class=\"tekstsektion_btn\">MEHR SEHEN<\/a>\n                                <\/div>\n                                                    <\/div>\n                    <\/div>\n                                <div class=\"product_item\">\n                        <div class=\"product_photo\">\n                            <img decoding=\"async\" src=\"https:\/\/b6furniture.dk\/wp-content\/uploads\/2022\/11\/danibox.jpg\" alt=\"R\u00dcCKEN- UND ARMLEHNENKISSEN MIT LOSER F\u00dcLLUNG\">\n                        <\/div>\n                        <div class=\"product_content\">\n                            <h3 class=\"product_title\">R\u00dcCKEN- UND ARMLEHNENKISSEN MIT LOSER F\u00dcLLUNG<\/h3>\n                                                            <div class=\"product_btn\">\n                                    <a href=\"\/de\/ruecken-und-armlehnenkissen-mit-loser-fuellung\/\" class=\"tekstsektion_btn\">MEHR SEHEN<\/a>\n                                <\/div>\n                                                    <\/div>\n                    <\/div>\n                                <div class=\"product_item\">\n                        <div class=\"product_photo\">\n                            <img decoding=\"async\" src=\"https:\/\/b6furniture.dk\/wp-content\/uploads\/2021\/12\/Skum-granulat.png\" alt=\"KOMPONENTEN F\u00dcR DIE BEF\u00dcLLUNG\">\n                        <\/div>\n                        <div class=\"product_content\">\n                            <h3 class=\"product_title\">KOMPONENTEN F\u00dcR DIE BEF\u00dcLLUNG<\/h3>\n                                                            <div class=\"product_btn\">\n                                    <a href=\"\/de\/komponenten-fuer-die-befuellung\/\" class=\"tekstsektion_btn\">MEHR SEHEN<\/a>\n                                <\/div>\n                                                    <\/div>\n                    <\/div>\n                                <div class=\"product_item\">\n                        <div class=\"product_photo\">\n                            <img decoding=\"async\" src=\"https:\/\/b6furniture.dk\/wp-content\/uploads\/2022\/11\/Fabric_Fire-retarded.png\" alt=\"METERWARE\">\n                        <\/div>\n                        <div class=\"product_content\">\n                            <h3 class=\"product_title\">METERWARE<\/h3>\n                                                            <div class=\"product_btn\">\n                                    <a href=\"\/de\/meterware\/\" class=\"tekstsektion_btn\">MEHR SEHEN<\/a>\n                                <\/div>\n                                                    <\/div>\n                    <\/div>\n                    <\/div>\n    <\/div>\n    <style type=\"text\/css\">\n        #produktsektion-block_8425cbcd431426a3f18da311b1d2a0be {\n            margin: 75px 0;\n        }\n\n        #produktsektion-block_8425cbcd431426a3f18da311b1d2a0be .product_container {\n            max-width: 80%;\n            margin: 0 auto;\n        }\n\n        #produktsektion-block_8425cbcd431426a3f18da311b1d2a0be .section_title{\n            text-align: center;\n            margin-bottom: 50px;\n        }\n\n        #produktsektion-block_8425cbcd431426a3f18da311b1d2a0be .product_title{\n            color: #1E3956;\n\t\t\t\/* max-width: 200px; *\/\n\t\t\ttext-align: center;\n\t\t\tmargin: 0 auto 25px auto;\n        }\n\n        #produktsektion-block_8425cbcd431426a3f18da311b1d2a0be .section_title{\n            color: #1E3956;\n        }\n\n        #produktsektion-block_8425cbcd431426a3f18da311b1d2a0be .tekstsektion_btn{\n            color: #EE9D79;\n            background: #FFFFFF;\n        }\n        \n        #produktsektion-block_8425cbcd431426a3f18da311b1d2a0be a.tekstsektion_btn {\n            display: inline-block;\n            text-decoration: none !important;\n            padding: 5px 20px;\n            box-shadow: 0px 10px 15px -3px rgb(0 0 0 \/ 10%);\n            transition: all 0.3s ease-in-out;\n            font-weight: 600;\n            border: 2px solid currentcolor;\n        }\n\n        #produktsektion-block_8425cbcd431426a3f18da311b1d2a0be a.tekstsektion_btn:hover {\n            box-shadow: 0px 10px 15px -3px rgb(0 0 0 \/ 30%);\n        }\n\n        #produktsektion-block_8425cbcd431426a3f18da311b1d2a0be .product_container_items {\n            display: flex;\n            align-items: stretch;\n            justify-content: space-between;\n            flex-wrap: wrap;\n        }\n\n        #produktsektion-block_8425cbcd431426a3f18da311b1d2a0be .product_item {\n            width: 24%;\n            text-align: center;\n            box-sizing: border-box;\n            display: flex;\n            flex-direction: column;\n        }\n\n        #produktsektion-block_8425cbcd431426a3f18da311b1d2a0be .product_content  {\n            display: flex;\n            flex-direction: column;\n            justify-content: space-between;\n            flex-grow: 1;\n        }\n\n        #produktsektion-block_8425cbcd431426a3f18da311b1d2a0be .product_photo {\n            height: 300px;\n            width: 100%;\n            margin-bottom: 25px;\n        }\n\n        #produktsektion-block_8425cbcd431426a3f18da311b1d2a0be .product_photo img {\n            width: 100%;\n            height: 100%;\n            object-fit: cover;\n        }\n\n        \/* Table View *\/\n        @media only screen and (min-width: 768px) and (max-width: 991px) {\n            #produktsektion-block_8425cbcd431426a3f18da311b1d2a0be .product_item {\n                width: 49%;\n                margin-bottom: 25px;\n            }\n            #produktsektion-block_8425cbcd431426a3f18da311b1d2a0be .product_photo {\n                height: 250px;\n            }\n        }\n\n        \/* Mobile View *\/\n        @media only screen and (max-width: 767px) {\n            #produktsektion-block_8425cbcd431426a3f18da311b1d2a0be {\n                margin: 48px 15px;\n            } \n\n            #produktsektion-block_8425cbcd431426a3f18da311b1d2a0be .section_title{\n                margin-bottom: 30px;\n            }\n\n            #produktsektion-block_8425cbcd431426a3f18da311b1d2a0be .product_container_items {\n                flex-direction: column;\n            }\n\n            #produktsektion-block_8425cbcd431426a3f18da311b1d2a0be .product_item {\n                width: 100%;\n                margin-bottom: 25px;\n            }\n            #produktsektion-block_8425cbcd431426a3f18da311b1d2a0be .product_photo {\n                height: 250px;\n            }\n            #produktsektion-block_8425cbcd431426a3f18da311b1d2a0be .product_container {\n                max-width: 100%;\n                margin: 0 auto;\n            }\n        }\n    <\/style>\n\n<\/div>","protected":false},"excerpt":{"rendered":"","protected":false},"author":7,"featured_media":0,"parent":0,"menu_order":0,"comment_status":"closed","ping_status":"closed","template":"","meta":{"_acf_changed":false,"footnotes":""},"class_list":["post-3775","page","type-page","status-publish","hentry"],"acf":[],"_links":{"self":[{"href":"https:\/\/b6furniture.dk\/de\/wp-json\/wp\/v2\/pages\/3775","targetHints":{"allow":["GET"]}}],"collection":[{"href":"https:\/\/b6furniture.dk\/de\/wp-json\/wp\/v2\/pages"}],"about":[{"href":"https:\/\/b6furniture.dk\/de\/wp-json\/wp\/v2\/types\/page"}],"author":[{"embeddable":true,"href":"https:\/\/b6furniture.dk\/de\/wp-json\/wp\/v2\/users\/7"}],"replies":[{"embeddable":true,"href":"https:\/\/b6furniture.dk\/de\/wp-json\/wp\/v2\/comments?post=3775"}],"version-history":[{"count":4,"href":"https:\/\/b6furniture.dk\/de\/wp-json\/wp\/v2\/pages\/3775\/revisions"}],"predecessor-version":[{"id":3787,"href":"https:\/\/b6furniture.dk\/de\/wp-json\/wp\/v2\/pages\/3775\/revisions\/3787"}],"wp:attachment":[{"href":"https:\/\/b6furniture.dk\/de\/wp-json\/wp\/v2\/media?parent=3775"}],"curies":[{"name":"wp","href":"https:\/\/api.w.org\/{rel}","templated":true}]}}