{"id":3778,"date":"2022-11-23T11:41:44","date_gmt":"2022-11-23T10:41:44","guid":{"rendered":"https:\/\/b6furniture.dk\/?page_id=3778"},"modified":"2023-02-01T13:16:41","modified_gmt":"2023-02-01T12:16:41","slug":"sitzkissen-mit-loser-fuellung","status":"publish","type":"page","link":"https:\/\/b6furniture.dk\/de\/kissen-mit-loser-fuellung-und-schaumstoffbearbeitung\/sitzkissen-mit-loser-fuellung\/","title":{"rendered":"Sitzkissen"},"content":{"rendered":"\n<div id=\"tekstsektion-block_a661bb58ea17d358cc6ef2953f46d690\" class=\"tekstsektion ct-section-inner-wrap\">\n    \n    <div class=\"tekstsektion_inner\">\n                <h2 class=\"tekstsektion_title\">Sitzkissen mit loser F\u00fcllung<\/h2>\n                        <div class=\"tekstsektion_content\">\n                    <\/div>\n                    <\/div>\n\n    <style type=\"text\/css\">\n        #tekstsektion-block_a661bb58ea17d358cc6ef2953f46d690 {\n            margin: 32px auto;\n            background: #ffffff;\n        }\n\n        #tekstsektion-block_a661bb58ea17d358cc6ef2953f46d690 .tekstsektion_inner {\n            max-width: 80%;\n            margin: 0 auto;\n        }\n\n        #tekstsektion-block_a661bb58ea17d358cc6ef2953f46d690 .tekstsektion_title{\n            color: #1E3956;\n        }\n\n        #tekstsektion-block_a661bb58ea17d358cc6ef2953f46d690 .tekstsektion_content{\n            color: #1E3956;\n        }\n\n        #tekstsektion-block_a661bb58ea17d358cc6ef2953f46d690 .tekstsektion_btn{\n            color: #ffffff;\n            background: #EC8F66;\n        }\n        \n         #tekstsektion-block_a661bb58ea17d358cc6ef2953f46d690 a.tekstsektion_btn {\n            display: inline-block;\n            text-decoration: none !important;\n            padding: 10px 20px;\n            box-shadow: 0px 10px 15px -3px rgb(0 0 0 \/ 10%);\n            transition: all 0.3s ease-in-out;\n            margin-top: 15px;\n        }\n\n         #tekstsektion-block_a661bb58ea17d358cc6ef2953f46d690 a.tekstsektion_btn:hover {\n            box-shadow: 0px 10px 15px -3px rgb(0 0 0 \/ 30%);\n        }\n\n        \/* Mobile View *\/\n        @media only screen and (max-width: 767px) {\n            #tekstsektion-block_a661bb58ea17d358cc6ef2953f46d690 {\n                margin: 32px 15px;\n            }\n            #tekstsektion-block_a661bb58ea17d358cc6ef2953f46d690 .tekstsektion_inner {\n                max-width: 100%;\n            }\n\n        }\n    <\/style>\n\n<\/div>\n\n\n<div id=\"billede-tekstfelt-block_9ea5b8e270740c4dfb2daedd33d6b554\" class=\"billede-tekstfelt ct-section-inner-wrap\">\n    \n    <div class=\"billede_inner\">\n        <div class=\"billede_photo\">\n            <div class=\"photo_inner\">\n                <img decoding=\"async\" src=\"https:\/\/b6furniture.dk\/wp-content\/uploads\/2022\/11\/danicore2.jpg.webp\" alt=\"DaniCore\">\n            <\/div>\n        <\/div>\n        <div class=\"billede_content\">\n            <div class=\"tablecell_content\">\n                                    <h2 class=\"billede_title\">DaniCore<\/h2>\n                                                <div class=\"billede_desc\">\n                    <p><span style=\"font-weight: 400;\">DaniCore besteht aus einem Schaumstoffkern, der von einer losen F\u00fcllung umgeben ist. Das Kissen kann je nach Wunsch umkehrbar oder nicht umkehrbar gestaltet werden.<\/span><\/p>\n<p><span style=\"font-weight: 400;\">Diese Konstruktion wird h\u00e4ufig mit Kanaln\u00e4hten ausgef\u00fchrt. Der Kern kann mit einem Keil an der Vorderkante oder mit zus\u00e4tzlicher Watte versehen werden.<\/span><\/p>\n<p><span style=\"font-weight: 400;\">Das Kissen hat Innenn\u00e4hte mit mindestens 8 Stichen pro 2 cm, wodurch die N\u00e4hte daunen- und federfest sind. Diese Konstruktion ist sowohl f\u00fcr R\u00fccken- als auch f\u00fcr Sitzkissen geeignet.<\/span><\/p>\n<p>&nbsp;<\/p>\n<p><b>Eigenschaften:<\/b><\/p>\n<p><span style=\"font-weight: 400;\">Der Sitzkomfort kann je nach Art des Schaumkerns und der F\u00fcllung variiert werden. Die Konstruktion mit loser F\u00fcllung an der Au\u00dfenseite und Schaumstoff in der Mitte verleiht dem Kissen ein weiches Aussehen, aber einen festen Sitzkomfort. Ein sehr strapazierf\u00e4higes Kissen mit einer langen Lebensdauer - vor allem, wenn es reversibel ist. Wenn Sie einen Keil an die Vorderkante des Kissens kleben, wo es am st\u00e4rksten belastet wird, kann das Kissen schneller in seine Ausgangsform zur\u00fcckkehren und muss nicht mehr abgest\u00fctzt werden.<\/span><\/p>\n                <\/div>\n                            <\/div>\n        <\/div>\n       \n    <\/div>\n\n    <style type=\"text\/css\">\n        #billede-tekstfelt-block_9ea5b8e270740c4dfb2daedd33d6b554 {\n            background: #ffffff;\n            margin: 75px auto;\n        }\n\n        #billede-tekstfelt-block_9ea5b8e270740c4dfb2daedd33d6b554 .billede_title{\n            color: #1E3956;\n        }\n\n        #billede-tekstfelt-block_9ea5b8e270740c4dfb2daedd33d6b554 .billede_desc{\n            color: #000000;\n        }\n\n         #billede-tekstfelt-block_9ea5b8e270740c4dfb2daedd33d6b554 .billede_inner {\n            display: flex;\n            align-items: stretch;\n            justify-content: space-between;\n            flex-wrap: wrap;\n        }\n         #billede-tekstfelt-block_9ea5b8e270740c4dfb2daedd33d6b554 .billede_photo {\n            width: 50%;\n        }\n\n         #billede-tekstfelt-block_9ea5b8e270740c4dfb2daedd33d6b554 .billede_content {\n            width: 45%;\n            display: table;\n        }\n\n         #billede-tekstfelt-block_9ea5b8e270740c4dfb2daedd33d6b554 .tablecell_content {\n            width: 100%;\n            height: 100%;\n            display: table-cell;\n            vertical-align: middle;\n            padding-right: 10%;\n        }\n\n        \/* Mobile View *\/\n        @media only screen and (max-width: 767px) {\n            #billede-tekstfelt-block_9ea5b8e270740c4dfb2daedd33d6b554 .billede_inner {\n                flex-direction: column;\n            }\n            #billede-tekstfelt-block_9ea5b8e270740c4dfb2daedd33d6b554 .billede_photo, #billede-tekstfelt-block_9ea5b8e270740c4dfb2daedd33d6b554 .billede_content {\n                width: 100%;\n            }\n            #billede-tekstfelt-block_9ea5b8e270740c4dfb2daedd33d6b554 .billede_content {\n                padding: 20px;\n            }\n            #billede-tekstfelt-block_9ea5b8e270740c4dfb2daedd33d6b554 {\n                margin: 32px auto;\n            }\n        }\n    <\/style>\n\n<\/div>\n\n\n<p><\/p>\n\n\n\n<div id=\"billede-tekstfelt-block_5ec30c35b4bdda2c7d66f8c284dec432\" class=\"billede-tekstfelt ct-section-inner-wrap\">\n    \n    <div class=\"billede_inner\">\n        <div class=\"billede_photo\">\n            <div class=\"photo_inner\">\n                <img decoding=\"async\" src=\"https:\/\/b6furniture.dk\/wp-content\/uploads\/2022\/11\/danitop2.jpg.webp\" alt=\"DaniTop\">\n            <\/div>\n        <\/div>\n        <div class=\"billede_content\">\n            <div class=\"tablecell_content\">\n                                    <h2 class=\"billede_title\">DaniTop<\/h2>\n                                                <div class=\"billede_desc\">\n                    <p><span style=\"font-weight: 400;\">DaniTop besteht aus einer Polyether- oder Kaltschaumunterlage und einer losen F\u00fcllung. Die Oberseite ist in Rillen gen\u00e4ht, was die M\u00f6glichkeit bietet, den Sitzkomfort des Kissens nach Belieben zu gestalten. Das Kissen hat eine Innennaht mit mindestens 8 Stichen pro 2 cm, was die N\u00e4hte daunen- und federfest macht. Das Kissen wird haupts\u00e4chlich f\u00fcr Sitze verwendet und ist nicht umkehrbar.<\/span><\/p>\n<p>&nbsp;<\/p>\n<p><b>Eigenschaften:<\/b><\/p>\n<p><span style=\"font-weight: 400;\">Die Konstruktion ist perfekt, wenn Sie ein Kissen w\u00fcnschen, das nicht zu weich ist, aber dennoch den \"Look\" hat, den ein Kissen mit loser F\u00fcllung einem Sofa verleiht. Mit Hilfe der F\u00fcllungsvarianten kann das Kissen mit dem gew\u00fcnschten Komfort hergestellt werden.<\/span><\/p>\n<p><span style=\"font-weight: 400;\">Die Kan\u00e4le verhindern, dass die F\u00fcllung \"wandert\", was einen minimalen Wartungsaufwand bedeutet.<\/span><\/p>\n<p><span style=\"font-weight: 400;\">Bei der Herstellung wird umweltfreundlicher Klebstoff ohne L\u00f6sungsmittel verwendet.<\/span><\/p>\n                <\/div>\n                            <\/div>\n        <\/div>\n       \n    <\/div>\n\n    <style type=\"text\/css\">\n        #billede-tekstfelt-block_5ec30c35b4bdda2c7d66f8c284dec432 {\n            background: #ffffff;\n            margin: 75px auto;\n        }\n\n        #billede-tekstfelt-block_5ec30c35b4bdda2c7d66f8c284dec432 .billede_title{\n            color: #1E3956;\n        }\n\n        #billede-tekstfelt-block_5ec30c35b4bdda2c7d66f8c284dec432 .billede_desc{\n            color: #000000;\n        }\n\n         #billede-tekstfelt-block_5ec30c35b4bdda2c7d66f8c284dec432 .billede_inner {\n            display: flex;\n            align-items: stretch;\n            justify-content: space-between;\n            flex-wrap: wrap;\n        }\n         #billede-tekstfelt-block_5ec30c35b4bdda2c7d66f8c284dec432 .billede_photo {\n            width: 50%;\n        }\n\n         #billede-tekstfelt-block_5ec30c35b4bdda2c7d66f8c284dec432 .billede_content {\n            width: 45%;\n            display: table;\n        }\n\n         #billede-tekstfelt-block_5ec30c35b4bdda2c7d66f8c284dec432 .tablecell_content {\n            width: 100%;\n            height: 100%;\n            display: table-cell;\n            vertical-align: middle;\n            padding-right: 10%;\n        }\n\n        \/* Mobile View *\/\n        @media only screen and (max-width: 767px) {\n            #billede-tekstfelt-block_5ec30c35b4bdda2c7d66f8c284dec432 .billede_inner {\n                flex-direction: column;\n            }\n            #billede-tekstfelt-block_5ec30c35b4bdda2c7d66f8c284dec432 .billede_photo, #billede-tekstfelt-block_5ec30c35b4bdda2c7d66f8c284dec432 .billede_content {\n                width: 100%;\n            }\n            #billede-tekstfelt-block_5ec30c35b4bdda2c7d66f8c284dec432 .billede_content {\n                padding: 20px;\n            }\n            #billede-tekstfelt-block_5ec30c35b4bdda2c7d66f8c284dec432 {\n                margin: 32px auto;\n            }\n        }\n    <\/style>\n\n<\/div>","protected":false},"excerpt":{"rendered":"","protected":false},"author":7,"featured_media":0,"parent":3775,"menu_order":0,"comment_status":"closed","ping_status":"closed","template":"","meta":{"_acf_changed":false,"footnotes":""},"class_list":["post-3778","page","type-page","status-publish","hentry"],"acf":[],"_links":{"self":[{"href":"https:\/\/b6furniture.dk\/de\/wp-json\/wp\/v2\/pages\/3778","targetHints":{"allow":["GET"]}}],"collection":[{"href":"https:\/\/b6furniture.dk\/de\/wp-json\/wp\/v2\/pages"}],"about":[{"href":"https:\/\/b6furniture.dk\/de\/wp-json\/wp\/v2\/types\/page"}],"author":[{"embeddable":true,"href":"https:\/\/b6furniture.dk\/de\/wp-json\/wp\/v2\/users\/7"}],"replies":[{"embeddable":true,"href":"https:\/\/b6furniture.dk\/de\/wp-json\/wp\/v2\/comments?post=3778"}],"version-history":[{"count":4,"href":"https:\/\/b6furniture.dk\/de\/wp-json\/wp\/v2\/pages\/3778\/revisions"}],"predecessor-version":[{"id":3812,"href":"https:\/\/b6furniture.dk\/de\/wp-json\/wp\/v2\/pages\/3778\/revisions\/3812"}],"up":[{"embeddable":true,"href":"https:\/\/b6furniture.dk\/de\/wp-json\/wp\/v2\/pages\/3775"}],"wp:attachment":[{"href":"https:\/\/b6furniture.dk\/de\/wp-json\/wp\/v2\/media?parent=3778"}],"curies":[{"name":"wp","href":"https:\/\/api.w.org\/{rel}","templated":true}]}}