{"id":3779,"date":"2022-11-23T11:50:14","date_gmt":"2022-11-23T10:50:14","guid":{"rendered":"https:\/\/b6furniture.dk\/?page_id=3779"},"modified":"2023-02-01T13:16:41","modified_gmt":"2023-02-01T12:16:41","slug":"ruecken-und-armlehnenkissen-mit-loser-fuellung","status":"publish","type":"page","link":"https:\/\/b6furniture.dk\/de\/kissen-mit-loser-fuellung-und-schaumstoffbearbeitung\/ruecken-und-armlehnenkissen-mit-loser-fuellung\/","title":{"rendered":"R\u00fccken- und armlehnenkissen"},"content":{"rendered":"\n<div id=\"tekstsektion-block_aa666b0771fb9ddb5a03fd82333c5883\" class=\"tekstsektion ct-section-inner-wrap\">\n    \n    <div class=\"tekstsektion_inner\">\n                <h2 class=\"tekstsektion_title\">R\u00fccken- und Armlehnenkissen mit loser F\u00fcllung<\/h2>\n                        <div class=\"tekstsektion_content\">\n                    <\/div>\n                    <\/div>\n\n    <style type=\"text\/css\">\n        #tekstsektion-block_aa666b0771fb9ddb5a03fd82333c5883 {\n            margin: 32px auto;\n            background: #ffffff;\n        }\n\n        #tekstsektion-block_aa666b0771fb9ddb5a03fd82333c5883 .tekstsektion_inner {\n            max-width: 80%;\n            margin: 0 auto;\n        }\n\n        #tekstsektion-block_aa666b0771fb9ddb5a03fd82333c5883 .tekstsektion_title{\n            color: #1E3956;\n        }\n\n        #tekstsektion-block_aa666b0771fb9ddb5a03fd82333c5883 .tekstsektion_content{\n            color: #1E3956;\n        }\n\n        #tekstsektion-block_aa666b0771fb9ddb5a03fd82333c5883 .tekstsektion_btn{\n            color: #ffffff;\n            background: #EC8F66;\n        }\n        \n         #tekstsektion-block_aa666b0771fb9ddb5a03fd82333c5883 a.tekstsektion_btn {\n            display: inline-block;\n            text-decoration: none !important;\n            padding: 10px 20px;\n            box-shadow: 0px 10px 15px -3px rgb(0 0 0 \/ 10%);\n            transition: all 0.3s ease-in-out;\n            margin-top: 15px;\n        }\n\n         #tekstsektion-block_aa666b0771fb9ddb5a03fd82333c5883 a.tekstsektion_btn:hover {\n            box-shadow: 0px 10px 15px -3px rgb(0 0 0 \/ 30%);\n        }\n\n        \/* Mobile View *\/\n        @media only screen and (max-width: 767px) {\n            #tekstsektion-block_aa666b0771fb9ddb5a03fd82333c5883 {\n                margin: 32px 15px;\n            }\n            #tekstsektion-block_aa666b0771fb9ddb5a03fd82333c5883 .tekstsektion_inner {\n                max-width: 100%;\n            }\n\n        }\n    <\/style>\n\n<\/div>\n\n\n<div id=\"billede-tekstfelt-block_4da39c98ee7afdbcd20e33c544b098d4\" class=\"billede-tekstfelt ct-section-inner-wrap\">\n    \n    <div class=\"billede_inner\">\n        <div class=\"billede_photo\">\n            <div class=\"photo_inner\">\n                <img decoding=\"async\" src=\"https:\/\/b6furniture.dk\/wp-content\/uploads\/2022\/11\/daniline.jpg\" alt=\"DaniLine\">\n            <\/div>\n        <\/div>\n        <div class=\"billede_content\">\n            <div class=\"tablecell_content\">\n                                    <h2 class=\"billede_title\">DaniLine<\/h2>\n                                                <div class=\"billede_desc\">\n                    <p><span style=\"font-weight: 400;\">DaniLine ist die am weitesten verbreitete Konstruktion f\u00fcr Kissen mit loser F\u00fcllung. Das Kissen wird in der gew\u00fcnschten Anzahl von Kan\u00e4len aufgebaut. Die H\u00e4rte\/Weichheit wird durch die Art der F\u00fcllung und die Menge der F\u00fcllung bestimmt.<\/span><\/p>\n<p><span style=\"font-weight: 400;\">Das Kissen hat eine Innennaht mit mindestens 8 Stichen pro 2 cm, wodurch die Naht daunen- und federdicht ist.<\/span><\/p>\n<p><span style=\"font-weight: 400;\">Diese Konstruktion ist f\u00fcr R\u00fccken-, Arm- und Sitzkissen geeignet.<\/span><\/p>\n<p>&nbsp;<\/p>\n<p><b>Eigenschaften:<\/b><\/p>\n<p><span style=\"font-weight: 400;\">Das Kissen l\u00e4sst sich leicht nach Belieben formen. Das R\u00fcckenkissen kann zum Beispiel mit einer zus\u00e4tzlichen F\u00fcllung im unteren Kanal versehen werden, um die Lendenwirbels\u00e4ule optimal zu st\u00fctzen. Der Komfort des Kissens variiert je nach Art und Menge der gew\u00e4hlten F\u00fcllung. Die Kan\u00e4le halten die F\u00fcllung an Ort und Stelle, so dass sie nicht abgest\u00fctzt werden m\u00fcssen.<\/span><\/p>\n                <\/div>\n                            <\/div>\n        <\/div>\n       \n    <\/div>\n\n    <style type=\"text\/css\">\n        #billede-tekstfelt-block_4da39c98ee7afdbcd20e33c544b098d4 {\n            background: #ffffff;\n            margin: 75px auto;\n        }\n\n        #billede-tekstfelt-block_4da39c98ee7afdbcd20e33c544b098d4 .billede_title{\n            color: #1E3956;\n        }\n\n        #billede-tekstfelt-block_4da39c98ee7afdbcd20e33c544b098d4 .billede_desc{\n            color: #000000;\n        }\n\n         #billede-tekstfelt-block_4da39c98ee7afdbcd20e33c544b098d4 .billede_inner {\n            display: flex;\n            align-items: stretch;\n            justify-content: space-between;\n            flex-wrap: wrap;\n        }\n         #billede-tekstfelt-block_4da39c98ee7afdbcd20e33c544b098d4 .billede_photo {\n            width: 50%;\n        }\n\n         #billede-tekstfelt-block_4da39c98ee7afdbcd20e33c544b098d4 .billede_content {\n            width: 45%;\n            display: table;\n        }\n\n         #billede-tekstfelt-block_4da39c98ee7afdbcd20e33c544b098d4 .tablecell_content {\n            width: 100%;\n            height: 100%;\n            display: table-cell;\n            vertical-align: middle;\n            padding-right: 10%;\n        }\n\n        \/* Mobile View *\/\n        @media only screen and (max-width: 767px) {\n            #billede-tekstfelt-block_4da39c98ee7afdbcd20e33c544b098d4 .billede_inner {\n                flex-direction: column;\n            }\n            #billede-tekstfelt-block_4da39c98ee7afdbcd20e33c544b098d4 .billede_photo, #billede-tekstfelt-block_4da39c98ee7afdbcd20e33c544b098d4 .billede_content {\n                width: 100%;\n            }\n            #billede-tekstfelt-block_4da39c98ee7afdbcd20e33c544b098d4 .billede_content {\n                padding: 20px;\n            }\n            #billede-tekstfelt-block_4da39c98ee7afdbcd20e33c544b098d4 {\n                margin: 32px auto;\n            }\n        }\n    <\/style>\n\n<\/div>\n\n\n<div id=\"billede-tekstfelt-block_46fc7dbfdecde48014ea9bc2d7a74c4e\" class=\"billede-tekstfelt ct-section-inner-wrap\">\n    \n    <div class=\"billede_inner\">\n        <div class=\"billede_photo\">\n            <div class=\"photo_inner\">\n                <img decoding=\"async\" src=\"https:\/\/b6furniture.dk\/wp-content\/uploads\/2022\/11\/danibox.jpg\" alt=\"DaniBox\">\n            <\/div>\n        <\/div>\n        <div class=\"billede_content\">\n            <div class=\"tablecell_content\">\n                                    <h2 class=\"billede_title\">DaniBox<\/h2>\n                                                <div class=\"billede_desc\">\n                    <p><span style=\"font-weight: 400;\">Das Kissen wird in der gew\u00fcnschten Anzahl von Quadraten aufgebaut.<\/span><\/p>\n<p><span style=\"font-weight: 400;\">Gr\u00f6\u00dfere R\u00fcckenkissen k\u00f6nnen mit 9 oder 12 Quadraten hergestellt werden, damit die F\u00fcllung so wenig wie m\u00f6glich \"wandert\".<\/span><\/p>\n<p><span style=\"font-weight: 400;\">Die H\u00e4rte\/Weichheit wird durch die Wahl des F\u00fcllstoffs und die Menge bestimmt.<\/span><\/p>\n<p><span style=\"font-weight: 400;\">Das Kissen hat eine Innennaht mit mindestens 8 Stichen pro 2 cm, wodurch die Naht daunen- und federdicht ist. Diese Konstruktion eignet sich vor allem f\u00fcr R\u00fccken- und Armkissen und insbesondere f\u00fcr die gr\u00f6\u00dferen R\u00fcckenkissen.<\/span><\/p>\n<p>&nbsp;<\/p>\n<p><b>Eigenschaften:<\/b><\/p>\n<p><span style=\"font-weight: 400;\">Das Kissen l\u00e4sst sich leicht nach Belieben formen. Das R\u00fcckenkissen kann beispielsweise mit einer zus\u00e4tzlichen F\u00fcllung in den unteren Kan\u00e4len versehen werden, um die Lendenwirbels\u00e4ule optimal zu st\u00fctzen. Der Komfort des Kissens variiert je nach Art und Menge der gew\u00e4hlten F\u00fcllung. Die Quadrate halten die F\u00fcllung an Ort und Stelle, so dass sie sich nicht ungleichm\u00e4\u00dfig auf dem Kissen bewegen kann, was den Bedarf an Abst\u00fctzung minimiert.<\/span><\/p>\n                <\/div>\n                            <\/div>\n        <\/div>\n       \n    <\/div>\n\n    <style type=\"text\/css\">\n        #billede-tekstfelt-block_46fc7dbfdecde48014ea9bc2d7a74c4e {\n            background: #ffffff;\n            margin: 75px auto;\n        }\n\n        #billede-tekstfelt-block_46fc7dbfdecde48014ea9bc2d7a74c4e .billede_title{\n            color: #1E3956;\n        }\n\n        #billede-tekstfelt-block_46fc7dbfdecde48014ea9bc2d7a74c4e .billede_desc{\n            color: #000000;\n        }\n\n         #billede-tekstfelt-block_46fc7dbfdecde48014ea9bc2d7a74c4e .billede_inner {\n            display: flex;\n            align-items: stretch;\n            justify-content: space-between;\n            flex-wrap: wrap;\n        }\n         #billede-tekstfelt-block_46fc7dbfdecde48014ea9bc2d7a74c4e .billede_photo {\n            width: 50%;\n        }\n\n         #billede-tekstfelt-block_46fc7dbfdecde48014ea9bc2d7a74c4e .billede_content {\n            width: 45%;\n            display: table;\n        }\n\n         #billede-tekstfelt-block_46fc7dbfdecde48014ea9bc2d7a74c4e .tablecell_content {\n            width: 100%;\n            height: 100%;\n            display: table-cell;\n            vertical-align: middle;\n            padding-right: 10%;\n        }\n\n        \/* Mobile View *\/\n        @media only screen and (max-width: 767px) {\n            #billede-tekstfelt-block_46fc7dbfdecde48014ea9bc2d7a74c4e .billede_inner {\n                flex-direction: column;\n            }\n            #billede-tekstfelt-block_46fc7dbfdecde48014ea9bc2d7a74c4e .billede_photo, #billede-tekstfelt-block_46fc7dbfdecde48014ea9bc2d7a74c4e .billede_content {\n                width: 100%;\n            }\n            #billede-tekstfelt-block_46fc7dbfdecde48014ea9bc2d7a74c4e .billede_content {\n                padding: 20px;\n            }\n            #billede-tekstfelt-block_46fc7dbfdecde48014ea9bc2d7a74c4e {\n                margin: 32px auto;\n            }\n        }\n    <\/style>\n\n<\/div>","protected":false},"excerpt":{"rendered":"","protected":false},"author":7,"featured_media":0,"parent":3775,"menu_order":2,"comment_status":"closed","ping_status":"closed","template":"","meta":{"_acf_changed":false,"footnotes":""},"class_list":["post-3779","page","type-page","status-publish","hentry"],"acf":[],"_links":{"self":[{"href":"https:\/\/b6furniture.dk\/de\/wp-json\/wp\/v2\/pages\/3779","targetHints":{"allow":["GET"]}}],"collection":[{"href":"https:\/\/b6furniture.dk\/de\/wp-json\/wp\/v2\/pages"}],"about":[{"href":"https:\/\/b6furniture.dk\/de\/wp-json\/wp\/v2\/types\/page"}],"author":[{"embeddable":true,"href":"https:\/\/b6furniture.dk\/de\/wp-json\/wp\/v2\/users\/7"}],"replies":[{"embeddable":true,"href":"https:\/\/b6furniture.dk\/de\/wp-json\/wp\/v2\/comments?post=3779"}],"version-history":[{"count":4,"href":"https:\/\/b6furniture.dk\/de\/wp-json\/wp\/v2\/pages\/3779\/revisions"}],"predecessor-version":[{"id":3813,"href":"https:\/\/b6furniture.dk\/de\/wp-json\/wp\/v2\/pages\/3779\/revisions\/3813"}],"up":[{"embeddable":true,"href":"https:\/\/b6furniture.dk\/de\/wp-json\/wp\/v2\/pages\/3775"}],"wp:attachment":[{"href":"https:\/\/b6furniture.dk\/de\/wp-json\/wp\/v2\/media?parent=3779"}],"curies":[{"name":"wp","href":"https:\/\/api.w.org\/{rel}","templated":true}]}}