{"id":3780,"date":"2022-11-23T11:57:27","date_gmt":"2022-11-23T10:57:27","guid":{"rendered":"https:\/\/b6furniture.dk\/?page_id=3780"},"modified":"2023-02-01T13:16:41","modified_gmt":"2023-02-01T12:16:41","slug":"komponenten-fuer-die-befuellung","status":"publish","type":"page","link":"https:\/\/b6furniture.dk\/de\/kissen-mit-loser-fuellung-und-schaumstoffbearbeitung\/komponenten-fuer-die-befuellung\/","title":{"rendered":"Komponenten"},"content":{"rendered":"\n<div id=\"tekstsektion-block_242f021d6bd482668bc4c691e39d7c0b\" class=\"tekstsektion ct-section-inner-wrap\">\n    \n    <div class=\"tekstsektion_inner\">\n                <h2 class=\"tekstsektion_title\">Komponenten f\u00fcr die Bef\u00fcllung <\/h2>\n                        <div class=\"tekstsektion_content\">\n                    <\/div>\n                    <\/div>\n\n    <style type=\"text\/css\">\n        #tekstsektion-block_242f021d6bd482668bc4c691e39d7c0b {\n            margin: 32px auto;\n            background: #ffffff;\n        }\n\n        #tekstsektion-block_242f021d6bd482668bc4c691e39d7c0b .tekstsektion_inner {\n            max-width: 80%;\n            margin: 0 auto;\n        }\n\n        #tekstsektion-block_242f021d6bd482668bc4c691e39d7c0b .tekstsektion_title{\n            color: #1E3956;\n        }\n\n        #tekstsektion-block_242f021d6bd482668bc4c691e39d7c0b .tekstsektion_content{\n            color: #1E3956;\n        }\n\n        #tekstsektion-block_242f021d6bd482668bc4c691e39d7c0b .tekstsektion_btn{\n            color: #ffffff;\n            background: #EC8F66;\n        }\n        \n         #tekstsektion-block_242f021d6bd482668bc4c691e39d7c0b a.tekstsektion_btn {\n            display: inline-block;\n            text-decoration: none !important;\n            padding: 10px 20px;\n            box-shadow: 0px 10px 15px -3px rgb(0 0 0 \/ 10%);\n            transition: all 0.3s ease-in-out;\n            margin-top: 15px;\n        }\n\n         #tekstsektion-block_242f021d6bd482668bc4c691e39d7c0b a.tekstsektion_btn:hover {\n            box-shadow: 0px 10px 15px -3px rgb(0 0 0 \/ 30%);\n        }\n\n        \/* Mobile View *\/\n        @media only screen and (max-width: 767px) {\n            #tekstsektion-block_242f021d6bd482668bc4c691e39d7c0b {\n                margin: 32px 15px;\n            }\n            #tekstsektion-block_242f021d6bd482668bc4c691e39d7c0b .tekstsektion_inner {\n                max-width: 100%;\n            }\n\n        }\n    <\/style>\n\n<\/div>\n\n\n<div id=\"produktudvalg-block_670d4ac19fdcd985d3239508383db5cf\" class=\"produktudvalg ct-section-inner-wrap\">\n\n    <div class=\"product_container\">\n        <div class=\"product_container_items\">\n                                <div class=\"product_item\">\n                        <div class=\"product_photo\">\n                            <img decoding=\"async\" src=\"https:\/\/b6furniture.dk\/wp-content\/uploads\/2022\/11\/Sofuglefjer.png\" alt=\"Seevogelfedern \">\n                        <\/div>\n\t\t\t\t\t\t                        <div class=\"product_content\">\n                                                        <h3 class=\"product_title\">Seevogelfedern <\/h3>\n                                                                                        <div class=\"product_desc\"><p><span style=\"font-weight: 400;\">Die gebogenen Federn des Seevogels sind Teil der F\u00fcllung und ergeben ein sehr pralles und luftiges Kopfkissen. Ein Kissen mit Seevogelfedern bleibt viele Jahre lang volumin\u00f6s, wenn man es einfach regelm\u00e4\u00dfig auflockert.<\/span><span style=\"font-weight: 400;\"><br \/>\n<\/span><\/p>\n<p><span style=\"font-weight: 400;\">Die Federn werden nach Tragf\u00e4higkeit und Feinheit sortiert, von denen wir nur die beste Qualit\u00e4t verwenden. Die Federn werden von einem westeurop\u00e4ischen Lieferanten geliefert. Dadurch wird eine hohe Qualit\u00e4t gew\u00e4hrleistet und sichergestellt, dass die Tiere f\u00fcr die Verwendung als Lebensmittel geschlachtet werden.<\/span><span style=\"font-weight: 400;\"><br \/>\n<\/span><\/p>\n<p><span style=\"font-weight: 400;\">Jede Lieferung wird in unserem eigenen Labor mit unserer eigenen Pr\u00fcfmethode getestet, um sicherzustellen, dass die Federn sowohl im unbelasteten als auch im belasteten Zustand das richtige Volumen haben. Die Federn sind gewaschen und nach den deutschen RAL-Vorschriften behandelt.<\/span><\/p>\n<\/div>\n                                                                                <\/div>\n\t\t\t\t\t\t                    <\/div>\n                                <div class=\"product_item\">\n                        <div class=\"product_photo\">\n                            <img decoding=\"async\" src=\"https:\/\/b6furniture.dk\/wp-content\/uploads\/2022\/11\/Softfill-staplefiber.png\" alt=\"Faser | Softfill Stapelfaser\">\n                        <\/div>\n\t\t\t\t\t\t                        <div class=\"product_content\">\n                                                        <h3 class=\"product_title\">Faser | Softfill Stapelfaser<\/h3>\n                                                                                        <div class=\"product_desc\"><p><span style=\"font-weight: 400;\">Stapelfasern sind Fasern in \"Str\u00e4ngen\", die ungeb\u00fcndelt geliefert werden, um das gr\u00f6\u00dftm\u00f6gliche Volumen zu erhalten. Im Vergleich zu Kugellfasern haben Stapelfasern nicht ganz die gleiche Wiederherstellung.<\/span><\/p>\n<p><span style=\"font-weight: 400;\">Softfill-Stapelfaser kann feuerhemmend geliefert werden.<\/span><\/p>\n<\/div>\n                                                                                <\/div>\n\t\t\t\t\t\t                    <\/div>\n                                <div class=\"product_item\">\n                        <div class=\"product_photo\">\n                            <img decoding=\"async\" src=\"https:\/\/b6furniture.dk\/wp-content\/uploads\/2022\/11\/Softball-kuglefiber.png\" alt=\"Fasern | Softball-Kugelfaser\">\n                        <\/div>\n\t\t\t\t\t\t                        <div class=\"product_content\">\n                                                        <h3 class=\"product_title\">Fasern | Softball-Kugelfaser<\/h3>\n                                                                                        <div class=\"product_desc\"><p><span style=\"font-weight: 400;\">Kugelfasern bestehen aus miteinander verbundenen koh\u00e4renten Faserkugeln, die aus kardierten Stapelfasern hergestellt werden. Kugelfasern richten sich schneller auf als Stapelfasern und k\u00f6nnen gr\u00f6\u00dferen Belastungen standhalten. Tests zeigen, dass die Formungsgeschwindigkeit bei Spinnfasern deutlich geringer ist als bei Stapelfasern.<\/span><\/p>\n<\/div>\n                                                                                <\/div>\n\t\t\t\t\t\t                    <\/div>\n                    <\/div>\n    <\/div>\n    <style type=\"text\/css\">\n        #produktudvalg-block_670d4ac19fdcd985d3239508383db5cf {\n            margin: 32px auto;\n        }\n\n        #produktudvalg-block_670d4ac19fdcd985d3239508383db5cf .product_container {\n            max-width: 80%;\n            margin: 0 auto;\n        }\n\n        #produktudvalg-block_670d4ac19fdcd985d3239508383db5cf .product_title{\n            color: #FFFFFF;\n            background-color: #1E3956;\n        }\n\n        #produktudvalg-block_670d4ac19fdcd985d3239508383db5cf .product_container_items {\n            display: flex;\n            align-items: stretch;\n            justify-content: space-between;\n            flex-wrap: wrap;\n        }\n\n        #produktudvalg-block_670d4ac19fdcd985d3239508383db5cf .product_item {\n            width: 32%;\n            text-align: left;\n            box-sizing: border-box;\n        }\n                #produktudvalg-block_670d4ac19fdcd985d3239508383db5cf .product_photo {\n            height: 350px;\n            width: 100%;\n            padding: 10px 20px 0;\n        }\n\n        #produktudvalg-block_670d4ac19fdcd985d3239508383db5cf .product_content {\n            padding: 25px;\n            position: relative;\n            display: flex;\n            flex-direction: column;\n            align-items: flex-start;\n        }\n\n        #produktudvalg-block_670d4ac19fdcd985d3239508383db5cf .product_title {\n            \/* position: absolute;\n            top: -15px;\n            left: 6px; \n            margin: 0;*\/\n            margin-top: -45px;\n            margin-left: -16px;\n            padding: 8px 16px;\n        }\n        \n        #produktudvalg-block_670d4ac19fdcd985d3239508383db5cf .product_desc {\n            \/* margin-top: 20px; *\/\n            color: #1E3956;\n        }\n        \n        #produktudvalg-block_670d4ac19fdcd985d3239508383db5cf .feature_item {\n            color: #1E3956;\n        }\n\n        #produktudvalg-block_670d4ac19fdcd985d3239508383db5cf .product_photo img {\n            width: 100%;\n            height: 100%;\n            object-fit: cover;\n        }\n\n        \/* Table View *\/\n        @media only screen and (min-width: 768px) and (max-width: 991px) {\n            #produktudvalg-block_670d4ac19fdcd985d3239508383db5cf .product_photo {\n                height: 300px;\n            }\n            \n            #produktudvalg-block_670d4ac19fdcd985d3239508383db5cf .product_item {\n            width: 50%;\n            }\n        }\n\n        \/* Mobile View *\/\n        @media only screen and (max-width: 767px) {\n            #produktudvalg-block_670d4ac19fdcd985d3239508383db5cf  {\n                margin: 32px 15px;\n            }\n\n            #produktudvalg-block_670d4ac19fdcd985d3239508383db5cf .product_container {\n                max-width: 100%;\n            }\n\n            #produktudvalg-block_670d4ac19fdcd985d3239508383db5cf .section_title{\n                margin-bottom: 30px;\n            }\n\n            #produktudvalg-block_670d4ac19fdcd985d3239508383db5cf .product_container_items {\n                flex-direction: column;\n            }\n\n            #produktudvalg-block_670d4ac19fdcd985d3239508383db5cf .product_item {\n                width: 100%;\n                margin-bottom: 25px;\n            }\n            #produktudvalg-block_670d4ac19fdcd985d3239508383db5cf .product_photo {\n                height: 250px;\n            }\n        }\n    <\/style>\n\n<\/div>\n\n\n<div id=\"billedekarrussel-inkl-block_0bf3a272a0f40306d416acd27228be79\" class=\"billedekarrussel-inkl ct-section-inner-wrap\">\n    \n    <div class=\"billede_inner\">\n        <div class=\"billede_content\">\n            <div class=\"tablecell_content\">\n                <div class=\"gallery_max_photo\">\n                                            <div class=\"gallery_photo_wrapper\">\n                            <img decoding=\"async\" class=\"gallery_max_item\" src=\"https:\/\/b6furniture.dk\/wp-content\/uploads\/2021\/12\/Skum-granulat.png\" alt=\"Schaumstoff\">\n                        <\/div>\n                                    <\/div>\n                <div class=\"gallery_thumbnail\">\n                                                                <div class=\"gallery_thumbnail_item\">\n                            <img decoding=\"async\" class=\"gallery_item\" src=\"https:\/\/b6furniture.dk\/wp-content\/uploads\/2021\/12\/Skum-granulat.png\" alt=\"Schaumstoff\" \/>\n                        <\/div>\n                                            <div class=\"gallery_thumbnail_item\">\n                            <img decoding=\"async\" class=\"gallery_item\" src=\"https:\/\/b6furniture.dk\/wp-content\/uploads\/2021\/12\/Skum-spaghetti.png\" alt=\"Schaumstoff\" \/>\n                        <\/div>\n                                                        <\/div>\n            <\/div>\n        <\/div>\n        <div class=\"billede_right\">\n            <div class=\"right_content\">\n                                <h2 class=\"tekstsektion_title\">Schaumstoff<\/h2>\n                                                    <div class=\"tekstsektion_content\">\n                        <p><span style=\"font-weight: 400;\">Schaumstoff kann als F\u00fcllstoff allein oder in Mischungen mit Federn und\/oder Fasern verwendet werden. Die Zugabe anderer F\u00fcllstoffe in Mischungen mit Schaumstoff verhindert, dass die F\u00fcllstoffe \"zusammenklumpen\".<\/span><\/p>\n<p><span style=\"font-weight: 400;\">Federn und Fasern k\u00f6nnen hinzugef\u00fcgt werden, um die Beweglichkeit der F\u00fcllung im Kissen zu erh\u00f6hen, wodurch sich das Kissen auch leichter aufblasen l\u00e4sst. Schaumstoff als F\u00fcllung besteht aus verschiedenen Qualit\u00e4ten, die in so kleine St\u00fccke geschnitten werden, dass die Oberfl\u00e4che des Kissens gleichm\u00e4\u00dfig bleibt.<\/span><\/p>\n<p>&nbsp;<\/p>\n<p><b>Schaumstoff als F\u00fcllstoff ist in verschiedenen Qualit\u00e4ten erh\u00e4ltlich:<\/b><\/p>\n<ul>\n<li style=\"font-weight: 400;\" aria-level=\"1\"><span style=\"font-weight: 400;\">Granulat (geriebener Schaum)<\/span><\/li>\n<li style=\"font-weight: 400;\" aria-level=\"1\"><span style=\"font-weight: 400;\">Spaghetti (in kleine Streifen geschnitten)<\/span><\/li>\n<li style=\"font-weight: 400;\" aria-level=\"1\"><span style=\"font-weight: 400;\">St\u00e4bchen (in kleine \"Rauten\"-St\u00fccke geschnitten)<\/span><\/li>\n<\/ul>\n<p><span style=\"font-weight: 400;\">Der bei B6 A\/S verwendete Schaumstoff wird von anerkannten Lieferanten geliefert und in \u00dcbereinstimmung mit den geltenden Umweltvorschriften hergestellt. Der Schaumstoff wird mit einem Pr\u00fcfbericht geliefert, damit wir die Qualit\u00e4t und die Einhaltung der Toleranzen \u00fcberpr\u00fcfen k\u00f6nnen.<\/span><\/p>\n                    <\/div>\n                            <\/div>\n        <\/div>\n    <\/div>\n\n    <style type=\"text\/css\">\n        #billedekarrussel-inkl-block_0bf3a272a0f40306d416acd27228be79 {\n            margin: 0px auto;\n        }\n\n        #billedekarrussel-inkl-block_0bf3a272a0f40306d416acd27228be79 .billede_inner{\n            max-width: 80%;\n            margin: 0 auto;\n        }\n\n        #billedekarrussel-inkl-block_0bf3a272a0f40306d416acd27228be79 .tekstsektion_title{\n            color: #1E3956;\n        }\n\n        #billedekarrussel-inkl-block_0bf3a272a0f40306d416acd27228be79 .tekstsektion_content{\n            color: #1E3956;\n        }\n\n        #billedekarrussel-inkl-block_0bf3a272a0f40306d416acd27228be79 .tekstsektion_btn{\n            color: ;\n            background: ;\n        }\n\n         #billedekarrussel-inkl-block_0bf3a272a0f40306d416acd27228be79 .billede_inner {\n            display: flex;\n            align-items: flex-start;\n            justify-content: space-between;\n            flex-wrap: wrap;\n        }\n        #billedekarrussel-inkl-block_0bf3a272a0f40306d416acd27228be79 .billede_right,  #billedekarrussel-inkl-block_0bf3a272a0f40306d416acd27228be79 .billede_content {\n            width: 48%;\n            box-sizing: border-box;\n        }\n        \n        #billedekarrussel-inkl-block_0bf3a272a0f40306d416acd27228be79 .gallery_max_item {\n            width: 100%;\n        }\n\n        #billedekarrussel-inkl-block_0bf3a272a0f40306d416acd27228be79 .gallery_thumbnail {\n            display: flex;\n            align-items: center;\n            margin-top: 20px;\n        }\n\n        #billedekarrussel-inkl-block_0bf3a272a0f40306d416acd27228be79 .gallery_thumbnail_item {\n            width: 100%;\n            margin: 0 5px;\n            cursor: pointer;\n        }\n\n        #billedekarrussel-inkl-block_0bf3a272a0f40306d416acd27228be79 .gallery_thumbnail .gallery_thumbnail_item:first-child {\n            margin-left: 0;\n        }\n\n        #billedekarrussel-inkl-block_0bf3a272a0f40306d416acd27228be79 .gallery_thumbnail .gallery_thumbnail_item:last-child  {\n            margin-right: 0;\n        }\n\n        \/* Mobile View *\/\n        @media only screen and (max-width: 767px) {\n            #billedekarrussel-inkl-block_0bf3a272a0f40306d416acd27228be79 {\n                margin: 0px auto;\n            }\n\n            #billedekarrussel-inkl-block_0bf3a272a0f40306d416acd27228be79 .billede_inner{\n                max-width: 100%;\n            }\n\n            #billedekarrussel-inkl-block_0bf3a272a0f40306d416acd27228be79 .billede_inner {\n                flex-direction: column;\n            }\n            #billedekarrussel-inkl-block_0bf3a272a0f40306d416acd27228be79 .billede_right, #billedekarrussel-inkl-block_0bf3a272a0f40306d416acd27228be79 .billede_content {\n                width: 100%;\n            }\n            #billedekarrussel-inkl-block_0bf3a272a0f40306d416acd27228be79 .billede_content, #billedekarrussel-inkl-block_0bf3a272a0f40306d416acd27228be79 .billede_right {\n                padding: 0 15px;\n            }\n            \n        }\n    <\/style>\n<\/div>\n\n\n\n<div id=\"billede-tekstfelt-block_dec6485b9e1b68760030ee5cba122a9a\" class=\"billede-tekstfelt ct-section-inner-wrap\">\n    \n    <div class=\"billede_inner\">\n        <div class=\"billede_photo\">\n            <div class=\"photo_inner\">\n                <img decoding=\"async\" src=\"https:\/\/b6furniture.dk\/wp-content\/uploads\/2022\/11\/Latex.png\" alt=\"Latex\">\n            <\/div>\n        <\/div>\n        <div class=\"billede_content\">\n            <div class=\"tablecell_content\">\n                                    <h2 class=\"billede_title\">Latex<\/h2>\n                                                <div class=\"billede_desc\">\n                    <p><span style=\"font-weight: 400;\">Latex ist eine schwere und elastische Art von Schaumstoff. Als F\u00fcllmaterial sorgt Latex f\u00fcr eher schwere und feste Kissen, die gleichzeitig weich und \"lebendig\" sind.<\/span><\/p>\n<p><span style=\"font-weight: 400;\">Als Bestandteil von Mischungen mit z. B. Seevogelfedern oder silikonisierten Fasern bietet Latex einen hervorragenden Sitzkomfort.<\/span><\/p>\n<p><span style=\"font-weight: 400;\">B6 verwendet ausschlie\u00dflich Talalay-Latex, der ein sehr gleichm\u00e4\u00dfiges und hochwertiges Kissen ergibt.<\/span><\/p>\n                <\/div>\n                            <\/div>\n        <\/div>\n       \n    <\/div>\n\n    <style type=\"text\/css\">\n        #billede-tekstfelt-block_dec6485b9e1b68760030ee5cba122a9a {\n            background: #ffffff;\n            margin: 75px auto;\n        }\n\n        #billede-tekstfelt-block_dec6485b9e1b68760030ee5cba122a9a .billede_title{\n            color: #1E3956;\n        }\n\n        #billede-tekstfelt-block_dec6485b9e1b68760030ee5cba122a9a .billede_desc{\n            color: #000000;\n        }\n\n         #billede-tekstfelt-block_dec6485b9e1b68760030ee5cba122a9a .billede_inner {\n            display: flex;\n            align-items: stretch;\n            justify-content: space-between;\n            flex-wrap: wrap;\n        }\n         #billede-tekstfelt-block_dec6485b9e1b68760030ee5cba122a9a .billede_photo {\n            width: 50%;\n        }\n\n         #billede-tekstfelt-block_dec6485b9e1b68760030ee5cba122a9a .billede_content {\n            width: 45%;\n            display: table;\n        }\n\n         #billede-tekstfelt-block_dec6485b9e1b68760030ee5cba122a9a .tablecell_content {\n            width: 100%;\n            height: 100%;\n            display: table-cell;\n            vertical-align: middle;\n            padding-right: 10%;\n        }\n\n        \/* Mobile View *\/\n        @media only screen and (max-width: 767px) {\n            #billede-tekstfelt-block_dec6485b9e1b68760030ee5cba122a9a .billede_inner {\n                flex-direction: column;\n            }\n            #billede-tekstfelt-block_dec6485b9e1b68760030ee5cba122a9a .billede_photo, #billede-tekstfelt-block_dec6485b9e1b68760030ee5cba122a9a .billede_content {\n                width: 100%;\n            }\n            #billede-tekstfelt-block_dec6485b9e1b68760030ee5cba122a9a .billede_content {\n                padding: 20px;\n            }\n            #billede-tekstfelt-block_dec6485b9e1b68760030ee5cba122a9a {\n                margin: 32px auto;\n            }\n        }\n    <\/style>\n\n<\/div>","protected":false},"excerpt":{"rendered":"","protected":false},"author":7,"featured_media":0,"parent":3775,"menu_order":3,"comment_status":"closed","ping_status":"closed","template":"","meta":{"_acf_changed":false,"footnotes":""},"class_list":["post-3780","page","type-page","status-publish","hentry"],"acf":[],"_links":{"self":[{"href":"https:\/\/b6furniture.dk\/de\/wp-json\/wp\/v2\/pages\/3780","targetHints":{"allow":["GET"]}}],"collection":[{"href":"https:\/\/b6furniture.dk\/de\/wp-json\/wp\/v2\/pages"}],"about":[{"href":"https:\/\/b6furniture.dk\/de\/wp-json\/wp\/v2\/types\/page"}],"author":[{"embeddable":true,"href":"https:\/\/b6furniture.dk\/de\/wp-json\/wp\/v2\/users\/7"}],"replies":[{"embeddable":true,"href":"https:\/\/b6furniture.dk\/de\/wp-json\/wp\/v2\/comments?post=3780"}],"version-history":[{"count":4,"href":"https:\/\/b6furniture.dk\/de\/wp-json\/wp\/v2\/pages\/3780\/revisions"}],"predecessor-version":[{"id":3814,"href":"https:\/\/b6furniture.dk\/de\/wp-json\/wp\/v2\/pages\/3780\/revisions\/3814"}],"up":[{"embeddable":true,"href":"https:\/\/b6furniture.dk\/de\/wp-json\/wp\/v2\/pages\/3775"}],"wp:attachment":[{"href":"https:\/\/b6furniture.dk\/de\/wp-json\/wp\/v2\/media?parent=3780"}],"curies":[{"name":"wp","href":"https:\/\/api.w.org\/{rel}","templated":true}]}}