{"id":3781,"date":"2022-11-23T13:06:40","date_gmt":"2022-11-23T12:06:40","guid":{"rendered":"https:\/\/b6furniture.dk\/?page_id=3781"},"modified":"2023-02-01T13:16:42","modified_gmt":"2023-02-01T12:16:42","slug":"meterware","status":"publish","type":"page","link":"https:\/\/b6furniture.dk\/de\/kissen-mit-loser-fuellung-und-schaumstoffbearbeitung\/meterware\/","title":{"rendered":"Meterware"},"content":{"rendered":"\n<div id=\"tekstsektion-block_7679db22797846b9392ba3547a71c5a6\" class=\"tekstsektion ct-section-inner-wrap\">\n    \n    <div class=\"tekstsektion_inner\">\n                <h2 class=\"tekstsektion_title\">Meterware<\/h2>\n                        <div class=\"tekstsektion_content\">\n                    <\/div>\n                    <\/div>\n\n    <style type=\"text\/css\">\n        #tekstsektion-block_7679db22797846b9392ba3547a71c5a6 {\n            margin: 32px auto;\n            background: #ffffff;\n        }\n\n        #tekstsektion-block_7679db22797846b9392ba3547a71c5a6 .tekstsektion_inner {\n            max-width: 80%;\n            margin: 0 auto;\n        }\n\n        #tekstsektion-block_7679db22797846b9392ba3547a71c5a6 .tekstsektion_title{\n            color: #1E3956;\n        }\n\n        #tekstsektion-block_7679db22797846b9392ba3547a71c5a6 .tekstsektion_content{\n            color: #1E3956;\n        }\n\n        #tekstsektion-block_7679db22797846b9392ba3547a71c5a6 .tekstsektion_btn{\n            color: #ffffff;\n            background: #EC8F66;\n        }\n        \n         #tekstsektion-block_7679db22797846b9392ba3547a71c5a6 a.tekstsektion_btn {\n            display: inline-block;\n            text-decoration: none !important;\n            padding: 10px 20px;\n            box-shadow: 0px 10px 15px -3px rgb(0 0 0 \/ 10%);\n            transition: all 0.3s ease-in-out;\n            margin-top: 15px;\n        }\n\n         #tekstsektion-block_7679db22797846b9392ba3547a71c5a6 a.tekstsektion_btn:hover {\n            box-shadow: 0px 10px 15px -3px rgb(0 0 0 \/ 30%);\n        }\n\n        \/* Mobile View *\/\n        @media only screen and (max-width: 767px) {\n            #tekstsektion-block_7679db22797846b9392ba3547a71c5a6 {\n                margin: 32px 15px;\n            }\n            #tekstsektion-block_7679db22797846b9392ba3547a71c5a6 .tekstsektion_inner {\n                max-width: 100%;\n            }\n\n        }\n    <\/style>\n\n<\/div>\n\n\n<div id=\"produktudvalg-block_a7a7e4ca222f2ab2334adf09a9dd51ce\" class=\"produktudvalg ct-section-inner-wrap\">\n\n    <div class=\"product_container\">\n        <div class=\"product_container_items\">\n                                <div class=\"product_item\">\n                        <div class=\"product_photo\">\n                            <img decoding=\"async\" src=\"https:\/\/b6furniture.dk\/wp-content\/uploads\/2022\/11\/Fabric_Mix.jpg\" alt=\"Mix (Standard)\">\n                        <\/div>\n\t\t\t\t\t\t                        <div class=\"product_content\">\n                                                        <h3 class=\"product_title\">Mix (Standard)<\/h3>\n                                                                                        <div class=\"product_desc\"><p>Mix ist unsere Standard-Meterware, die f\u00fcr die \u00fcberwiegende Mehrheit der Kissenbez\u00fcge in unserer Produktion verwendet wird.<\/p>\n<p>Die Meterware ist aus Baumwolle und Polyester gefertigt.<\/p>\n<p>Es ist dicht gewebt und wurde kalandriert (gepresst), wodurch das Material besonders dicht und federfest ist.<\/p>\n<p>Aufgrund der oben genannten Eigenschaften ist Mix unsere bevorzugte Meterware f\u00fcr die Herstellung von Kissen mit Federn und Daunen in der F\u00fcllung.<\/p>\n<p>Die Federdichtigkeit der Meterware wird nach der Luftdurchl\u00e4ssigkeitspr\u00fcfung DIN-Norm 53887 gepr\u00fcft.<\/p>\n<p>Das Gewicht der Meterware betr\u00e4gt 160 Gramm pro m2.<\/p>\n<\/div>\n                                                                                <\/div>\n\t\t\t\t\t\t                    <\/div>\n                                <div class=\"product_item\">\n                        <div class=\"product_photo\">\n                            <img decoding=\"async\" src=\"https:\/\/b6furniture.dk\/wp-content\/uploads\/2022\/11\/Fabric_Fire-retarded.png\" alt=\"Feuerhemmend\">\n                        <\/div>\n\t\t\t\t\t\t                        <div class=\"product_content\">\n                                                        <h3 class=\"product_title\">Feuerhemmend<\/h3>\n                                                                                        <div class=\"product_desc\"><p><span style=\"font-weight: 400;\">Unsere feuerhemmende Meterware ist ein federleichtes Material aus 100% Baumwolle.<\/span><\/p>\n<p><span style=\"font-weight: 400;\">Die Meterware wird f\u00fcr Kissenbez\u00fcge verwendet, bei denen die Anforderungen an die Brandsicherheit im Vordergrund stehen, und zu einem gro\u00dfen Teil f\u00fcr Lieferanten auf dem britischen Markt.<\/span><\/p>\n<p><span style=\"font-weight: 400;\">Die Federdichtigkeit der Meterware wird nach der Luftdurchl\u00e4ssigkeitspr\u00fcfung DIN-Norm 53887 gepr\u00fcft.<\/span><\/p>\n<p><span style=\"font-weight: 400;\">DIN-Norm 53887.<\/span><\/p>\n<p><span style=\"font-weight: 400;\">Das Material ist mit feuerhemmenden Mitteln behandelt und entspricht dem britischen Standard - gepr\u00fcft nach BS 5852 Teil 1. Streichholztest.<\/span><\/p>\n<p><span style=\"font-weight: 400;\">Das Gewicht der Meterware betr\u00e4gt 150 Gramm pro m2.<\/span><\/p>\n<\/div>\n                                                                                <\/div>\n\t\t\t\t\t\t                    <\/div>\n                                <div class=\"product_item\">\n                        <div class=\"product_photo\">\n                            <img decoding=\"async\" src=\"https:\/\/b6furniture.dk\/wp-content\/uploads\/2022\/11\/Fabric_Non-woven.jpg\" alt=\"Vliesstoff\">\n                        <\/div>\n\t\t\t\t\t\t                        <div class=\"product_content\">\n                                                        <h3 class=\"product_title\">Vliesstoff<\/h3>\n                                                                                        <div class=\"product_desc\"><p><span style=\"font-weight: 400;\">Unsere Vliesstoff-Meterware ist ein spinngebundenes Polypropylenmaterial mit hoher Opazit\u00e4t.<\/span><\/p>\n<p><span style=\"font-weight: 400;\">Die Meterware wird haupts\u00e4chlich f\u00fcr Kissen oder Polster verwendet, die mit Fasern, 100% Schaumstoff oder Mischungen aus Fasern und Schaumstoff gef\u00fcllt sind.<\/span><\/p>\n<p><span style=\"font-weight: 400;\">Dieses Material ist nicht federfest.<\/span><\/p>\n<p><span style=\"font-weight: 400;\">Die Meterware gibt es in verschiedenen Gewichtsklassen: 40, 60 und 90 g pro m2.<\/span><\/p>\n<\/div>\n                                                                                <\/div>\n\t\t\t\t\t\t                    <\/div>\n                                <div class=\"product_item\">\n                        <div class=\"product_photo\">\n                            <img decoding=\"async\" src=\"https:\/\/b6furniture.dk\/wp-content\/uploads\/2022\/11\/Fabric_Basic.jpg\" alt=\"Basic\">\n                        <\/div>\n\t\t\t\t\t\t                        <div class=\"product_content\">\n                                                        <h3 class=\"product_title\">Basic<\/h3>\n                                                                                        <div class=\"product_desc\"><p><span style=\"font-weight: 400;\">Basic-Meterware wird aus 100% ungebleichter Baumwolle hergestellt.<\/span><\/p>\n<p><span style=\"font-weight: 400;\">Die Meterware wird haupts\u00e4chlich f\u00fcr Kissen oder Polster verwendet, die mit Fasern, Schaumstoff oder Faser-Schaumstoff-Gemischen gef\u00fcllt sind.<\/span><\/p>\n<p><span style=\"font-weight: 400;\">Dieses Material ist nicht federfest.<\/span><\/p>\n<p><span style=\"font-weight: 400;\">Das Gewicht der Meterware betr\u00e4gt 150 g pro m2.<\/span><\/p>\n<\/div>\n                                                                                <\/div>\n\t\t\t\t\t\t                    <\/div>\n                    <\/div>\n    <\/div>\n    <style type=\"text\/css\">\n        #produktudvalg-block_a7a7e4ca222f2ab2334adf09a9dd51ce {\n            margin: 0px auto;\n        }\n\n        #produktudvalg-block_a7a7e4ca222f2ab2334adf09a9dd51ce .product_container {\n            max-width: 80%;\n            margin: 0 auto;\n        }\n\n        #produktudvalg-block_a7a7e4ca222f2ab2334adf09a9dd51ce .product_title{\n            color: #FFFFFF;\n            background-color: #1E3956;\n        }\n\n        #produktudvalg-block_a7a7e4ca222f2ab2334adf09a9dd51ce .product_container_items {\n            display: flex;\n            align-items: stretch;\n            justify-content: space-between;\n            flex-wrap: wrap;\n        }\n\n        #produktudvalg-block_a7a7e4ca222f2ab2334adf09a9dd51ce .product_item {\n            width: 32%;\n            text-align: left;\n            box-sizing: border-box;\n        }\n                #produktudvalg-block_a7a7e4ca222f2ab2334adf09a9dd51ce .product_photo {\n            height: 350px;\n            width: 100%;\n            padding: 10px 20px 0;\n        }\n\n        #produktudvalg-block_a7a7e4ca222f2ab2334adf09a9dd51ce .product_content {\n            padding: 25px;\n            position: relative;\n            display: flex;\n            flex-direction: column;\n            align-items: flex-start;\n        }\n\n        #produktudvalg-block_a7a7e4ca222f2ab2334adf09a9dd51ce .product_title {\n            \/* position: absolute;\n            top: -15px;\n            left: 6px; \n            margin: 0;*\/\n            margin-top: -45px;\n            margin-left: -16px;\n            padding: 8px 16px;\n        }\n        \n        #produktudvalg-block_a7a7e4ca222f2ab2334adf09a9dd51ce .product_desc {\n            \/* margin-top: 20px; *\/\n            color: #1E3956;\n        }\n        \n        #produktudvalg-block_a7a7e4ca222f2ab2334adf09a9dd51ce .feature_item {\n            color: #1E3956;\n        }\n\n        #produktudvalg-block_a7a7e4ca222f2ab2334adf09a9dd51ce .product_photo img {\n            width: 100%;\n            height: 100%;\n            object-fit: cover;\n        }\n\n        \/* Table View *\/\n        @media only screen and (min-width: 768px) and (max-width: 991px) {\n            #produktudvalg-block_a7a7e4ca222f2ab2334adf09a9dd51ce .product_photo {\n                height: 300px;\n            }\n            \n            #produktudvalg-block_a7a7e4ca222f2ab2334adf09a9dd51ce .product_item {\n            width: 50%;\n            }\n        }\n\n        \/* Mobile View *\/\n        @media only screen and (max-width: 767px) {\n            #produktudvalg-block_a7a7e4ca222f2ab2334adf09a9dd51ce  {\n                margin: 0px 15px;\n            }\n\n            #produktudvalg-block_a7a7e4ca222f2ab2334adf09a9dd51ce .product_container {\n                max-width: 100%;\n            }\n\n            #produktudvalg-block_a7a7e4ca222f2ab2334adf09a9dd51ce .section_title{\n                margin-bottom: 30px;\n            }\n\n            #produktudvalg-block_a7a7e4ca222f2ab2334adf09a9dd51ce .product_container_items {\n                flex-direction: column;\n            }\n\n            #produktudvalg-block_a7a7e4ca222f2ab2334adf09a9dd51ce .product_item {\n                width: 100%;\n                margin-bottom: 25px;\n            }\n            #produktudvalg-block_a7a7e4ca222f2ab2334adf09a9dd51ce .product_photo {\n                height: 250px;\n            }\n        }\n    <\/style>\n\n<\/div>","protected":false},"excerpt":{"rendered":"","protected":false},"author":7,"featured_media":0,"parent":3775,"menu_order":4,"comment_status":"closed","ping_status":"closed","template":"","meta":{"_acf_changed":false,"footnotes":""},"class_list":["post-3781","page","type-page","status-publish","hentry"],"acf":[],"_links":{"self":[{"href":"https:\/\/b6furniture.dk\/de\/wp-json\/wp\/v2\/pages\/3781","targetHints":{"allow":["GET"]}}],"collection":[{"href":"https:\/\/b6furniture.dk\/de\/wp-json\/wp\/v2\/pages"}],"about":[{"href":"https:\/\/b6furniture.dk\/de\/wp-json\/wp\/v2\/types\/page"}],"author":[{"embeddable":true,"href":"https:\/\/b6furniture.dk\/de\/wp-json\/wp\/v2\/users\/7"}],"replies":[{"embeddable":true,"href":"https:\/\/b6furniture.dk\/de\/wp-json\/wp\/v2\/comments?post=3781"}],"version-history":[{"count":3,"href":"https:\/\/b6furniture.dk\/de\/wp-json\/wp\/v2\/pages\/3781\/revisions"}],"predecessor-version":[{"id":3798,"href":"https:\/\/b6furniture.dk\/de\/wp-json\/wp\/v2\/pages\/3781\/revisions\/3798"}],"up":[{"embeddable":true,"href":"https:\/\/b6furniture.dk\/de\/wp-json\/wp\/v2\/pages\/3775"}],"wp:attachment":[{"href":"https:\/\/b6furniture.dk\/de\/wp-json\/wp\/v2\/media?parent=3781"}],"curies":[{"name":"wp","href":"https:\/\/api.w.org\/{rel}","templated":true}]}}