{"id":3806,"date":"2022-08-25T10:53:17","date_gmt":"2022-08-25T08:53:17","guid":{"rendered":"https:\/\/b6furniture.dk\/?page_id=3806"},"modified":"2023-02-01T13:16:43","modified_gmt":"2023-02-01T12:16:43","slug":"produktentwicklung","status":"publish","type":"page","link":"https:\/\/b6furniture.dk\/de\/produktentwicklung\/","title":{"rendered":"Produktentwicklung"},"content":{"rendered":"\n<div id=\"header-block_a24473b55eee622035246bfa48bade06\" class=\"header\">\n    \n    <div class=\"billede_inner\">\n        <div class=\"billede_content ct-section-inner-wrap\">\n            <div class=\"tablecell_content\">\n                <h1 class=\"billede_title\">Produktentwicklung<\/h1>\n                                    <div class=\"billede_desc\">\n                        <p><span style=\"font-weight: 400;\">Wir sind immer bereit, die beste L\u00f6sung f\u00fcr jede Art von Sitzgelegenheit zu finden, die Sie w\u00fcnschen.\u00a0<\/span><\/p>\n<p><span style=\"font-weight: 400;\">Ganz gleich, ob es sich um ein v\u00f6llig neues M\u00f6belst\u00fcck oder um einen einzigartigen Sitz-, R\u00fccken-, Arm- oder Kissenbezug handelt, wir legen Wert auf guten Komfort und sch\u00f6ne Qualit\u00e4t.<\/span><\/p>\n                    <\/div>\n                                            <\/div>\n        <\/div>\n    <\/div>\n\n    <style type=\"text\/css\">\n        #header-block_a24473b55eee622035246bfa48bade06 {\n            background-color: #1E3956;\n            background-image: url(https:\/\/b6furniture.dk\/wp-content\/uploads\/2022\/11\/Vyroba-20-1-scaled-aspect-ratio-1900-820-scaled.jpg);\n            background-size: cover;\n            background-position: center;\n            background-repeat: no-repeat;\n            \/*padding: px 0; *\/\n\t\t\tpadding:48px 0;\n            position: relative;\n            z-index: 1;\n            overflow: hidden;\n\t\t\tdisplay: flex;\n\t\t\tflex-direction: column;\n\t\t\tjustify-content: center;\n\t\t\t\/* min-height: 50vh; *\/\n            \/*min-height: calc(100vh - 126px);*\/\n\t\t\tmin-height:43vw;\n\t\t\t\n\n        }\n        \n        #header-block_a24473b55eee622035246bfa48bade06:before {\n            content: \"\";\n            position: absolute;\n            top: 0;\n            height: 100%;\n            background-color: rgba(54, 72, 95, 0.8);\n            z-index: -1;\n            left: 0;\n            width: 100%;\n        }\n\n        #header-block_a24473b55eee622035246bfa48bade06 .billede_inner {\n                    }\n\n        #header-block_a24473b55eee622035246bfa48bade06 .tablecell_content {\n            text-align: Left;\n                    }\n\n        #header-block_a24473b55eee622035246bfa48bade06 .billede_title{\n            color: #ffffff;\n        }\n\n        #header-block_a24473b55eee622035246bfa48bade06 .billede_desc{\n            color: #ffffff;\n            \t\t\t    max-width: 960px;\n                    }\n\n        #header-block_a24473b55eee622035246bfa48bade06 .tekstsektion_btn{\n            color: #ffffff;\n            background: #EC8F66;\n        }\n        \n        #header-block_a24473b55eee622035246bfa48bade06 a.tekstsektion_btn {\n            display: inline-block;\n            text-decoration: none !important;\n            padding: 10px 20px;\n            box-shadow: 0px 10px 15px -3px rgb(0 0 0 \/ 10%);\n            transition: all 0.3s ease-in-out;\n            margin-top: 20px;\n            font-weight: 600;\n        }\n\n         #header-block_a24473b55eee622035246bfa48bade06 a.tekstsektion_btn:hover {\n            box-shadow: 0px 10px 15px -3px rgb(0 0 0 \/ 30%);\n        }\n\n         #header-block_a24473b55eee622035246bfa48bade06 .billede_content {\n            box-sizing: border-box;\n\t\t\tpadding-left: 20px;\n\t\t\tpadding-right: 20px;\n        }\n\n          \t\t\n\t\t\/* Tablet view *\/\n        @media only screen and (max-width: 991px) {\n            #header-block_a24473b55eee622035246bfa48bade06 {\n                background-size: cover;\n                \/*min-height: 70vh;*\/\n            }\n            #header-block_a24473b55eee622035246bfa48bade06 .billede_content {\n                width: 75%;\n            }\n        }\n        \/* Mobile View *\/\n        @media only screen and (max-width: 767px) {\n            #header-block_a24473b55eee622035246bfa48bade06  {\n                padding: 48px 15px;\n                \/*min-height: 50vh;*\/\n            }\n\n            #header-block_a24473b55eee622035246bfa48bade06:before {\n                width: 100%;\n                left: 0;\n                transform: skew(0deg, 0);\n            }\n\n            #header-block_a24473b55eee622035246bfa48bade06 .billede_content {\n                width: 100%;\n\t\t\t\tpadding: 0;\n            }\n            #header-block_a24473b55eee622035246bfa48bade06 .billede_inner {\n                max-width: 100%;\n            }\n\n        }\n        @media only screen and (max-width:630px) {\n            \/*#header-block_a24473b55eee622035246bfa48bade06 { \n                min-height: 40vh;\n            }*\/\n        }\n        @media only screen and (max-width:500px) {\n            #header-block_a24473b55eee622035246bfa48bade06 { \n                min-height:43vw;\n            }\n        }\n    <\/style>\n\n<\/div>\n\n\n<div id=\"tekstsektion-block_0f5cb209dfb393707a72d98893646383\" class=\"tekstsektion ct-section-inner-wrap\">\n    \n    <div class=\"tekstsektion_inner\">\n                <h2 class=\"tekstsektion_title\">Wir produzieren in Europa <\/h2>\n                        <div class=\"tekstsektion_content\">\n            <p><span style=\"font-weight: 400;\">Wir verwenden EU-zertifizierte Materialien und produzieren in Europa. Es ist uns wichtig, allen unseren Kunden hochwertige Materialien anbieten zu k\u00f6nnen, denn unser Ziel ist es, M\u00f6bel und Kissen herzustellen, die Ihre Kunden lieben werden und die Generationen \u00fcberdauern.\u00a0<\/span><\/p>\n        <\/div>\n                            <a href=\"\/de\/kontakt\/\" class=\"tekstsektion_btn\">In Kontakt kommen<\/a>\n            <\/div>\n\n    <style type=\"text\/css\">\n        #tekstsektion-block_0f5cb209dfb393707a72d98893646383 {\n            margin: 75px auto;\n            background: #ffffff;\n        }\n\n        #tekstsektion-block_0f5cb209dfb393707a72d98893646383 .tekstsektion_inner {\n            max-width: 80%;\n            margin: 0 auto;\n        }\n\n        #tekstsektion-block_0f5cb209dfb393707a72d98893646383 .tekstsektion_title{\n            color: #1E3956;\n        }\n\n        #tekstsektion-block_0f5cb209dfb393707a72d98893646383 .tekstsektion_content{\n            color: #1E3956;\n        }\n\n        #tekstsektion-block_0f5cb209dfb393707a72d98893646383 .tekstsektion_btn{\n            color: #ffffff;\n            background: #EC8F66;\n        }\n        \n         #tekstsektion-block_0f5cb209dfb393707a72d98893646383 a.tekstsektion_btn {\n            display: inline-block;\n            text-decoration: none !important;\n            padding: 10px 20px;\n            box-shadow: 0px 10px 15px -3px rgb(0 0 0 \/ 10%);\n            transition: all 0.3s ease-in-out;\n            margin-top: 15px;\n        }\n\n         #tekstsektion-block_0f5cb209dfb393707a72d98893646383 a.tekstsektion_btn:hover {\n            box-shadow: 0px 10px 15px -3px rgb(0 0 0 \/ 30%);\n        }\n\n        \/* Mobile View *\/\n        @media only screen and (max-width: 767px) {\n            #tekstsektion-block_0f5cb209dfb393707a72d98893646383 {\n                margin: 48px 15px;\n            }\n            #tekstsektion-block_0f5cb209dfb393707a72d98893646383 .tekstsektion_inner {\n                max-width: 100%;\n            }\n\n        }\n    <\/style>\n\n<\/div>\n\n\n<div id=\"kontaktformular-block_015110798b1dafa5c413e41d6e03df43\" class=\"kontaktformular ct-section-inner-wrap\">\n    \n    <div class=\"billede_inner\">\n        <div class=\"billede_content\">\n            <div class=\"tablecell_content\">\n                                <h2 class=\"billede_title\">Bestellen Sie die von Ihnen ben\u00f6tigte Menge<\/h2>\n                                                <div class=\"billede_desc\">\n                    <p><span style=\"font-weight: 400;\">Bei B6 Furniture gibt es keine Vorgaben, wie gro\u00df Ihr Auftrag sein muss, damit Sie uns als Ihren Partner w\u00e4hlen k\u00f6nnen. Wir sind der Meinung, dass Sie in der Lage sein sollten, genau die Menge an Produkten zu bestellen, die Sie ben\u00f6tigen.\u00a0<\/span><\/p>\n<p><span style=\"font-weight: 400;\">Wir behalten uns jedoch das Recht vor, in einigen F\u00e4llen \u00dcber- und Unterlieferungen vorzunehmen. Wir tun dies, um das Beste aus den von uns verwendeten Materialien herauszuholen und die Verschwendung von Ressourcen zu minimieren. In einem solchen Fall werden Sie immer vorher benachrichtigt, so dass Sie die M\u00f6glichkeit haben, Ihre Bestellung anzupassen.\u00a0 <\/span><\/p>\n                <\/div>\n                            <\/div>\n\t\t\t        <\/div>\n        <div class=\"billede_photo\">\n            <div class=\"form_shortcode\">\n                <div class='fluentform ff-default fluentform_wrapper_8 ffs_default_wrap'><form data-form_id=\"8\" id=\"fluentform_8\" class=\"frm-fluent-form fluent_form_8 ff-el-form-top ff_form_instance_8_1 ff-form-loading ffs_default\" data-form_instance=\"ff_form_instance_8_1\" method=\"POST\" ><fieldset  style=\"border: none!important;margin: 0!important;padding: 0!important;background-color: transparent!important;box-shadow: none!important;outline: none!important; min-inline-size: 100%;\">\n                    <legend class=\"ff_screen_reader_title\" style=\"display: block; margin: 0!important;padding: 0!important;height: 0!important;text-indent: -999999px;width: 0!important;overflow:hidden;\">Kontaktform - tilbud (DE)<\/legend><input type='hidden' name='__fluent_form_embded_post_id' value='3806' \/><input type=\"hidden\" id=\"_fluentform_8_fluentformnonce\" name=\"_fluentform_8_fluentformnonce\" value=\"5b137be1bd\" \/><input type=\"hidden\" name=\"_wp_http_referer\" value=\"\/de\/wp-json\/wp\/v2\/pages\/3806\" \/><div class='ff-el-group  ff-custom_html contact-heading ct-headline' tabindex='-1' data-name=\"custom_html-8_1\" ><h3>Kontaktieren Sie uns f\u00fcr ein Angebot<\/h3><\/div><div data-type=\"name-element\" data-name=\"names\" class=\" ff-field_container ff-name-field-wrapper\" ><div class='ff-t-container'><div class='ff-t-cell '><div class='ff-el-group  ff-el-form-hide_label'><div class=\"ff-el-input--label ff-el-is-required asterisk-right\"><label for='ff_8_names_first_name_' id='label_ff_8_names_first_name_' >Name<\/label><\/div><div class='ff-el-input--content'><input type=\"text\" name=\"names[first_name]\" id=\"ff_8_names_first_name_\" class=\"ff-el-form-control\" placeholder=\"Name\" aria-invalid=\"false\" aria-required=true><\/div><\/div><\/div><\/div><\/div><div class='ff-el-group ff-el-form-hide_label'><div class=\"ff-el-input--label ff-el-is-required asterisk-right\"><label for='ff_8_phone' id='label_ff_8_phone' aria-label=\"Phone\/Mobile\">Phone\/Mobile<\/label><\/div><div class='ff-el-input--content'><input name=\"phone\" class=\"ff-el-form-control ff-el-phone\" type=\"tel\" placeholder=\"Telefon\" data-name=\"phone\" id=\"ff_8_phone\" inputmode=\"tel\"  aria-invalid='false' aria-required=true><\/div><\/div><div class='ff-el-group ff-el-form-hide_label'><div class=\"ff-el-input--label ff-el-is-required asterisk-right\"><label for='ff_8_message' id='label_ff_8_message' aria-label=\"Nachricht\">Nachricht<\/label><\/div><div class='ff-el-input--content'><textarea aria-required=\"true\" aria-labelledby=\"label_ff_8_message\" name=\"message\" id=\"ff_8_message\" class=\"ff-el-form-control\" placeholder=\"Nachricht\" rows=\"3\" cols=\"2\" data-name=\"message\" ><\/textarea><\/div><\/div><div class='ff-el-group ff-text-left ff_submit_btn_wrapper'><button type=\"submit\" class=\"ff-btn ff-btn-submit ff-btn-md button-standard button-orange ff_btn_no_style\"  aria-label=\"Senden\">Senden<\/button><\/div><\/fieldset><\/form><div id='fluentform_8_errors' class='ff-errors-in-stack ff_form_instance_8_1 ff-form-loading_errors ff_form_instance_8_1_errors'><\/div><\/div>            <script type=\"text\/javascript\">\n                window.fluent_form_ff_form_instance_8_1 = {\"id\":\"8\",\"settings\":{\"layout\":{\"labelPlacement\":\"top\",\"helpMessagePlacement\":\"with_label\",\"errorMessagePlacement\":\"inline\",\"cssClassName\":\"\",\"asteriskPlacement\":\"asterisk-right\"},\"restrictions\":{\"denyEmptySubmission\":{\"enabled\":false}}},\"form_instance\":\"ff_form_instance_8_1\",\"form_id_selector\":\"fluentform_8\",\"rules\":{\"names[first_name]\":{\"required\":{\"value\":true,\"message\":\"Dieses Feld wird ben\\u00f6tigt\"}},\"names[middle_name]\":{\"required\":{\"value\":false,\"message\":\"This field is required\"}},\"names[last_name]\":{\"required\":{\"value\":false,\"message\":\"This field is required\"}},\"phone\":{\"required\":{\"value\":true,\"message\":\"Dieses Feld wird ben\\u00f6tigt\"},\"valid_phone_number\":{\"value\":false,\"message\":\"Phone number is not valid\"}},\"message\":{\"required\":{\"value\":true,\"message\":\"Dieses Feld wird ben\\u00f6tigt\"}}},\"debounce_time\":300};\n                            <\/script>\n                        <\/div>\n        <\/div>\n    <\/div>\n\n    <style type=\"text\/css\">\n\t\t#kontaktformular-block_015110798b1dafa5c413e41d6e03df43 .team_wrapper .team_title {\n\t\t\tfont-size: 14px;\n\t\t\tcolor: #ed8f66;\n            margin-bottom:24px;\n\t\t}\n\t\t#kontaktformular-block_015110798b1dafa5c413e41d6e03df43 .team_wrapper .team_name {\n            font-weight:800;\n        }\n\t\t#kontaktformular-block_015110798b1dafa5c413e41d6e03df43 .team_wrapper a {\n            display:block;\n            text-decoration:none;\n            font-size:14px;\n        }\n\t\t#kontaktformular-block_015110798b1dafa5c413e41d6e03df43 .team_wrapper {\n\t\t\tdisplay: grid;\n\t\t\tgrid-template-columns: repeat(3, 1fr);\n\t\t\tgrid-template-rows: 1fr;\n\t\t\tgrid-column-gap: 24px;\n\t\t\tgrid-row-gap: 24px;\n\t\t\tmargin-top: 20vh;\n\t\t}\n        #kontaktformular-block_015110798b1dafa5c413e41d6e03df43 {\n            margin: 75px auto;\n        }\n        #kontaktformular-block_015110798b1dafa5c413e41d6e03df43 .billede_inner{\n            max-width: 80%;\n            margin: 0 auto;\n        }\n\n        #kontaktformular-block_015110798b1dafa5c413e41d6e03df43 .billede_title{\n            color: #1E3956;\n        }\n\n        #kontaktformular-block_015110798b1dafa5c413e41d6e03df43 .billede_desc{\n            color: #1E3956;\n        }\n\n         #kontaktformular-block_015110798b1dafa5c413e41d6e03df43 .billede_inner {\n            display: flex;\n            align-items: center;\n            justify-content: space-between;\n            flex-wrap: wrap;\n        }\n        #kontaktformular-block_015110798b1dafa5c413e41d6e03df43 .billede_content {\n            width: 55%;\n            box-sizing: border-box;\n        }\n\t\t#kontaktformular-block_015110798b1dafa5c413e41d6e03df43 .billede_photo {\n            width: 45%;\n            box-sizing: border-box;\n        }\n\n        \/* Mobile View *\/\n        @media only screen and (max-width: 767px) {\n            #kontaktformular-block_015110798b1dafa5c413e41d6e03df43 {\n                margin: 48px 15px;\n            }\n\t\t\t#kontaktformular-block_015110798b1dafa5c413e41d6e03df43 .team_wrapper .team_title {\n                margin-bottom:8px;\n            }\n            #kontaktformular-block_015110798b1dafa5c413e41d6e03df43 .billede_inner{\n                max-width: 100%;\n            }\n            #kontaktformular-block_015110798b1dafa5c413e41d6e03df43 .billede_inner {\n                flex-direction: column;\n            }\n            #kontaktformular-block_015110798b1dafa5c413e41d6e03df43 .billede_photo, #kontaktformular-block_015110798b1dafa5c413e41d6e03df43 .billede_content {\n                width: 100%;\n            }\n            #kontaktformular-block_015110798b1dafa5c413e41d6e03df43 .team_wrapper {\n\t\t\t\tgrid-template-columns: repeat(2, 1fr);\n                grid-row-gap: 32px;\n\t\t\t\tmargin-top: 48px;\n\t\t\t}\n        }\n\t\t@media only screen and (max-width: 480px) {\n\t\t\t#kontaktformular-block_015110798b1dafa5c413e41d6e03df43 .team_wrapper {\n\t\t\t\tgrid-template-columns: repeat(1, 1fr);\n\t\t\t}\n\t\t}\n    <\/style>\n\n<\/div>","protected":false},"excerpt":{"rendered":"","protected":false},"author":7,"featured_media":0,"parent":0,"menu_order":0,"comment_status":"closed","ping_status":"closed","template":"","meta":{"_acf_changed":false,"footnotes":""},"class_list":["post-3806","page","type-page","status-publish","hentry"],"acf":[],"_links":{"self":[{"href":"https:\/\/b6furniture.dk\/de\/wp-json\/wp\/v2\/pages\/3806","targetHints":{"allow":["GET"]}}],"collection":[{"href":"https:\/\/b6furniture.dk\/de\/wp-json\/wp\/v2\/pages"}],"about":[{"href":"https:\/\/b6furniture.dk\/de\/wp-json\/wp\/v2\/types\/page"}],"author":[{"embeddable":true,"href":"https:\/\/b6furniture.dk\/de\/wp-json\/wp\/v2\/users\/7"}],"replies":[{"embeddable":true,"href":"https:\/\/b6furniture.dk\/de\/wp-json\/wp\/v2\/comments?post=3806"}],"version-history":[{"count":3,"href":"https:\/\/b6furniture.dk\/de\/wp-json\/wp\/v2\/pages\/3806\/revisions"}],"predecessor-version":[{"id":3809,"href":"https:\/\/b6furniture.dk\/de\/wp-json\/wp\/v2\/pages\/3806\/revisions\/3809"}],"wp:attachment":[{"href":"https:\/\/b6furniture.dk\/de\/wp-json\/wp\/v2\/media?parent=3806"}],"curies":[{"name":"wp","href":"https:\/\/api.w.org\/{rel}","templated":true}]}}