{"id":3880,"date":"2022-08-25T10:46:36","date_gmt":"2022-08-25T08:46:36","guid":{"rendered":"https:\/\/b6furniture.dk\/skumkonvertering-og-loesfyldspuder\/"},"modified":"2023-02-01T13:21:41","modified_gmt":"2023-02-01T12:21:41","slug":"volne-plnene-vankuse-a-konverzia-peny","status":"publish","type":"page","link":"https:\/\/b6furniture.dk\/sk\/volne-plnene-vankuse-a-konverzia-peny\/","title":{"rendered":"Vo\u013ene plnen\u00e9 vank\u00fa\u0161e a konverzia peny"},"content":{"rendered":"\n<div id=\"header-block_ee4f314c795ecdd6d9ff889d15848941\" class=\"header\">\n    \n    <div class=\"billede_inner\">\n        <div class=\"billede_content ct-section-inner-wrap\">\n            <div class=\"tablecell_content\">\n                <h1 class=\"billede_title\">Vo\u013ene plnen\u00e9 vank\u00fa\u0161e a konverzia peny <\/h1>\n                                    <div class=\"billede_desc\">\n                        <p><span style=\"font-weight: 400;\">Konverzia peny, dizajn a v\u00fdroba vo\u013ene plnen\u00fdch vank\u00fa\u0161ov predstavuj\u00fa z\u00e1kladn\u00e9 \u010dinnosti spolo\u010dnosti B6 Furniture. Na\u0161e podnikanie sme zalo\u017eili na dlhoro\u010dn\u00fdch sk\u00fasenostiach a expert\u00edze vo v\u00fdrobe vo\u013ene plnen\u00fdch vank\u00fa\u0161ov pre n\u00e1bytk\u00e1rsky priemysel.<\/span><\/p>\n<p><span style=\"font-weight: 400;\">Re\u017eeme penu na \u010dal\u00fanenie, navrhujeme a vyr\u00e1bame podsed\u00e1ky, chrbtov\u00e9 opierky a dekora\u010dn\u00e9 podu\u0161ky pre pou\u017eitie v interi\u00e9ri aj exteri\u00e9ri. Prin\u00e1\u0161ame rie\u0161enia na mieru, dokonale prisp\u00f4soben\u00e9 va\u0161ej v\u00edzii a realizovan\u00e9 s oh\u013eadom na komfort a kvalitu.\u00a0 <\/span><\/p>\n                    <\/div>\n                                            <\/div>\n        <\/div>\n    <\/div>\n\n    <style type=\"text\/css\">\n        #header-block_ee4f314c795ecdd6d9ff889d15848941 {\n            background-color: #1E3956;\n            background-image: url(https:\/\/b6furniture.dk\/wp-content\/uploads\/2022\/11\/Vyroba-27-scaled-aspect-ratio-1900-820-scaled.jpg);\n            background-size: cover;\n            background-position: top;\n            background-repeat: no-repeat;\n            \/*padding: px 0; *\/\n\t\t\tpadding:48px 0;\n            position: relative;\n            z-index: 1;\n            overflow: hidden;\n\t\t\tdisplay: flex;\n\t\t\tflex-direction: column;\n\t\t\tjustify-content: center;\n\t\t\t\/* min-height: 50vh; *\/\n            \/*min-height: calc(100vh - 126px);*\/\n\t\t\tmin-height:43vw;\n\t\t\t\n\n        }\n        \n        #header-block_ee4f314c795ecdd6d9ff889d15848941:before {\n            content: \"\";\n            position: absolute;\n            top: 0;\n            height: 100%;\n            background-color: rgba(54, 72, 95, 0.8);\n            z-index: -1;\n            left: 0;\n            width: 100%;\n        }\n\n        #header-block_ee4f314c795ecdd6d9ff889d15848941 .billede_inner {\n                    }\n\n        #header-block_ee4f314c795ecdd6d9ff889d15848941 .tablecell_content {\n            text-align: Left;\n                    }\n\n        #header-block_ee4f314c795ecdd6d9ff889d15848941 .billede_title{\n            color: #ffffff;\n        }\n\n        #header-block_ee4f314c795ecdd6d9ff889d15848941 .billede_desc{\n            color: #ffffff;\n            \t\t\t    max-width: 960px;\n                    }\n\n        #header-block_ee4f314c795ecdd6d9ff889d15848941 .tekstsektion_btn{\n            color: #ffffff;\n            background: #EC8F66;\n        }\n        \n        #header-block_ee4f314c795ecdd6d9ff889d15848941 a.tekstsektion_btn {\n            display: inline-block;\n            text-decoration: none !important;\n            padding: 10px 20px;\n            box-shadow: 0px 10px 15px -3px rgb(0 0 0 \/ 10%);\n            transition: all 0.3s ease-in-out;\n            margin-top: 20px;\n            font-weight: 600;\n        }\n\n         #header-block_ee4f314c795ecdd6d9ff889d15848941 a.tekstsektion_btn:hover {\n            box-shadow: 0px 10px 15px -3px rgb(0 0 0 \/ 30%);\n        }\n\n         #header-block_ee4f314c795ecdd6d9ff889d15848941 .billede_content {\n            box-sizing: border-box;\n\t\t\tpadding-left: 20px;\n\t\t\tpadding-right: 20px;\n        }\n\n          \t\t\n\t\t\/* Tablet view *\/\n        @media only screen and (max-width: 991px) {\n            #header-block_ee4f314c795ecdd6d9ff889d15848941 {\n                background-size: cover;\n                \/*min-height: 70vh;*\/\n            }\n            #header-block_ee4f314c795ecdd6d9ff889d15848941 .billede_content {\n                width: 75%;\n            }\n        }\n        \/* Mobile View *\/\n        @media only screen and (max-width: 767px) {\n            #header-block_ee4f314c795ecdd6d9ff889d15848941  {\n                padding: 48px 15px;\n                \/*min-height: 50vh;*\/\n            }\n\n            #header-block_ee4f314c795ecdd6d9ff889d15848941:before {\n                width: 100%;\n                left: 0;\n                transform: skew(0deg, 0);\n            }\n\n            #header-block_ee4f314c795ecdd6d9ff889d15848941 .billede_content {\n                width: 100%;\n\t\t\t\tpadding: 0;\n            }\n            #header-block_ee4f314c795ecdd6d9ff889d15848941 .billede_inner {\n                max-width: 100%;\n            }\n\n        }\n        @media only screen and (max-width:630px) {\n            \/*#header-block_ee4f314c795ecdd6d9ff889d15848941 { \n                min-height: 40vh;\n            }*\/\n        }\n        @media only screen and (max-width:500px) {\n            #header-block_ee4f314c795ecdd6d9ff889d15848941 { \n                min-height:43vw;\n            }\n        }\n    <\/style>\n\n<\/div>\n\n\n<div id=\"tekstsektion-block_018603d59a838e0431786c2502dd9309\" class=\"tekstsektion ct-section-inner-wrap\">\n    \n    <div class=\"tekstsektion_inner\">\n                <h2 class=\"tekstsektion_title\">Materi\u00e1ly certifikovan\u00e9 E\u00da<\/h2>\n                        <div class=\"tekstsektion_content\">\n            <p><span style=\"font-weight: 400;\">\u00da\u017easn\u00fd v\u00fdsledn\u00fd produkt za\u010d\u00edna v\u00fdberom kvalitn\u00fdch materi\u00e1lov. Preto pou\u017e\u00edvame len plne certifikovan\u00e9 perie z morsk\u00fdch vt\u00e1kov, poch\u00e1dzaj\u00face z E\u00da. Na sed\u00e1ky a chrbtov\u00e9 opierky pou\u017e\u00edvame predov\u0161etk\u00fdm regenerovan\u00fa penu. V\u010faka tomu maj\u00fa sed\u00e1ky a opierky vhodn\u00fd tvar a po sadnut\u00ed na ne poc\u00edtite jedine\u010dn\u00fd komfort. Z\u00e1rove\u0148 maxim\u00e1lne vyu\u017e\u00edvame zdroje pou\u017e\u00edvan\u00edm recyklovanej peny. Na\u0161e postupy zais\u0165uj\u00fa konzistentn\u00fa kvalitu pre ka\u017ed\u00fa individu\u00e1lnu objedn\u00e1vku.<\/span><\/p>\n        <\/div>\n                    <\/div>\n\n    <style type=\"text\/css\">\n        #tekstsektion-block_018603d59a838e0431786c2502dd9309 {\n            margin: 75px auto;\n            background: #ffffff;\n        }\n\n        #tekstsektion-block_018603d59a838e0431786c2502dd9309 .tekstsektion_inner {\n            max-width: 80%;\n            margin: 0 auto;\n        }\n\n        #tekstsektion-block_018603d59a838e0431786c2502dd9309 .tekstsektion_title{\n            color: #1E3956;\n        }\n\n        #tekstsektion-block_018603d59a838e0431786c2502dd9309 .tekstsektion_content{\n            color: #1E3956;\n        }\n\n        #tekstsektion-block_018603d59a838e0431786c2502dd9309 .tekstsektion_btn{\n            color: #ffffff;\n            background: #EC8F66;\n        }\n        \n         #tekstsektion-block_018603d59a838e0431786c2502dd9309 a.tekstsektion_btn {\n            display: inline-block;\n            text-decoration: none !important;\n            padding: 10px 20px;\n            box-shadow: 0px 10px 15px -3px rgb(0 0 0 \/ 10%);\n            transition: all 0.3s ease-in-out;\n            margin-top: 15px;\n        }\n\n         #tekstsektion-block_018603d59a838e0431786c2502dd9309 a.tekstsektion_btn:hover {\n            box-shadow: 0px 10px 15px -3px rgb(0 0 0 \/ 30%);\n        }\n\n        \/* Mobile View *\/\n        @media only screen and (max-width: 767px) {\n            #tekstsektion-block_018603d59a838e0431786c2502dd9309 {\n                margin: 48px 15px;\n            }\n            #tekstsektion-block_018603d59a838e0431786c2502dd9309 .tekstsektion_inner {\n                max-width: 100%;\n            }\n\n        }\n    <\/style>\n\n<\/div>\n\n\n<div id=\"produktsektion-block_e403969134d62058e4ca0b8c5900f3e0\" class=\"produktsektion ct-section-inner-wrap\">\n\n    <div class=\"product_container\">\n                    <h2 class=\"section_title\">VO\u013dNE PLNEN\u00c9 VANK\u00da\u0160E<\/h2>\n                <div class=\"product_container_items\">\n                                <div class=\"product_item\">\n                        <div class=\"product_photo\">\n                            <img decoding=\"async\" src=\"https:\/\/b6furniture.dk\/wp-content\/uploads\/2022\/11\/danicore2.jpg.webp\" alt=\"VO\u013dNE PLNEN\u00c9 PODSED\u00c1KY\">\n                        <\/div>\n                        <div class=\"product_content\">\n                            <h3 class=\"product_title\">VO\u013dNE PLNEN\u00c9 PODSED\u00c1KY<\/h3>\n                                                            <div class=\"product_btn\">\n                                    <a href=\"\/sk\/volne-plnene-vankuse-a-konverzia-peny\/volne-plnene-podsedaky\/\" class=\"tekstsektion_btn\">VIAC INFORM\u00c1CI\u00cd<\/a>\n                                <\/div>\n                                                    <\/div>\n                    <\/div>\n                                <div class=\"product_item\">\n                        <div class=\"product_photo\">\n                            <img decoding=\"async\" src=\"https:\/\/b6furniture.dk\/wp-content\/uploads\/2022\/11\/danibox.jpg\" alt=\"VO\u013dNE PLNEN\u00c9 CHRBTOV\u00c9 A RAMENN\u00c9 OPIERKY\">\n                        <\/div>\n                        <div class=\"product_content\">\n                            <h3 class=\"product_title\">VO\u013dNE PLNEN\u00c9 CHRBTOV\u00c9 A RAMENN\u00c9 OPIERKY<\/h3>\n                                                            <div class=\"product_btn\">\n                                    <a href=\"\/sk\/volne-plnene-vankuse-a-konverzia-peny\/volne-plnene-chrbtove-a-ramenne-opierky\/\" class=\"tekstsektion_btn\">VIAC INFORM\u00c1CI\u00cd<\/a>\n                                <\/div>\n                                                    <\/div>\n                    <\/div>\n                                <div class=\"product_item\">\n                        <div class=\"product_photo\">\n                            <img decoding=\"async\" src=\"https:\/\/b6furniture.dk\/wp-content\/uploads\/2021\/12\/Skum-granulat.png\" alt=\"PLNIACE KOMPONENTY\">\n                        <\/div>\n                        <div class=\"product_content\">\n                            <h3 class=\"product_title\">PLNIACE KOMPONENTY<\/h3>\n                                                            <div class=\"product_btn\">\n                                    <a href=\"\/sk\/volne-plnene-vankuse-a-konverzia-peny\/plniace-komponenty\/\" class=\"tekstsektion_btn\">VIAC INFORM\u00c1CI\u00cd<\/a>\n                                <\/div>\n                                                    <\/div>\n                    <\/div>\n                                <div class=\"product_item\">\n                        <div class=\"product_photo\">\n                            <img decoding=\"async\" src=\"https:\/\/b6furniture.dk\/wp-content\/uploads\/2022\/11\/Fabric_Fire-retarded.png\" alt=\"KUSOV\u00dd TOVAR\">\n                        <\/div>\n                        <div class=\"product_content\">\n                            <h3 class=\"product_title\">KUSOV\u00dd TOVAR<\/h3>\n                                                            <div class=\"product_btn\">\n                                    <a href=\"\/sk\/volne-plnene-vankuse-a-konverzia-peny\/metrovy-tovar\/\" class=\"tekstsektion_btn\">VIAC INFORM\u00c1CI\u00cd<\/a>\n                                <\/div>\n                                                    <\/div>\n                    <\/div>\n                    <\/div>\n    <\/div>\n    <style type=\"text\/css\">\n        #produktsektion-block_e403969134d62058e4ca0b8c5900f3e0 {\n            margin: 75px 0;\n        }\n\n        #produktsektion-block_e403969134d62058e4ca0b8c5900f3e0 .product_container {\n            max-width: 80%;\n            margin: 0 auto;\n        }\n\n        #produktsektion-block_e403969134d62058e4ca0b8c5900f3e0 .section_title{\n            text-align: center;\n            margin-bottom: 50px;\n        }\n\n        #produktsektion-block_e403969134d62058e4ca0b8c5900f3e0 .product_title{\n            color: #1E3956;\n\t\t\t\/* max-width: 200px; *\/\n\t\t\ttext-align: center;\n\t\t\tmargin: 0 auto 25px auto;\n        }\n\n        #produktsektion-block_e403969134d62058e4ca0b8c5900f3e0 .section_title{\n            color: #1E3956;\n        }\n\n        #produktsektion-block_e403969134d62058e4ca0b8c5900f3e0 .tekstsektion_btn{\n            color: #EE9D79;\n            background: #FFFFFF;\n        }\n        \n        #produktsektion-block_e403969134d62058e4ca0b8c5900f3e0 a.tekstsektion_btn {\n            display: inline-block;\n            text-decoration: none !important;\n            padding: 5px 20px;\n            box-shadow: 0px 10px 15px -3px rgb(0 0 0 \/ 10%);\n            transition: all 0.3s ease-in-out;\n            font-weight: 600;\n            border: 2px solid currentcolor;\n        }\n\n        #produktsektion-block_e403969134d62058e4ca0b8c5900f3e0 a.tekstsektion_btn:hover {\n            box-shadow: 0px 10px 15px -3px rgb(0 0 0 \/ 30%);\n        }\n\n        #produktsektion-block_e403969134d62058e4ca0b8c5900f3e0 .product_container_items {\n            display: flex;\n            align-items: stretch;\n            justify-content: space-between;\n            flex-wrap: wrap;\n        }\n\n        #produktsektion-block_e403969134d62058e4ca0b8c5900f3e0 .product_item {\n            width: 24%;\n            text-align: center;\n            box-sizing: border-box;\n            display: flex;\n            flex-direction: column;\n        }\n\n        #produktsektion-block_e403969134d62058e4ca0b8c5900f3e0 .product_content  {\n            display: flex;\n            flex-direction: column;\n            justify-content: space-between;\n            flex-grow: 1;\n        }\n\n        #produktsektion-block_e403969134d62058e4ca0b8c5900f3e0 .product_photo {\n            height: 300px;\n            width: 100%;\n            margin-bottom: 25px;\n        }\n\n        #produktsektion-block_e403969134d62058e4ca0b8c5900f3e0 .product_photo img {\n            width: 100%;\n            height: 100%;\n            object-fit: cover;\n        }\n\n        \/* Table View *\/\n        @media only screen and (min-width: 768px) and (max-width: 991px) {\n            #produktsektion-block_e403969134d62058e4ca0b8c5900f3e0 .product_item {\n                width: 49%;\n                margin-bottom: 25px;\n            }\n            #produktsektion-block_e403969134d62058e4ca0b8c5900f3e0 .product_photo {\n                height: 250px;\n            }\n        }\n\n        \/* Mobile View *\/\n        @media only screen and (max-width: 767px) {\n            #produktsektion-block_e403969134d62058e4ca0b8c5900f3e0 {\n                margin: 48px 15px;\n            } \n\n            #produktsektion-block_e403969134d62058e4ca0b8c5900f3e0 .section_title{\n                margin-bottom: 30px;\n            }\n\n            #produktsektion-block_e403969134d62058e4ca0b8c5900f3e0 .product_container_items {\n                flex-direction: column;\n            }\n\n            #produktsektion-block_e403969134d62058e4ca0b8c5900f3e0 .product_item {\n                width: 100%;\n                margin-bottom: 25px;\n            }\n            #produktsektion-block_e403969134d62058e4ca0b8c5900f3e0 .product_photo {\n                height: 250px;\n            }\n            #produktsektion-block_e403969134d62058e4ca0b8c5900f3e0 .product_container {\n                max-width: 100%;\n                margin: 0 auto;\n            }\n        }\n    <\/style>\n\n<\/div>","protected":false},"excerpt":{"rendered":"","protected":false},"author":7,"featured_media":0,"parent":0,"menu_order":0,"comment_status":"closed","ping_status":"closed","template":"","meta":{"_acf_changed":false,"footnotes":""},"class_list":["post-3880","page","type-page","status-publish","hentry"],"acf":[],"_links":{"self":[{"href":"https:\/\/b6furniture.dk\/sk\/wp-json\/wp\/v2\/pages\/3880","targetHints":{"allow":["GET"]}}],"collection":[{"href":"https:\/\/b6furniture.dk\/sk\/wp-json\/wp\/v2\/pages"}],"about":[{"href":"https:\/\/b6furniture.dk\/sk\/wp-json\/wp\/v2\/types\/page"}],"author":[{"embeddable":true,"href":"https:\/\/b6furniture.dk\/sk\/wp-json\/wp\/v2\/users\/7"}],"replies":[{"embeddable":true,"href":"https:\/\/b6furniture.dk\/sk\/wp-json\/wp\/v2\/comments?post=3880"}],"version-history":[{"count":5,"href":"https:\/\/b6furniture.dk\/sk\/wp-json\/wp\/v2\/pages\/3880\/revisions"}],"predecessor-version":[{"id":3950,"href":"https:\/\/b6furniture.dk\/sk\/wp-json\/wp\/v2\/pages\/3880\/revisions\/3950"}],"wp:attachment":[{"href":"https:\/\/b6furniture.dk\/sk\/wp-json\/wp\/v2\/media?parent=3880"}],"curies":[{"name":"wp","href":"https:\/\/api.w.org\/{rel}","templated":true}]}}