{"id":3890,"date":"2022-11-23T11:41:44","date_gmt":"2022-11-23T10:41:44","guid":{"rendered":"https:\/\/b6furniture.dk\/skumkonvertering-og-loesfyldspuder\/saedepuder-losfyld\/"},"modified":"2023-02-01T13:21:41","modified_gmt":"2023-02-01T12:21:41","slug":"volne-plnene-podsedaky","status":"publish","type":"page","link":"https:\/\/b6furniture.dk\/sk\/volne-plnene-vankuse-a-konverzia-peny\/volne-plnene-podsedaky\/","title":{"rendered":"Vo\u013ene plnen\u00e9 podsed\u00e1ky"},"content":{"rendered":"\n<div id=\"tekstsektion-block_cab73e78be6140cb43e3b7146c799923\" class=\"tekstsektion ct-section-inner-wrap\">\n    \n    <div class=\"tekstsektion_inner\">\n                <h2 class=\"tekstsektion_title\">Vo\u013ene plnen\u00e9 podsed\u00e1ky<\/h2>\n                        <div class=\"tekstsektion_content\">\n                    <\/div>\n                    <\/div>\n\n    <style type=\"text\/css\">\n        #tekstsektion-block_cab73e78be6140cb43e3b7146c799923 {\n            margin: 32px auto;\n            background: #ffffff;\n        }\n\n        #tekstsektion-block_cab73e78be6140cb43e3b7146c799923 .tekstsektion_inner {\n            max-width: 80%;\n            margin: 0 auto;\n        }\n\n        #tekstsektion-block_cab73e78be6140cb43e3b7146c799923 .tekstsektion_title{\n            color: #1E3956;\n        }\n\n        #tekstsektion-block_cab73e78be6140cb43e3b7146c799923 .tekstsektion_content{\n            color: #1E3956;\n        }\n\n        #tekstsektion-block_cab73e78be6140cb43e3b7146c799923 .tekstsektion_btn{\n            color: #ffffff;\n            background: #EC8F66;\n        }\n        \n         #tekstsektion-block_cab73e78be6140cb43e3b7146c799923 a.tekstsektion_btn {\n            display: inline-block;\n            text-decoration: none !important;\n            padding: 10px 20px;\n            box-shadow: 0px 10px 15px -3px rgb(0 0 0 \/ 10%);\n            transition: all 0.3s ease-in-out;\n            margin-top: 15px;\n        }\n\n         #tekstsektion-block_cab73e78be6140cb43e3b7146c799923 a.tekstsektion_btn:hover {\n            box-shadow: 0px 10px 15px -3px rgb(0 0 0 \/ 30%);\n        }\n\n        \/* Mobile View *\/\n        @media only screen and (max-width: 767px) {\n            #tekstsektion-block_cab73e78be6140cb43e3b7146c799923 {\n                margin: 32px 15px;\n            }\n            #tekstsektion-block_cab73e78be6140cb43e3b7146c799923 .tekstsektion_inner {\n                max-width: 100%;\n            }\n\n        }\n    <\/style>\n\n<\/div>\n\n\n<div id=\"billede-tekstfelt-block_b369e67fb5166532ca1e85098fc79f31\" class=\"billede-tekstfelt ct-section-inner-wrap\">\n    \n    <div class=\"billede_inner\">\n        <div class=\"billede_photo\">\n            <div class=\"photo_inner\">\n                <img decoding=\"async\" src=\"https:\/\/b6furniture.dk\/wp-content\/uploads\/2022\/11\/danicore2.jpg.webp\" alt=\"DaniCore\">\n            <\/div>\n        <\/div>\n        <div class=\"billede_content\">\n            <div class=\"tablecell_content\">\n                                    <h2 class=\"billede_title\">DaniCore<\/h2>\n                                                <div class=\"billede_desc\">\n                    <p><span style=\"font-weight: 400;\">DaniCore m\u00e1 penov\u00e9 jadro, obklopen\u00e9 vo\u013enou n\u00e1pl\u0148ou. Opierka m\u00f4\u017ee by\u0165 navrhnut\u00e1 pod\u013ea \u017eelania ako reverzibiln\u00e1 alebo nereverzibiln\u00e1.<\/span><\/p>\n<p><span style=\"font-weight: 400;\">T\u00e1to kon\u0161trukcia sa \u010dasto vyr\u00e1ba s tunelov\u00fdm pre\u0161\u00edvan\u00edm. Jadro m\u00f4\u017ee by\u0165 vyroben\u00e9 s klinom vo vodiacej hrane alebo extra pripevnenou vatou.<\/span><\/p>\n<p><span style=\"font-weight: 400;\">Opierka m\u00e1 vn\u00fatorn\u00e9 \u0161vy s min. 8 stehov na 2 cm, v\u010faka \u010domu je \u0161itie odoln\u00e9 vo\u010di p\u00e1periu a periu. T\u00e1to kon\u0161trukcia je vhodn\u00e1 pre opierky aj podsed\u00e1ky.<\/span><\/p>\n<p>&nbsp;<\/p>\n<p><b>Vlastnosti:<\/b><\/p>\n<p><span style=\"font-weight: 400;\">Komfort sedenia je mo\u017en\u00e9 meni\u0165 pod\u013ea typu penov\u00e9ho jadra a v\u00fdplne. Kon\u0161trukcia s vo\u013enou v\u00fdpl\u0148ou na vonkaj\u0161ej strane a penou v strede dod\u00e1va sed\u00e1ku m\u00e4kk\u00fd vzh\u013ead, ale pevn\u00fa oporu a komfort pri seden\u00ed. Ve\u013emi odoln\u00fd sed\u00e1k s dlhou \u017eivotnos\u0165ou - najm\u00e4 ak je obojstrann\u00fd. Prilepen\u00edm klinu na predn\u00fa hranu sed\u00e1ku s najv\u00e4\u010d\u0161\u00edm za\u0165a\u017een\u00edm sa ur\u00fdchli jeho vr\u00e1tenie sa do norm\u00e1lneho stavu, \u010d\u00edm sa zn\u00ed\u017ei potreba podopierania sed\u00e1ku.<\/span><\/p>\n                <\/div>\n                            <\/div>\n        <\/div>\n       \n    <\/div>\n\n    <style type=\"text\/css\">\n        #billede-tekstfelt-block_b369e67fb5166532ca1e85098fc79f31 {\n            background: #ffffff;\n            margin: 75px auto;\n        }\n\n        #billede-tekstfelt-block_b369e67fb5166532ca1e85098fc79f31 .billede_title{\n            color: #1E3956;\n        }\n\n        #billede-tekstfelt-block_b369e67fb5166532ca1e85098fc79f31 .billede_desc{\n            color: #000000;\n        }\n\n         #billede-tekstfelt-block_b369e67fb5166532ca1e85098fc79f31 .billede_inner {\n            display: flex;\n            align-items: stretch;\n            justify-content: space-between;\n            flex-wrap: wrap;\n        }\n         #billede-tekstfelt-block_b369e67fb5166532ca1e85098fc79f31 .billede_photo {\n            width: 50%;\n        }\n\n         #billede-tekstfelt-block_b369e67fb5166532ca1e85098fc79f31 .billede_content {\n            width: 45%;\n            display: table;\n        }\n\n         #billede-tekstfelt-block_b369e67fb5166532ca1e85098fc79f31 .tablecell_content {\n            width: 100%;\n            height: 100%;\n            display: table-cell;\n            vertical-align: middle;\n            padding-right: 10%;\n        }\n\n        \/* Mobile View *\/\n        @media only screen and (max-width: 767px) {\n            #billede-tekstfelt-block_b369e67fb5166532ca1e85098fc79f31 .billede_inner {\n                flex-direction: column;\n            }\n            #billede-tekstfelt-block_b369e67fb5166532ca1e85098fc79f31 .billede_photo, #billede-tekstfelt-block_b369e67fb5166532ca1e85098fc79f31 .billede_content {\n                width: 100%;\n            }\n            #billede-tekstfelt-block_b369e67fb5166532ca1e85098fc79f31 .billede_content {\n                padding: 20px;\n            }\n            #billede-tekstfelt-block_b369e67fb5166532ca1e85098fc79f31 {\n                margin: 32px auto;\n            }\n        }\n    <\/style>\n\n<\/div>\n\n\n<p><\/p>\n\n\n\n<div id=\"billede-tekstfelt-block_0578d5bedf3415084775538b57f613d7\" class=\"billede-tekstfelt ct-section-inner-wrap\">\n    \n    <div class=\"billede_inner\">\n        <div class=\"billede_photo\">\n            <div class=\"photo_inner\">\n                <img decoding=\"async\" src=\"https:\/\/b6furniture.dk\/wp-content\/uploads\/2022\/11\/danitop2.jpg.webp\" alt=\"DaniTop\">\n            <\/div>\n        <\/div>\n        <div class=\"billede_content\">\n            <div class=\"tablecell_content\">\n                                    <h2 class=\"billede_title\">DaniTop<\/h2>\n                                                <div class=\"billede_desc\">\n                    <p><span style=\"font-weight: 400;\">DaniTop sa vyr\u00e1ba na b\u00e1ze poly\u00e9teru alebo studenej peny a vrchnej \u010dasti s vo\u013enou v\u00fdpl\u0148ou. Vrchn\u00e1 \u010das\u0165 je v\u0161it\u00e1 do tunelovit\u00fdch kan\u00e1likov, \u010do prin\u00e1\u0161a dostato\u010dn\u00fa mo\u017enos\u0165 tvarova\u0165 komfort sedenia na sed\u00e1ku pod\u013ea \u017eelania. Sed\u00e1k m\u00e1 vn\u00fatorn\u00fd \u0161ev s min. 8 stehov na 2 cm, v\u010faka \u010domu je \u0161itie odoln\u00e9 vo\u010di p\u00e1periu a periu. Sed\u00e1k sa pou\u017e\u00edva hlavne na sedadl\u00e1 a nie je reverzibiln\u00fd.<\/span><\/p>\n<p>&nbsp;<\/p>\n<p><b>Vlastnosti:<\/b><\/p>\n<p><span style=\"font-weight: 400;\">Ide\u00e1lna kon\u0161trukcia, ak chcete z\u00edska\u0165 sed\u00e1k, ktor\u00fd nie je pr\u00edli\u0161 m\u00e4kk\u00fd, ale m\u00f4\u017ee ma\u0165 \u201evzh\u013ead\u201c vo\u013ene plnen\u00e9ho sed\u00e1ka pohovky. Pou\u017eit\u00edm r\u00f4znych v\u00fdpl\u0148ov\u00fdch variantov m\u00f4\u017ee by\u0165 sed\u00e1k vyroben\u00fd s po\u017eadovan\u00fdm komfortom.<\/span><\/p>\n<p><span style=\"font-weight: 400;\">Tunelovit\u00e9 kan\u00e1liky zabra\u0148uj\u00fa \u201epres\u00favaniu sa\u201c v\u00fdplne, \u010do znamen\u00e1 minim\u00e1lnu \u00fadr\u017ebu.<\/span><\/p>\n<p><span style=\"font-weight: 400;\">Pri v\u00fdrobe bolo pou\u017eit\u00e9 ekologick\u00e9 lepidlo bez obsahu rozp\u00fa\u0161\u0165adiel.<\/span><\/p>\n                <\/div>\n                            <\/div>\n        <\/div>\n       \n    <\/div>\n\n    <style type=\"text\/css\">\n        #billede-tekstfelt-block_0578d5bedf3415084775538b57f613d7 {\n            background: #ffffff;\n            margin: 75px auto;\n        }\n\n        #billede-tekstfelt-block_0578d5bedf3415084775538b57f613d7 .billede_title{\n            color: #1E3956;\n        }\n\n        #billede-tekstfelt-block_0578d5bedf3415084775538b57f613d7 .billede_desc{\n            color: #000000;\n        }\n\n         #billede-tekstfelt-block_0578d5bedf3415084775538b57f613d7 .billede_inner {\n            display: flex;\n            align-items: stretch;\n            justify-content: space-between;\n            flex-wrap: wrap;\n        }\n         #billede-tekstfelt-block_0578d5bedf3415084775538b57f613d7 .billede_photo {\n            width: 50%;\n        }\n\n         #billede-tekstfelt-block_0578d5bedf3415084775538b57f613d7 .billede_content {\n            width: 45%;\n            display: table;\n        }\n\n         #billede-tekstfelt-block_0578d5bedf3415084775538b57f613d7 .tablecell_content {\n            width: 100%;\n            height: 100%;\n            display: table-cell;\n            vertical-align: middle;\n            padding-right: 10%;\n        }\n\n        \/* Mobile View *\/\n        @media only screen and (max-width: 767px) {\n            #billede-tekstfelt-block_0578d5bedf3415084775538b57f613d7 .billede_inner {\n                flex-direction: column;\n            }\n            #billede-tekstfelt-block_0578d5bedf3415084775538b57f613d7 .billede_photo, #billede-tekstfelt-block_0578d5bedf3415084775538b57f613d7 .billede_content {\n                width: 100%;\n            }\n            #billede-tekstfelt-block_0578d5bedf3415084775538b57f613d7 .billede_content {\n                padding: 20px;\n            }\n            #billede-tekstfelt-block_0578d5bedf3415084775538b57f613d7 {\n                margin: 32px auto;\n            }\n        }\n    <\/style>\n\n<\/div>","protected":false},"excerpt":{"rendered":"","protected":false},"author":7,"featured_media":0,"parent":3880,"menu_order":0,"comment_status":"closed","ping_status":"closed","template":"","meta":{"_acf_changed":false,"footnotes":""},"class_list":["post-3890","page","type-page","status-publish","hentry"],"acf":[],"_links":{"self":[{"href":"https:\/\/b6furniture.dk\/sk\/wp-json\/wp\/v2\/pages\/3890","targetHints":{"allow":["GET"]}}],"collection":[{"href":"https:\/\/b6furniture.dk\/sk\/wp-json\/wp\/v2\/pages"}],"about":[{"href":"https:\/\/b6furniture.dk\/sk\/wp-json\/wp\/v2\/types\/page"}],"author":[{"embeddable":true,"href":"https:\/\/b6furniture.dk\/sk\/wp-json\/wp\/v2\/users\/7"}],"replies":[{"embeddable":true,"href":"https:\/\/b6furniture.dk\/sk\/wp-json\/wp\/v2\/comments?post=3890"}],"version-history":[{"count":5,"href":"https:\/\/b6furniture.dk\/sk\/wp-json\/wp\/v2\/pages\/3890\/revisions"}],"predecessor-version":[{"id":3947,"href":"https:\/\/b6furniture.dk\/sk\/wp-json\/wp\/v2\/pages\/3890\/revisions\/3947"}],"up":[{"embeddable":true,"href":"https:\/\/b6furniture.dk\/sk\/wp-json\/wp\/v2\/pages\/3880"}],"wp:attachment":[{"href":"https:\/\/b6furniture.dk\/sk\/wp-json\/wp\/v2\/media?parent=3890"}],"curies":[{"name":"wp","href":"https:\/\/api.w.org\/{rel}","templated":true}]}}