{"id":3891,"date":"2022-11-23T11:50:14","date_gmt":"2022-11-23T10:50:14","guid":{"rendered":"https:\/\/b6furniture.dk\/skumkonvertering-og-loesfyldspuder\/ryg-og-armpuder-losfyld\/"},"modified":"2023-02-01T13:21:42","modified_gmt":"2023-02-01T12:21:42","slug":"volne-plnene-chrbtove-a-ramenne-opierky","status":"publish","type":"page","link":"https:\/\/b6furniture.dk\/sk\/volne-plnene-vankuse-a-konverzia-peny\/volne-plnene-chrbtove-a-ramenne-opierky\/","title":{"rendered":"Vo\u013ene plnen\u00e9 chrbtov\u00e9 a ramenn\u00e9 opierky"},"content":{"rendered":"\n<div id=\"tekstsektion-block_c4d6658b97470d620584a506c92f4fb1\" class=\"tekstsektion ct-section-inner-wrap\">\n    \n    <div class=\"tekstsektion_inner\">\n                <h2 class=\"tekstsektion_title\">Vo\u013ene plnen\u00e9 chrbtov\u00e9 a ramenn\u00e9 opierky<\/h2>\n                        <div class=\"tekstsektion_content\">\n                    <\/div>\n                    <\/div>\n\n    <style type=\"text\/css\">\n        #tekstsektion-block_c4d6658b97470d620584a506c92f4fb1 {\n            margin: 32px auto;\n            background: #ffffff;\n        }\n\n        #tekstsektion-block_c4d6658b97470d620584a506c92f4fb1 .tekstsektion_inner {\n            max-width: 80%;\n            margin: 0 auto;\n        }\n\n        #tekstsektion-block_c4d6658b97470d620584a506c92f4fb1 .tekstsektion_title{\n            color: #1E3956;\n        }\n\n        #tekstsektion-block_c4d6658b97470d620584a506c92f4fb1 .tekstsektion_content{\n            color: #1E3956;\n        }\n\n        #tekstsektion-block_c4d6658b97470d620584a506c92f4fb1 .tekstsektion_btn{\n            color: #ffffff;\n            background: #EC8F66;\n        }\n        \n         #tekstsektion-block_c4d6658b97470d620584a506c92f4fb1 a.tekstsektion_btn {\n            display: inline-block;\n            text-decoration: none !important;\n            padding: 10px 20px;\n            box-shadow: 0px 10px 15px -3px rgb(0 0 0 \/ 10%);\n            transition: all 0.3s ease-in-out;\n            margin-top: 15px;\n        }\n\n         #tekstsektion-block_c4d6658b97470d620584a506c92f4fb1 a.tekstsektion_btn:hover {\n            box-shadow: 0px 10px 15px -3px rgb(0 0 0 \/ 30%);\n        }\n\n        \/* Mobile View *\/\n        @media only screen and (max-width: 767px) {\n            #tekstsektion-block_c4d6658b97470d620584a506c92f4fb1 {\n                margin: 32px 15px;\n            }\n            #tekstsektion-block_c4d6658b97470d620584a506c92f4fb1 .tekstsektion_inner {\n                max-width: 100%;\n            }\n\n        }\n    <\/style>\n\n<\/div>\n\n\n<div id=\"billede-tekstfelt-block_938e6cf9de4bdf0ee1035a2565c73b45\" class=\"billede-tekstfelt ct-section-inner-wrap\">\n    \n    <div class=\"billede_inner\">\n        <div class=\"billede_photo\">\n            <div class=\"photo_inner\">\n                <img decoding=\"async\" src=\"https:\/\/b6furniture.dk\/wp-content\/uploads\/2022\/11\/daniline.jpg\" alt=\"DaniLine\">\n            <\/div>\n        <\/div>\n        <div class=\"billede_content\">\n            <div class=\"tablecell_content\">\n                                    <h2 class=\"billede_title\">DaniLine<\/h2>\n                                                <div class=\"billede_desc\">\n                    <p><span style=\"font-weight: 400;\">DaniLine je najpou\u017e\u00edvanej\u0161ou kon\u0161trukciou, pou\u017e\u00edvanou vo vo\u013ene plnen\u00fdch vank\u00fa\u0161ov\u00fdch opierkach. Vank\u00fa\u0161ov\u00e1 opierka je zostaven\u00e1 s po\u017eadovan\u00fdm po\u010dtom kan\u00e1lov. Tvrdos\u0165\/m\u00e4kkos\u0165 je ur\u010den\u00e1 typom a mno\u017estvom n\u00e1plne.<\/span><\/p>\n<p><span style=\"font-weight: 400;\">Vank\u00fa\u0161ov\u00e1 opierka m\u00e1 vn\u00fatorn\u00fd \u0161ev s min. 8 stehov na 2 cm, v\u010faka \u010domu je \u0161ev odoln\u00fd vo\u010di p\u00e1periu a periu.<\/span><\/p>\n<p><span style=\"font-weight: 400;\">T\u00e1to kon\u0161trukcia je vhodn\u00e1 pre vank\u00fa\u0161ov\u00e9 opierky chrbta, r\u00fak a sedadiel.<\/span><\/p>\n<p>&nbsp;<\/p>\n<p><b>Vlastnosti:<\/b><\/p>\n<p><span style=\"font-weight: 400;\">Vank\u00fa\u0161ov\u00e1 opierka sa d\u00e1 \u013eahko tvarova\u0165 pod\u013ea \u017eelania. Napr\u00edklad chrbtov\u00e1 opierka m\u00f4\u017ee by\u0165 vybaven\u00e1 dodato\u010dnou v\u00fdpl\u0148ou v spodnom kan\u00e1li, \u010d\u00edm poskytuje optim\u00e1lnu oporu oblasti bedier. Pohodlie vank\u00fa\u0161ovej opierky sa l\u00ed\u0161i pod\u013ea typu a mno\u017estva zvolenej v\u00fdplne. Kan\u00e1ly dr\u017eia v\u00fdpl\u0148 na mieste, \u010d\u00edm sa minimalizuje potreba podpory.<\/span><\/p>\n                <\/div>\n                            <\/div>\n        <\/div>\n       \n    <\/div>\n\n    <style type=\"text\/css\">\n        #billede-tekstfelt-block_938e6cf9de4bdf0ee1035a2565c73b45 {\n            background: #ffffff;\n            margin: 75px auto;\n        }\n\n        #billede-tekstfelt-block_938e6cf9de4bdf0ee1035a2565c73b45 .billede_title{\n            color: #1E3956;\n        }\n\n        #billede-tekstfelt-block_938e6cf9de4bdf0ee1035a2565c73b45 .billede_desc{\n            color: #000000;\n        }\n\n         #billede-tekstfelt-block_938e6cf9de4bdf0ee1035a2565c73b45 .billede_inner {\n            display: flex;\n            align-items: stretch;\n            justify-content: space-between;\n            flex-wrap: wrap;\n        }\n         #billede-tekstfelt-block_938e6cf9de4bdf0ee1035a2565c73b45 .billede_photo {\n            width: 50%;\n        }\n\n         #billede-tekstfelt-block_938e6cf9de4bdf0ee1035a2565c73b45 .billede_content {\n            width: 45%;\n            display: table;\n        }\n\n         #billede-tekstfelt-block_938e6cf9de4bdf0ee1035a2565c73b45 .tablecell_content {\n            width: 100%;\n            height: 100%;\n            display: table-cell;\n            vertical-align: middle;\n            padding-right: 10%;\n        }\n\n        \/* Mobile View *\/\n        @media only screen and (max-width: 767px) {\n            #billede-tekstfelt-block_938e6cf9de4bdf0ee1035a2565c73b45 .billede_inner {\n                flex-direction: column;\n            }\n            #billede-tekstfelt-block_938e6cf9de4bdf0ee1035a2565c73b45 .billede_photo, #billede-tekstfelt-block_938e6cf9de4bdf0ee1035a2565c73b45 .billede_content {\n                width: 100%;\n            }\n            #billede-tekstfelt-block_938e6cf9de4bdf0ee1035a2565c73b45 .billede_content {\n                padding: 20px;\n            }\n            #billede-tekstfelt-block_938e6cf9de4bdf0ee1035a2565c73b45 {\n                margin: 32px auto;\n            }\n        }\n    <\/style>\n\n<\/div>\n\n\n<div id=\"billede-tekstfelt-block_f9d6b54d7ec88eb3912307da21cb9c78\" class=\"billede-tekstfelt ct-section-inner-wrap\">\n    \n    <div class=\"billede_inner\">\n        <div class=\"billede_photo\">\n            <div class=\"photo_inner\">\n                <img decoding=\"async\" src=\"https:\/\/b6furniture.dk\/wp-content\/uploads\/2022\/11\/danibox.jpg\" alt=\"DaniBox\">\n            <\/div>\n        <\/div>\n        <div class=\"billede_content\">\n            <div class=\"tablecell_content\">\n                                    <h2 class=\"billede_title\">DaniBox<\/h2>\n                                                <div class=\"billede_desc\">\n                    <p><span style=\"font-weight: 400;\">Vank\u00fa\u0161ov\u00e1 opierka je zostaven\u00e1 v po\u017eadovanom po\u010dte \u0161tvorcov.<\/span><\/p>\n<p><span style=\"font-weight: 400;\">V\u00e4\u010d\u0161ie chrbtov\u00e9 vank\u00fa\u0161e je mo\u017en\u00e9 vyrobi\u0165 s 9 alebo 12 \u0161tvorcami, aby sa v\u00fdpl\u0148 \u010do najmenej \u201epohybovala\u201c.<\/span><\/p>\n<p><span style=\"font-weight: 400;\">Tvrdos\u0165\/m\u00e4kkos\u0165 je ur\u010den\u00e1 v\u00fdberom plniva a jeho mno\u017estvom.<\/span><\/p>\n<p><span style=\"font-weight: 400;\">Vank\u00fa\u0161ov\u00e1 opierka m\u00e1 vn\u00fatorn\u00fd \u0161ev s min. 8 stehov na 2 cm, v\u010faka \u010domu je \u0161ev odoln\u00fd vo\u010di p\u00e1periu a periu. T\u00e1to kon\u0161trukcia je predov\u0161etk\u00fdm vhodn\u00e1 pre chrbtov\u00e9 a ramenn\u00e9 opierky a najm\u00e4 pre v\u00e4\u010d\u0161ie chrbtov\u00e9 opierky.<\/span><\/p>\n<p>&nbsp;<\/p>\n<p><b>Vlastnosti:<\/b><\/p>\n<p><span style=\"font-weight: 400;\">Vank\u00fa\u0161ov\u00e1 opierka sa d\u00e1 \u013eahko tvarova\u0165 pod\u013ea \u017eelania. Napr\u00edklad chrbtov\u00fd vank\u00fa\u0161 m\u00f4\u017ee by\u0165 vybaven\u00fd dodato\u010dnou v\u00fdpl\u0148ou v doln\u00fdch kan\u00e1loch, \u010d\u00edm poskytne optim\u00e1lnu oporu oblasti bedier. Pohodlie vank\u00fa\u0161ovej opierky sa l\u00ed\u0161i pod\u013ea typu a mno\u017estva zvolenej v\u00fdplne. \u0160tvorce dr\u017eia v\u00fdpl\u0148 na mieste, tak\u017ee sa nepohybuje nerovnomerne v oblasti opierky, \u010d\u00edm sa z\u00e1rove\u0148 minimalizuje potreba podpory.<\/span><\/p>\n                <\/div>\n                            <\/div>\n        <\/div>\n       \n    <\/div>\n\n    <style type=\"text\/css\">\n        #billede-tekstfelt-block_f9d6b54d7ec88eb3912307da21cb9c78 {\n            background: #ffffff;\n            margin: 75px auto;\n        }\n\n        #billede-tekstfelt-block_f9d6b54d7ec88eb3912307da21cb9c78 .billede_title{\n            color: #1E3956;\n        }\n\n        #billede-tekstfelt-block_f9d6b54d7ec88eb3912307da21cb9c78 .billede_desc{\n            color: #000000;\n        }\n\n         #billede-tekstfelt-block_f9d6b54d7ec88eb3912307da21cb9c78 .billede_inner {\n            display: flex;\n            align-items: stretch;\n            justify-content: space-between;\n            flex-wrap: wrap;\n        }\n         #billede-tekstfelt-block_f9d6b54d7ec88eb3912307da21cb9c78 .billede_photo {\n            width: 50%;\n        }\n\n         #billede-tekstfelt-block_f9d6b54d7ec88eb3912307da21cb9c78 .billede_content {\n            width: 45%;\n            display: table;\n        }\n\n         #billede-tekstfelt-block_f9d6b54d7ec88eb3912307da21cb9c78 .tablecell_content {\n            width: 100%;\n            height: 100%;\n            display: table-cell;\n            vertical-align: middle;\n            padding-right: 10%;\n        }\n\n        \/* Mobile View *\/\n        @media only screen and (max-width: 767px) {\n            #billede-tekstfelt-block_f9d6b54d7ec88eb3912307da21cb9c78 .billede_inner {\n                flex-direction: column;\n            }\n            #billede-tekstfelt-block_f9d6b54d7ec88eb3912307da21cb9c78 .billede_photo, #billede-tekstfelt-block_f9d6b54d7ec88eb3912307da21cb9c78 .billede_content {\n                width: 100%;\n            }\n            #billede-tekstfelt-block_f9d6b54d7ec88eb3912307da21cb9c78 .billede_content {\n                padding: 20px;\n            }\n            #billede-tekstfelt-block_f9d6b54d7ec88eb3912307da21cb9c78 {\n                margin: 32px auto;\n            }\n        }\n    <\/style>\n\n<\/div>","protected":false},"excerpt":{"rendered":"","protected":false},"author":7,"featured_media":0,"parent":3880,"menu_order":2,"comment_status":"closed","ping_status":"closed","template":"","meta":{"_acf_changed":false,"footnotes":""},"class_list":["post-3891","page","type-page","status-publish","hentry"],"acf":[],"_links":{"self":[{"href":"https:\/\/b6furniture.dk\/sk\/wp-json\/wp\/v2\/pages\/3891","targetHints":{"allow":["GET"]}}],"collection":[{"href":"https:\/\/b6furniture.dk\/sk\/wp-json\/wp\/v2\/pages"}],"about":[{"href":"https:\/\/b6furniture.dk\/sk\/wp-json\/wp\/v2\/types\/page"}],"author":[{"embeddable":true,"href":"https:\/\/b6furniture.dk\/sk\/wp-json\/wp\/v2\/users\/7"}],"replies":[{"embeddable":true,"href":"https:\/\/b6furniture.dk\/sk\/wp-json\/wp\/v2\/comments?post=3891"}],"version-history":[{"count":5,"href":"https:\/\/b6furniture.dk\/sk\/wp-json\/wp\/v2\/pages\/3891\/revisions"}],"predecessor-version":[{"id":3931,"href":"https:\/\/b6furniture.dk\/sk\/wp-json\/wp\/v2\/pages\/3891\/revisions\/3931"}],"up":[{"embeddable":true,"href":"https:\/\/b6furniture.dk\/sk\/wp-json\/wp\/v2\/pages\/3880"}],"wp:attachment":[{"href":"https:\/\/b6furniture.dk\/sk\/wp-json\/wp\/v2\/media?parent=3891"}],"curies":[{"name":"wp","href":"https:\/\/api.w.org\/{rel}","templated":true}]}}