{"id":3892,"date":"2022-11-23T11:57:27","date_gmt":"2022-11-23T10:57:27","guid":{"rendered":"https:\/\/b6furniture.dk\/skumkonvertering-og-loesfyldspuder\/fyldkomponenter\/"},"modified":"2023-02-01T13:21:42","modified_gmt":"2023-02-01T12:21:42","slug":"plniace-komponenty","status":"publish","type":"page","link":"https:\/\/b6furniture.dk\/sk\/volne-plnene-vankuse-a-konverzia-peny\/plniace-komponenty\/","title":{"rendered":"Plniace komponenty"},"content":{"rendered":"\n<div id=\"tekstsektion-block_e717d6a1d3eb5634d91464599f5a2711\" class=\"tekstsektion ct-section-inner-wrap\">\n    \n    <div class=\"tekstsektion_inner\">\n                <h2 class=\"tekstsektion_title\">Plniace komponenty<\/h2>\n                        <div class=\"tekstsektion_content\">\n                    <\/div>\n                    <\/div>\n\n    <style type=\"text\/css\">\n        #tekstsektion-block_e717d6a1d3eb5634d91464599f5a2711 {\n            margin: 32px auto;\n            background: #ffffff;\n        }\n\n        #tekstsektion-block_e717d6a1d3eb5634d91464599f5a2711 .tekstsektion_inner {\n            max-width: 80%;\n            margin: 0 auto;\n        }\n\n        #tekstsektion-block_e717d6a1d3eb5634d91464599f5a2711 .tekstsektion_title{\n            color: #1E3956;\n        }\n\n        #tekstsektion-block_e717d6a1d3eb5634d91464599f5a2711 .tekstsektion_content{\n            color: #1E3956;\n        }\n\n        #tekstsektion-block_e717d6a1d3eb5634d91464599f5a2711 .tekstsektion_btn{\n            color: #ffffff;\n            background: #EC8F66;\n        }\n        \n         #tekstsektion-block_e717d6a1d3eb5634d91464599f5a2711 a.tekstsektion_btn {\n            display: inline-block;\n            text-decoration: none !important;\n            padding: 10px 20px;\n            box-shadow: 0px 10px 15px -3px rgb(0 0 0 \/ 10%);\n            transition: all 0.3s ease-in-out;\n            margin-top: 15px;\n        }\n\n         #tekstsektion-block_e717d6a1d3eb5634d91464599f5a2711 a.tekstsektion_btn:hover {\n            box-shadow: 0px 10px 15px -3px rgb(0 0 0 \/ 30%);\n        }\n\n        \/* Mobile View *\/\n        @media only screen and (max-width: 767px) {\n            #tekstsektion-block_e717d6a1d3eb5634d91464599f5a2711 {\n                margin: 32px 15px;\n            }\n            #tekstsektion-block_e717d6a1d3eb5634d91464599f5a2711 .tekstsektion_inner {\n                max-width: 100%;\n            }\n\n        }\n    <\/style>\n\n<\/div>\n\n\n<div id=\"produktudvalg-block_f373963d89144a6de3ccec7b7790ca14\" class=\"produktudvalg ct-section-inner-wrap\">\n\n    <div class=\"product_container\">\n        <div class=\"product_container_items\">\n                                <div class=\"product_item\">\n                        <div class=\"product_photo\">\n                            <img decoding=\"async\" src=\"https:\/\/b6furniture.dk\/wp-content\/uploads\/2022\/11\/Sofuglefjer.png\" alt=\"Perie z morsk\u00fdch vt\u00e1kov \">\n                        <\/div>\n\t\t\t\t\t\t                        <div class=\"product_content\">\n                                                        <h3 class=\"product_title\">Perie z morsk\u00fdch vt\u00e1kov <\/h3>\n                                                                                        <div class=\"product_desc\"><p><span style=\"font-weight: 400;\">S\u00fa\u010das\u0165 typu v\u00fdplne tvor\u00ed okr\u00fahle perie morsk\u00fdch vt\u00e1kov, v\u010faka \u010domu s\u00fa na\u0161e vank\u00fa\u0161e vzdu\u0161n\u00e9 a nad\u00fdchan\u00e9. Vank\u00fa\u0161 s per\u00edm z morsk\u00fdch vt\u00e1kov zostane nad\u00fdchan\u00fd po mnoho rokov, sta\u010d\u00ed ho z \u010dasu na \u010das pretrias\u0165.<\/span><span style=\"font-weight: 400;\"><br \/>\n<\/span><\/p>\n<p><span style=\"font-weight: 400;\">Perie triedime pod\u013ea nosnosti a jemnosti, pou\u017e\u00edvame len t\u00fa najlep\u0161iu kvalitu. Perie odober\u00e1me od dod\u00e1vate\u013ea zo Z\u00e1padnej Eur\u00f3py. Zais\u0165ujeme t\u00fdm nielen vysok\u00fa kvalitu, ale aj to, \u017ee vt\u00e1ky s\u00fa zab\u00edjan\u00e9 na \u00fa\u010dely pou\u017eitia v potravin\u00e1rskom priemysle.<\/span><span style=\"font-weight: 400;\"><br \/>\n<\/span><\/p>\n<p><span style=\"font-weight: 400;\">Ka\u017ed\u00e1 dod\u00e1vka je testovan\u00e1 v na\u0161om vlastnom laborat\u00f3riu vyu\u017eit\u00edm na\u0161ej vlastnej testovacej met\u00f3dy. T\u00fdm garantujeme, \u017ee perie m\u00e1 spr\u00e1vny objem v neza\u0165a\u017eenom aj za\u0165a\u017eenom stave. Perie je pran\u00e9 a o\u0161etrovan\u00e9 pod\u013ea nemeck\u00fdch predpisov RAL.<\/span><\/p>\n<\/div>\n                                                                                <\/div>\n\t\t\t\t\t\t                    <\/div>\n                                <div class=\"product_item\">\n                        <div class=\"product_photo\">\n                            <img decoding=\"async\" src=\"https:\/\/b6furniture.dk\/wp-content\/uploads\/2022\/11\/Softfill-staplefiber.png\" alt=\"Vl\u00e1kno | Softfill strihan\u00e9 vl\u00e1kno\">\n                        <\/div>\n\t\t\t\t\t\t                        <div class=\"product_content\">\n                                                        <h3 class=\"product_title\">Vl\u00e1kno | Softfill strihan\u00e9 vl\u00e1kno<\/h3>\n                                                                                        <div class=\"product_desc\"><p><span style=\"font-weight: 400;\">Strihan\u00e9 vl\u00e1kno je vl\u00e1kno v \u201eprame\u0148och\u201c, dod\u00e1va sa nezviazan\u00e9, \u010d\u00edm poskytuje najv\u00e4\u010d\u0161\u00ed mo\u017en\u00fd objem. V porovnan\u00ed s gu\u013e\u00f4\u010dkov\u00fdm vl\u00e1knom nem\u00e1 strihan\u00e9 vl\u00e1kno rovnak\u00fa regenera\u010dn\u00fa schopnos\u0165.<\/span><\/p>\n<p><span style=\"font-weight: 400;\">Softfill strihan\u00e9 vl\u00e1kno m\u00f4\u017ee by\u0165 pou\u017e\u00edvan\u00e9 aj ako spoma\u013eova\u010d horenia.<\/span><\/p>\n<\/div>\n                                                                                <\/div>\n\t\t\t\t\t\t                    <\/div>\n                                <div class=\"product_item\">\n                        <div class=\"product_photo\">\n                            <img decoding=\"async\" src=\"https:\/\/b6furniture.dk\/wp-content\/uploads\/2022\/11\/Softball-kuglefiber.png\" alt=\"Vl\u00e1kno | Softball gu\u013e\u00f4\u010dkov\u00e9 vl\u00e1kno\">\n                        <\/div>\n\t\t\t\t\t\t                        <div class=\"product_content\">\n                                                        <h3 class=\"product_title\">Vl\u00e1kno | Softball gu\u013e\u00f4\u010dkov\u00e9 vl\u00e1kno<\/h3>\n                                                                                        <div class=\"product_desc\"><p><span style=\"font-weight: 400;\">Gu\u013e\u00f4\u010dkov\u00e9 vl\u00e1kno pozost\u00e1va zo vz\u00e1jomne prepojen\u00fdch koherentn\u00fdch vl\u00e1kien, vyroben\u00fdch zo strihan\u00fdch vl\u00e1kien. Gu\u013e\u00f4\u010dkov\u00e9 vl\u00e1kno sa \u201edv\u00edha\u201c r\u00fdchlej\u0161ie ako strihan\u00e9 vl\u00e1kno a znesie v\u00e4\u010d\u0161iu z\u00e1\u0165a\u017e. Testy preuk\u00e1zali, \u017ee r\u00fdchlos\u0165 regener\u00e1cie je v\u00fdrazne ni\u017e\u0161ia pre spriadan\u00e9 vl\u00e1kna ako pre strihan\u00e9 vl\u00e1kna.<\/span><\/p>\n<\/div>\n                                                                                <\/div>\n\t\t\t\t\t\t                    <\/div>\n                    <\/div>\n    <\/div>\n    <style type=\"text\/css\">\n        #produktudvalg-block_f373963d89144a6de3ccec7b7790ca14 {\n            margin: 32px auto;\n        }\n\n        #produktudvalg-block_f373963d89144a6de3ccec7b7790ca14 .product_container {\n            max-width: 80%;\n            margin: 0 auto;\n        }\n\n        #produktudvalg-block_f373963d89144a6de3ccec7b7790ca14 .product_title{\n            color: #FFFFFF;\n            background-color: #1E3956;\n        }\n\n        #produktudvalg-block_f373963d89144a6de3ccec7b7790ca14 .product_container_items {\n            display: flex;\n            align-items: stretch;\n            justify-content: space-between;\n            flex-wrap: wrap;\n        }\n\n        #produktudvalg-block_f373963d89144a6de3ccec7b7790ca14 .product_item {\n            width: 32%;\n            text-align: left;\n            box-sizing: border-box;\n        }\n                #produktudvalg-block_f373963d89144a6de3ccec7b7790ca14 .product_photo {\n            height: 350px;\n            width: 100%;\n            padding: 10px 20px 0;\n        }\n\n        #produktudvalg-block_f373963d89144a6de3ccec7b7790ca14 .product_content {\n            padding: 25px;\n            position: relative;\n            display: flex;\n            flex-direction: column;\n            align-items: flex-start;\n        }\n\n        #produktudvalg-block_f373963d89144a6de3ccec7b7790ca14 .product_title {\n            \/* position: absolute;\n            top: -15px;\n            left: 6px; \n            margin: 0;*\/\n            margin-top: -45px;\n            margin-left: -16px;\n            padding: 8px 16px;\n        }\n        \n        #produktudvalg-block_f373963d89144a6de3ccec7b7790ca14 .product_desc {\n            \/* margin-top: 20px; *\/\n            color: #1E3956;\n        }\n        \n        #produktudvalg-block_f373963d89144a6de3ccec7b7790ca14 .feature_item {\n            color: #1E3956;\n        }\n\n        #produktudvalg-block_f373963d89144a6de3ccec7b7790ca14 .product_photo img {\n            width: 100%;\n            height: 100%;\n            object-fit: cover;\n        }\n\n        \/* Table View *\/\n        @media only screen and (min-width: 768px) and (max-width: 991px) {\n            #produktudvalg-block_f373963d89144a6de3ccec7b7790ca14 .product_photo {\n                height: 300px;\n            }\n            \n            #produktudvalg-block_f373963d89144a6de3ccec7b7790ca14 .product_item {\n            width: 50%;\n            }\n        }\n\n        \/* Mobile View *\/\n        @media only screen and (max-width: 767px) {\n            #produktudvalg-block_f373963d89144a6de3ccec7b7790ca14  {\n                margin: 32px 15px;\n            }\n\n            #produktudvalg-block_f373963d89144a6de3ccec7b7790ca14 .product_container {\n                max-width: 100%;\n            }\n\n            #produktudvalg-block_f373963d89144a6de3ccec7b7790ca14 .section_title{\n                margin-bottom: 30px;\n            }\n\n            #produktudvalg-block_f373963d89144a6de3ccec7b7790ca14 .product_container_items {\n                flex-direction: column;\n            }\n\n            #produktudvalg-block_f373963d89144a6de3ccec7b7790ca14 .product_item {\n                width: 100%;\n                margin-bottom: 25px;\n            }\n            #produktudvalg-block_f373963d89144a6de3ccec7b7790ca14 .product_photo {\n                height: 250px;\n            }\n        }\n    <\/style>\n\n<\/div>\n\n\n<div id=\"billedekarrussel-inkl-block_6eab9df5a5df60e32b3ca766aa72e111\" class=\"billedekarrussel-inkl ct-section-inner-wrap\">\n    \n    <div class=\"billede_inner\">\n        <div class=\"billede_content\">\n            <div class=\"tablecell_content\">\n                <div class=\"gallery_max_photo\">\n                                            <div class=\"gallery_photo_wrapper\">\n                            <img decoding=\"async\" class=\"gallery_max_item\" src=\"https:\/\/b6furniture.dk\/wp-content\/uploads\/2021\/12\/Skum-granulat.png\" alt=\"Pena\">\n                        <\/div>\n                                    <\/div>\n                <div class=\"gallery_thumbnail\">\n                                                                <div class=\"gallery_thumbnail_item\">\n                            <img decoding=\"async\" class=\"gallery_item\" src=\"https:\/\/b6furniture.dk\/wp-content\/uploads\/2021\/12\/Skum-granulat.png\" alt=\"Pena\" \/>\n                        <\/div>\n                                            <div class=\"gallery_thumbnail_item\">\n                            <img decoding=\"async\" class=\"gallery_item\" src=\"https:\/\/b6furniture.dk\/wp-content\/uploads\/2021\/12\/Skum-spaghetti.png\" alt=\"Pena\" \/>\n                        <\/div>\n                                                        <\/div>\n            <\/div>\n        <\/div>\n        <div class=\"billede_right\">\n            <div class=\"right_content\">\n                                <h2 class=\"tekstsektion_title\">Pena<\/h2>\n                                                    <div class=\"tekstsektion_content\">\n                        <p><span style=\"font-weight: 400;\">Pena m\u00f4\u017ee by\u0165 pou\u017eit\u00e1 ako samostatn\u00e9 plnivo alebo v zmesiach s per\u00edm a\/alebo vl\u00e1knami. Zahrnutie \u010fal\u0161\u00edch pln\u00edv do zmes\u00ed s penou zabra\u0148ujeme \u201ezhlukovaniu\u201c pln\u00edv.<\/span><\/p>\n<p><span style=\"font-weight: 400;\">Na zv\u00fd\u0161enie pohyblivosti v\u00fdplne vo vank\u00fa\u0161i je mo\u017en\u00e9 prida\u0165 perie a vl\u00e1kna, \u010d\u00edm sa vank\u00fa\u0161 \u013eah\u0161ie stane nad\u00fdchan\u00fdm. Pena ako v\u00fdpl\u0148 pozost\u00e1va z najr\u00f4znej\u0161\u00edch zmes\u00ed r\u00f4znej kvality; je narezan\u00e1 na mal\u00e9 k\u00fasky, \u010d\u00edm zost\u00e1va povrch vank\u00fa\u0161a rovnomern\u00fd.<\/span><\/p>\n<p>&nbsp;<\/p>\n<p><b>Pena ako plnivo je dostupn\u00e1 v r\u00f4znych kvalit\u00e1ch:<\/b><\/p>\n<ul>\n<li style=\"font-weight: 400;\" aria-level=\"1\"><span style=\"font-weight: 400;\">Granule (str\u00fahan\u00e1 pena)<\/span><\/li>\n<li style=\"font-weight: 400;\" aria-level=\"1\"><span style=\"font-weight: 400;\">\u0160pagety (narezan\u00e1 na mal\u00e9 pr\u00fa\u017eky)<\/span><\/li>\n<li style=\"font-weight: 400;\" aria-level=\"1\"><span style=\"font-weight: 400;\">Pali\u010dky (nakr\u00e1jan\u00e1 na mal\u00e9 k\u00fasky \u201ekoso\u0161tvorcov\u00e9ho\u201c typu)<\/span><\/li>\n<\/ul>\n<p>&nbsp;<\/p>\n<p><span style=\"font-weight: 400;\">Pena, pou\u017e\u00edvan\u00e1 v B6 A\/S, je dod\u00e1van\u00e1 uzn\u00e1van\u00fdmi dod\u00e1vate\u013emi a je vyroben\u00e1 v s\u00falade s aktu\u00e1lnymi environment\u00e1lnymi predpismi. Pena sa dod\u00e1va so spr\u00e1vou o sk\u00fa\u0161ke, \u010d\u00edm vieme n\u00e1sledne skontrolova\u0165 zhodu kvality a tolerancie.<\/span><\/p>\n                    <\/div>\n                            <\/div>\n        <\/div>\n    <\/div>\n\n    <style type=\"text\/css\">\n        #billedekarrussel-inkl-block_6eab9df5a5df60e32b3ca766aa72e111 {\n            margin: 0px auto;\n        }\n\n        #billedekarrussel-inkl-block_6eab9df5a5df60e32b3ca766aa72e111 .billede_inner{\n            max-width: 80%;\n            margin: 0 auto;\n        }\n\n        #billedekarrussel-inkl-block_6eab9df5a5df60e32b3ca766aa72e111 .tekstsektion_title{\n            color: #1E3956;\n        }\n\n        #billedekarrussel-inkl-block_6eab9df5a5df60e32b3ca766aa72e111 .tekstsektion_content{\n            color: #1E3956;\n        }\n\n        #billedekarrussel-inkl-block_6eab9df5a5df60e32b3ca766aa72e111 .tekstsektion_btn{\n            color: ;\n            background: ;\n        }\n\n         #billedekarrussel-inkl-block_6eab9df5a5df60e32b3ca766aa72e111 .billede_inner {\n            display: flex;\n            align-items: flex-start;\n            justify-content: space-between;\n            flex-wrap: wrap;\n        }\n        #billedekarrussel-inkl-block_6eab9df5a5df60e32b3ca766aa72e111 .billede_right,  #billedekarrussel-inkl-block_6eab9df5a5df60e32b3ca766aa72e111 .billede_content {\n            width: 48%;\n            box-sizing: border-box;\n        }\n        \n        #billedekarrussel-inkl-block_6eab9df5a5df60e32b3ca766aa72e111 .gallery_max_item {\n            width: 100%;\n        }\n\n        #billedekarrussel-inkl-block_6eab9df5a5df60e32b3ca766aa72e111 .gallery_thumbnail {\n            display: flex;\n            align-items: center;\n            margin-top: 20px;\n        }\n\n        #billedekarrussel-inkl-block_6eab9df5a5df60e32b3ca766aa72e111 .gallery_thumbnail_item {\n            width: 100%;\n            margin: 0 5px;\n            cursor: pointer;\n        }\n\n        #billedekarrussel-inkl-block_6eab9df5a5df60e32b3ca766aa72e111 .gallery_thumbnail .gallery_thumbnail_item:first-child {\n            margin-left: 0;\n        }\n\n        #billedekarrussel-inkl-block_6eab9df5a5df60e32b3ca766aa72e111 .gallery_thumbnail .gallery_thumbnail_item:last-child  {\n            margin-right: 0;\n        }\n\n        \/* Mobile View *\/\n        @media only screen and (max-width: 767px) {\n            #billedekarrussel-inkl-block_6eab9df5a5df60e32b3ca766aa72e111 {\n                margin: 0px auto;\n            }\n\n            #billedekarrussel-inkl-block_6eab9df5a5df60e32b3ca766aa72e111 .billede_inner{\n                max-width: 100%;\n            }\n\n            #billedekarrussel-inkl-block_6eab9df5a5df60e32b3ca766aa72e111 .billede_inner {\n                flex-direction: column;\n            }\n            #billedekarrussel-inkl-block_6eab9df5a5df60e32b3ca766aa72e111 .billede_right, #billedekarrussel-inkl-block_6eab9df5a5df60e32b3ca766aa72e111 .billede_content {\n                width: 100%;\n            }\n            #billedekarrussel-inkl-block_6eab9df5a5df60e32b3ca766aa72e111 .billede_content, #billedekarrussel-inkl-block_6eab9df5a5df60e32b3ca766aa72e111 .billede_right {\n                padding: 0 15px;\n            }\n            \n        }\n    <\/style>\n<\/div>\n\n\n\n<div id=\"billede-tekstfelt-block_8424b8171fc7364d78764941c3d2a2e8\" class=\"billede-tekstfelt ct-section-inner-wrap\">\n    \n    <div class=\"billede_inner\">\n        <div class=\"billede_photo\">\n            <div class=\"photo_inner\">\n                <img decoding=\"async\" src=\"https:\/\/b6furniture.dk\/wp-content\/uploads\/2022\/11\/Latex.png\" alt=\"Latex\">\n            <\/div>\n        <\/div>\n        <div class=\"billede_content\">\n            <div class=\"tablecell_content\">\n                                    <h2 class=\"billede_title\">Latex<\/h2>\n                                                <div class=\"billede_desc\">\n                    <p><span style=\"font-weight: 400;\">Latex predstavuje \u0165a\u017ek\u00fd a elastick\u00fd typ peny. V\u00fdsledkom pou\u017eitia latexu ako v\u00fdpl\u0148ov\u00e9ho materi\u00e1lu z\u00edskame pomerne \u0165a\u017ek\u00e9 a pevn\u00e9 vank\u00fa\u0161e, ktor\u00e9 s\u00fa z\u00e1rove\u0148 m\u00e4kk\u00e9 a \u201e\u017eiv\u00e9\u201c.<\/span><\/p>\n<p><span style=\"font-weight: 400;\">Ako s\u00fa\u010das\u0165 zmes\u00ed latex poskytuje vynikaj\u00faci komfort sedenia- napr\u00edklad s per\u00edm morsk\u00fdch vt\u00e1kov alebo silikonizovan\u00fdmi vl\u00e1knami.<\/span><\/p>\n<p><span style=\"font-weight: 400;\">B6 pou\u017e\u00edva iba latex typu Talalay. V\u00fdsledkom je ve\u013emi konzistentn\u00fd vank\u00fa\u0161 vysokej kvality.<\/span><\/p>\n                <\/div>\n                            <\/div>\n        <\/div>\n       \n    <\/div>\n\n    <style type=\"text\/css\">\n        #billede-tekstfelt-block_8424b8171fc7364d78764941c3d2a2e8 {\n            background: #ffffff;\n            margin: 75px auto;\n        }\n\n        #billede-tekstfelt-block_8424b8171fc7364d78764941c3d2a2e8 .billede_title{\n            color: #1E3956;\n        }\n\n        #billede-tekstfelt-block_8424b8171fc7364d78764941c3d2a2e8 .billede_desc{\n            color: #000000;\n        }\n\n         #billede-tekstfelt-block_8424b8171fc7364d78764941c3d2a2e8 .billede_inner {\n            display: flex;\n            align-items: stretch;\n            justify-content: space-between;\n            flex-wrap: wrap;\n        }\n         #billede-tekstfelt-block_8424b8171fc7364d78764941c3d2a2e8 .billede_photo {\n            width: 50%;\n        }\n\n         #billede-tekstfelt-block_8424b8171fc7364d78764941c3d2a2e8 .billede_content {\n            width: 45%;\n            display: table;\n        }\n\n         #billede-tekstfelt-block_8424b8171fc7364d78764941c3d2a2e8 .tablecell_content {\n            width: 100%;\n            height: 100%;\n            display: table-cell;\n            vertical-align: middle;\n            padding-right: 10%;\n        }\n\n        \/* Mobile View *\/\n        @media only screen and (max-width: 767px) {\n            #billede-tekstfelt-block_8424b8171fc7364d78764941c3d2a2e8 .billede_inner {\n                flex-direction: column;\n            }\n            #billede-tekstfelt-block_8424b8171fc7364d78764941c3d2a2e8 .billede_photo, #billede-tekstfelt-block_8424b8171fc7364d78764941c3d2a2e8 .billede_content {\n                width: 100%;\n            }\n            #billede-tekstfelt-block_8424b8171fc7364d78764941c3d2a2e8 .billede_content {\n                padding: 20px;\n            }\n            #billede-tekstfelt-block_8424b8171fc7364d78764941c3d2a2e8 {\n                margin: 32px auto;\n            }\n        }\n    <\/style>\n\n<\/div>","protected":false},"excerpt":{"rendered":"","protected":false},"author":7,"featured_media":0,"parent":3880,"menu_order":3,"comment_status":"closed","ping_status":"closed","template":"","meta":{"_acf_changed":false,"footnotes":""},"class_list":["post-3892","page","type-page","status-publish","hentry"],"acf":[],"_links":{"self":[{"href":"https:\/\/b6furniture.dk\/sk\/wp-json\/wp\/v2\/pages\/3892","targetHints":{"allow":["GET"]}}],"collection":[{"href":"https:\/\/b6furniture.dk\/sk\/wp-json\/wp\/v2\/pages"}],"about":[{"href":"https:\/\/b6furniture.dk\/sk\/wp-json\/wp\/v2\/types\/page"}],"author":[{"embeddable":true,"href":"https:\/\/b6furniture.dk\/sk\/wp-json\/wp\/v2\/users\/7"}],"replies":[{"embeddable":true,"href":"https:\/\/b6furniture.dk\/sk\/wp-json\/wp\/v2\/comments?post=3892"}],"version-history":[{"count":5,"href":"https:\/\/b6furniture.dk\/sk\/wp-json\/wp\/v2\/pages\/3892\/revisions"}],"predecessor-version":[{"id":3932,"href":"https:\/\/b6furniture.dk\/sk\/wp-json\/wp\/v2\/pages\/3892\/revisions\/3932"}],"up":[{"embeddable":true,"href":"https:\/\/b6furniture.dk\/sk\/wp-json\/wp\/v2\/pages\/3880"}],"wp:attachment":[{"href":"https:\/\/b6furniture.dk\/sk\/wp-json\/wp\/v2\/media?parent=3892"}],"curies":[{"name":"wp","href":"https:\/\/api.w.org\/{rel}","templated":true}]}}