{"id":3893,"date":"2022-11-23T13:06:40","date_gmt":"2022-11-23T12:06:40","guid":{"rendered":"https:\/\/b6furniture.dk\/skumkonvertering-og-loesfyldspuder\/metervarer\/"},"modified":"2023-02-01T13:21:42","modified_gmt":"2023-02-01T12:21:42","slug":"metrovy-tovar","status":"publish","type":"page","link":"https:\/\/b6furniture.dk\/sk\/volne-plnene-vankuse-a-konverzia-peny\/metrovy-tovar\/","title":{"rendered":"Metrov\u00fd tovar"},"content":{"rendered":"\n<div id=\"tekstsektion-block_6d8049b4ec2e057b5b6951738e7d1951\" class=\"tekstsektion ct-section-inner-wrap\">\n    \n    <div class=\"tekstsektion_inner\">\n                <h2 class=\"tekstsektion_title\">Metrov\u00fd tovar <\/h2>\n                        <div class=\"tekstsektion_content\">\n                    <\/div>\n                    <\/div>\n\n    <style type=\"text\/css\">\n        #tekstsektion-block_6d8049b4ec2e057b5b6951738e7d1951 {\n            margin: 32px auto;\n            background: #ffffff;\n        }\n\n        #tekstsektion-block_6d8049b4ec2e057b5b6951738e7d1951 .tekstsektion_inner {\n            max-width: 80%;\n            margin: 0 auto;\n        }\n\n        #tekstsektion-block_6d8049b4ec2e057b5b6951738e7d1951 .tekstsektion_title{\n            color: #1E3956;\n        }\n\n        #tekstsektion-block_6d8049b4ec2e057b5b6951738e7d1951 .tekstsektion_content{\n            color: #1E3956;\n        }\n\n        #tekstsektion-block_6d8049b4ec2e057b5b6951738e7d1951 .tekstsektion_btn{\n            color: #ffffff;\n            background: #EC8F66;\n        }\n        \n         #tekstsektion-block_6d8049b4ec2e057b5b6951738e7d1951 a.tekstsektion_btn {\n            display: inline-block;\n            text-decoration: none !important;\n            padding: 10px 20px;\n            box-shadow: 0px 10px 15px -3px rgb(0 0 0 \/ 10%);\n            transition: all 0.3s ease-in-out;\n            margin-top: 15px;\n        }\n\n         #tekstsektion-block_6d8049b4ec2e057b5b6951738e7d1951 a.tekstsektion_btn:hover {\n            box-shadow: 0px 10px 15px -3px rgb(0 0 0 \/ 30%);\n        }\n\n        \/* Mobile View *\/\n        @media only screen and (max-width: 767px) {\n            #tekstsektion-block_6d8049b4ec2e057b5b6951738e7d1951 {\n                margin: 32px 15px;\n            }\n            #tekstsektion-block_6d8049b4ec2e057b5b6951738e7d1951 .tekstsektion_inner {\n                max-width: 100%;\n            }\n\n        }\n    <\/style>\n\n<\/div>\n\n\n<div id=\"produktudvalg-block_6447324c0a8fc28e099d6096e395e9f5\" class=\"produktudvalg ct-section-inner-wrap\">\n\n    <div class=\"product_container\">\n        <div class=\"product_container_items\">\n                                <div class=\"product_item\">\n                        <div class=\"product_photo\">\n                            <img decoding=\"async\" src=\"https:\/\/b6furniture.dk\/wp-content\/uploads\/2022\/11\/Fabric_Mix.jpg\" alt=\"Mix (Standard)\">\n                        <\/div>\n\t\t\t\t\t\t                        <div class=\"product_content\">\n                                                        <h3 class=\"product_title\">Mix (Standard)<\/h3>\n                                                                                        <div class=\"product_desc\"><p><span style=\"font-weight: 400;\">Mix je n\u00e1\u0161 \u0161tandardn\u00fd metrov\u00fd tovar. Ide o tovar, ktor\u00fd sa pou\u017e\u00edva pre ve\u013ek\u00fa v\u00e4\u010d\u0161inu oblie\u010dok na vank\u00fa\u0161e v na\u0161ej v\u00fdrobe.<\/span><\/p>\n<p><span style=\"font-weight: 400;\">Metrov\u00fd tovar je vyroben\u00fd z bavlny a polyesteru.<\/span><\/p>\n<p><span style=\"font-weight: 400;\">Je husto tkan\u00fd a kompresn\u00fd (stla\u010den\u00fd), v\u010faka \u010domu je materi\u00e1l obzvl\u00e1\u0161\u0165 hust\u00fd\/odoln\u00fd vo\u010di prieniku peria.<\/span><\/p>\n<p><span style=\"font-weight: 400;\">Pre vy\u0161\u0161ie uveden\u00e9 vlastnosti je mix na\u0161\u00edm preferovan\u00fdm metrov\u00fdm tovarom na v\u00fdrobu vank\u00fa\u0161ov s per\u00edm a p\u00e1per\u00edm, predstavuj\u00facim ich v\u00fdpl\u0148.<\/span><\/p>\n<p><span style=\"font-weight: 400;\">Odolnos\u0165 metrov\u00e9ho tovaru vo\u010di periu je testovan\u00e1 pod\u013ea Testu vzduchovej priepustnosti, normy DIN \u010d. 53887.<\/span><\/p>\n<p><span style=\"font-weight: 400;\">Hmotnos\u0165 metrov\u00e9ho tovaru je 160 gramov na m2.<\/span><\/p>\n<\/div>\n                                                                                <\/div>\n\t\t\t\t\t\t                    <\/div>\n                                <div class=\"product_item\">\n                        <div class=\"product_photo\">\n                            <img decoding=\"async\" src=\"https:\/\/b6furniture.dk\/wp-content\/uploads\/2022\/11\/Fabric_Fire-retarded.png\" alt=\"Oh\u0148u odoln\u00fd\">\n                        <\/div>\n\t\t\t\t\t\t                        <div class=\"product_content\">\n                                                        <h3 class=\"product_title\">Oh\u0148u odoln\u00fd<\/h3>\n                                                                                        <div class=\"product_desc\"><p><span style=\"font-weight: 400;\">N\u00e1\u0161 metrov\u00fd tovar spoma\u013euj\u00faci horenie reprezentuje materi\u00e1l, odoln\u00fd vo\u010di prieniku peria, vyroben\u00fd zo 100% bavlny.<\/span><\/p>\n<p><span style=\"font-weight: 400;\">Metrov\u00fd tovar sa pou\u017e\u00edva na oblie\u010dky na vank\u00fa\u0161e, kde s\u00fa prvorad\u00e9 po\u017eiadavky po\u017eiarnej bezpe\u010dnosti - vo ve\u013ekej miere aj pre dod\u00e1vate\u013eov na britskom trhu.<\/span><\/p>\n<p><span style=\"font-weight: 400;\">Odolnos\u0165 metrov\u00e9ho tovaru vo\u010di periu je testovan\u00e1 pod\u013ea Testu vzduchovej priepustnosti, normy DIN \u010d. 53887.<\/span><\/p>\n<p><span style=\"font-weight: 400;\">Norma DIN \u010d. 53887.<\/span><\/p>\n<p><span style=\"font-weight: 400;\">\u00a0Materi\u00e1l je o\u0161etren\u00fd spoma\u013eova\u010dom horenia a sp\u013a\u0148a britsk\u00fa normu - testovan\u00e9 pod\u013ea BS 5852, \u010das\u0165 1. Test zhody.<\/span><\/p>\n<p><span style=\"font-weight: 400;\">Hmotnos\u0165 metrov\u00e9ho tovaru je 150 gramov na m2.<\/span><\/p>\n<\/div>\n                                                                                <\/div>\n\t\t\t\t\t\t                    <\/div>\n                                <div class=\"product_item\">\n                        <div class=\"product_photo\">\n                            <img decoding=\"async\" src=\"https:\/\/b6furniture.dk\/wp-content\/uploads\/2022\/11\/Fabric_Non-woven.jpg\" alt=\"Netkan\u00fd\">\n                        <\/div>\n\t\t\t\t\t\t                        <div class=\"product_content\">\n                                                        <h3 class=\"product_title\">Netkan\u00fd<\/h3>\n                                                                                        <div class=\"product_desc\"><p><span style=\"font-weight: 400;\">N\u00e1\u0161 metrov\u00fd netkan\u00fd tovar reprezentuje netkan\u00fd polypropyl\u00e9nov\u00fd materi\u00e1l s vysokou krycou schopnos\u0165ou.<\/span><\/p>\n<p><span style=\"font-weight: 400;\">Metrov\u00fd tovar sa pou\u017e\u00edva najm\u00e4 na vank\u00fa\u0161e alebo podu\u0161ky plnen\u00e9 vl\u00e1knom, 100% penou alebo zmesami vl\u00e1kna a peny.<\/span><\/p>\n<p><span style=\"font-weight: 400;\">Tento materi\u00e1l nie je odoln\u00fd vo\u010di prieniku peria.<\/span><\/p>\n<p><span style=\"font-weight: 400;\">Metrov\u00fd tovar je dod\u00e1van\u00fd v nieko\u013ek\u00fdch hmotnostn\u00fdch klasifik\u00e1ci\u00e1ch: 40, 60 a 90 g\/m2.<\/span><\/p>\n<\/div>\n                                                                                <\/div>\n\t\t\t\t\t\t                    <\/div>\n                                <div class=\"product_item\">\n                        <div class=\"product_photo\">\n                            <img decoding=\"async\" src=\"https:\/\/b6furniture.dk\/wp-content\/uploads\/2022\/11\/Fabric_Basic.jpg\" alt=\"Z\u00e1kladn\u00e1 verzia Basic\">\n                        <\/div>\n\t\t\t\t\t\t                        <div class=\"product_content\">\n                                                        <h3 class=\"product_title\">Z\u00e1kladn\u00e1 verzia Basic<\/h3>\n                                                                                        <div class=\"product_desc\"><p><span style=\"font-weight: 400;\">Z\u00e1kladn\u00fd metrov\u00fd tovar Basic je vyroben\u00fd zo 100% nebielenej bavlny.<\/span><\/p>\n<p><span style=\"font-weight: 400;\">Metrov\u00fd tovar sa pou\u017e\u00edva najm\u00e4 na vank\u00fa\u0161e alebo podu\u0161ky, ktor\u00e9 s\u00fa plnen\u00e9 vl\u00e1knom, penou alebo zmesou vl\u00e1kna a peny.<\/span><\/p>\n<p><span style=\"font-weight: 400;\">Tento materi\u00e1l nie je odoln\u00fd vo\u010di prieniku peria.<\/span><\/p>\n<p><span style=\"font-weight: 400;\">Hmotnos\u0165 metrov\u00e9ho tovaru je 150 g\/m2.<\/span><\/p>\n<\/div>\n                                                                                <\/div>\n\t\t\t\t\t\t                    <\/div>\n                    <\/div>\n    <\/div>\n    <style type=\"text\/css\">\n        #produktudvalg-block_6447324c0a8fc28e099d6096e395e9f5 {\n            margin: 0px auto;\n        }\n\n        #produktudvalg-block_6447324c0a8fc28e099d6096e395e9f5 .product_container {\n            max-width: 80%;\n            margin: 0 auto;\n        }\n\n        #produktudvalg-block_6447324c0a8fc28e099d6096e395e9f5 .product_title{\n            color: #FFFFFF;\n            background-color: #1E3956;\n        }\n\n        #produktudvalg-block_6447324c0a8fc28e099d6096e395e9f5 .product_container_items {\n            display: flex;\n            align-items: stretch;\n            justify-content: space-between;\n            flex-wrap: wrap;\n        }\n\n        #produktudvalg-block_6447324c0a8fc28e099d6096e395e9f5 .product_item {\n            width: 32%;\n            text-align: left;\n            box-sizing: border-box;\n        }\n                #produktudvalg-block_6447324c0a8fc28e099d6096e395e9f5 .product_photo {\n            height: 350px;\n            width: 100%;\n            padding: 10px 20px 0;\n        }\n\n        #produktudvalg-block_6447324c0a8fc28e099d6096e395e9f5 .product_content {\n            padding: 25px;\n            position: relative;\n            display: flex;\n            flex-direction: column;\n            align-items: flex-start;\n        }\n\n        #produktudvalg-block_6447324c0a8fc28e099d6096e395e9f5 .product_title {\n            \/* position: absolute;\n            top: -15px;\n            left: 6px; \n            margin: 0;*\/\n            margin-top: -45px;\n            margin-left: -16px;\n            padding: 8px 16px;\n        }\n        \n        #produktudvalg-block_6447324c0a8fc28e099d6096e395e9f5 .product_desc {\n            \/* margin-top: 20px; *\/\n            color: #1E3956;\n        }\n        \n        #produktudvalg-block_6447324c0a8fc28e099d6096e395e9f5 .feature_item {\n            color: #1E3956;\n        }\n\n        #produktudvalg-block_6447324c0a8fc28e099d6096e395e9f5 .product_photo img {\n            width: 100%;\n            height: 100%;\n            object-fit: cover;\n        }\n\n        \/* Table View *\/\n        @media only screen and (min-width: 768px) and (max-width: 991px) {\n            #produktudvalg-block_6447324c0a8fc28e099d6096e395e9f5 .product_photo {\n                height: 300px;\n            }\n            \n            #produktudvalg-block_6447324c0a8fc28e099d6096e395e9f5 .product_item {\n            width: 50%;\n            }\n        }\n\n        \/* Mobile View *\/\n        @media only screen and (max-width: 767px) {\n            #produktudvalg-block_6447324c0a8fc28e099d6096e395e9f5  {\n                margin: 0px 15px;\n            }\n\n            #produktudvalg-block_6447324c0a8fc28e099d6096e395e9f5 .product_container {\n                max-width: 100%;\n            }\n\n            #produktudvalg-block_6447324c0a8fc28e099d6096e395e9f5 .section_title{\n                margin-bottom: 30px;\n            }\n\n            #produktudvalg-block_6447324c0a8fc28e099d6096e395e9f5 .product_container_items {\n                flex-direction: column;\n            }\n\n            #produktudvalg-block_6447324c0a8fc28e099d6096e395e9f5 .product_item {\n                width: 100%;\n                margin-bottom: 25px;\n            }\n            #produktudvalg-block_6447324c0a8fc28e099d6096e395e9f5 .product_photo {\n                height: 250px;\n            }\n        }\n    <\/style>\n\n<\/div>","protected":false},"excerpt":{"rendered":"","protected":false},"author":7,"featured_media":0,"parent":3880,"menu_order":4,"comment_status":"closed","ping_status":"closed","template":"","meta":{"_acf_changed":false,"footnotes":""},"class_list":["post-3893","page","type-page","status-publish","hentry"],"acf":[],"_links":{"self":[{"href":"https:\/\/b6furniture.dk\/sk\/wp-json\/wp\/v2\/pages\/3893","targetHints":{"allow":["GET"]}}],"collection":[{"href":"https:\/\/b6furniture.dk\/sk\/wp-json\/wp\/v2\/pages"}],"about":[{"href":"https:\/\/b6furniture.dk\/sk\/wp-json\/wp\/v2\/types\/page"}],"author":[{"embeddable":true,"href":"https:\/\/b6furniture.dk\/sk\/wp-json\/wp\/v2\/users\/7"}],"replies":[{"embeddable":true,"href":"https:\/\/b6furniture.dk\/sk\/wp-json\/wp\/v2\/comments?post=3893"}],"version-history":[{"count":5,"href":"https:\/\/b6furniture.dk\/sk\/wp-json\/wp\/v2\/pages\/3893\/revisions"}],"predecessor-version":[{"id":3933,"href":"https:\/\/b6furniture.dk\/sk\/wp-json\/wp\/v2\/pages\/3893\/revisions\/3933"}],"up":[{"embeddable":true,"href":"https:\/\/b6furniture.dk\/sk\/wp-json\/wp\/v2\/pages\/3880"}],"wp:attachment":[{"href":"https:\/\/b6furniture.dk\/sk\/wp-json\/wp\/v2\/media?parent=3893"}],"curies":[{"name":"wp","href":"https:\/\/api.w.org\/{rel}","templated":true}]}}