{"id":3934,"date":"2022-08-25T11:02:24","date_gmt":"2022-08-25T09:02:24","guid":{"rendered":"https:\/\/b6furniture.dk\/?page_id=3934"},"modified":"2025-02-19T12:45:25","modified_gmt":"2025-02-19T11:45:25","slug":"kontaktujte-nas","status":"publish","type":"page","link":"https:\/\/b6furniture.dk\/sk\/kontaktujte-nas\/","title":{"rendered":"Kontaktujte n\u00e1s"},"content":{"rendered":"\n<div id=\"kontaktformular-block_2d06b1ecea18f9968149c19200c205ea\" class=\"kontaktformular ct-section-inner-wrap\">\n    \n    <div class=\"billede_inner\">\n        <div class=\"billede_content\">\n            <div class=\"tablecell_content\">\n                                <h2 class=\"billede_title\">KONTAKTUJTE N\u00c1S<\/h2>\n                                                <div class=\"billede_desc\">\n                    <p><b>Potrebujete pomoc?<\/b><\/p>\n<p><span style=\"font-weight: 400;\">Sme v\u017edy pripraven\u00ed odpoveda\u0165 na va\u0161e ot\u00e1zky a poradi\u0165 v\u00e1m. Ak m\u00e1te z\u00e1ujem dozvedie\u0165 sa viac inform\u00e1ci\u00ed, pr\u00edpadne spolupracova\u0165 s B6 Furniture, nev\u00e1hajte n\u00e1s kontaktova\u0165. Je to \u00faplne nez\u00e1v\u00e4zn\u00e9.<\/span><\/p>\n                <\/div>\n                            <\/div>\n\t\t\t\t\t\t<div class=\"team_wrapper\">\n\t\t\t\t\t\t\t\t\t\t<div class=\"team_inner\">\n\t\t\t\t\t\t\t<div class=\"team_name\">\n\t\t\t\t\t\t\t\tPeter Mlynarcik\t\t\t\t\t\t\t<\/div>\n\t\t\t\t\t\t\t<div class=\"team_title\">\n\t\t\t\t\t\t\t\tCEO \/ konate\u013e\t\t\t\t\t\t\t<\/div>\n\t\t\t\t\t\t\t<a class=\"team_phone\" href=\"tel:+421 917 617 806\">+421 917 617 806<\/a>\n\t\t\t\t\t\t\t<a class=\"team_email\" href=\"mailto:pml@b6.sk\">pml@b6.sk<\/a>\n\t\t\t\t\t\t<\/div>\n\t\t\t\t\t\t\t\t\t\t\t<div class=\"team_inner\">\n\t\t\t\t\t\t\t<div class=\"team_name\">\n\t\t\t\t\t\t\t\tZuzana Galadova\t\t\t\t\t\t\t<\/div>\n\t\t\t\t\t\t\t<div class=\"team_title\">\n\t\t\t\t\t\t\t\tPurchase, logistics & sales\t\t\t\t\t\t\t<\/div>\n\t\t\t\t\t\t\t<a class=\"team_phone\" href=\"tel:+421 47 433 07 66\">+421 47 433 07 66<\/a>\n\t\t\t\t\t\t\t<a class=\"team_email\" href=\"mailto:zga@b6.sk\">zga@b6.sk<\/a>\n\t\t\t\t\t\t<\/div>\n\t\t\t\t\t\t\t\t\t\t\t<div class=\"team_inner\">\n\t\t\t\t\t\t\t<div class=\"team_name\">\n\t\t\t\t\t\t\t\tAlexander Dancs\u00f3\t\t\t\t\t\t\t<\/div>\n\t\t\t\t\t\t\t<div class=\"team_title\">\n\t\t\t\t\t\t\t\tCPO \/ Production Manager\t\t\t\t\t\t\t<\/div>\n\t\t\t\t\t\t\t<a class=\"team_phone\" href=\"tel:+421 918 673 266\">+421 918 673 266<\/a>\n\t\t\t\t\t\t\t<a class=\"team_email\" href=\"mailto:ada@b6.sk\">ada@b6.sk<\/a>\n\t\t\t\t\t\t<\/div>\n\t\t\t\t\t\t\t\t<\/div>\n\t\t\t        <\/div>\n        <div class=\"billede_photo\">\n            <div class=\"form_shortcode\">\n                <div class='fluentform ff-default fluentform_wrapper_9 ffs_default_wrap'><form data-form_id=\"9\" id=\"fluentform_9\" class=\"frm-fluent-form fluent_form_9 ff-el-form-top ff_form_instance_9_1 ff-form-loading ffs_default\" data-form_instance=\"ff_form_instance_9_1\" method=\"POST\" ><fieldset  style=\"border: none!important;margin: 0!important;padding: 0!important;background-color: transparent!important;box-shadow: none!important;outline: none!important; min-inline-size: 100%;\">\n                    <legend class=\"ff_screen_reader_title\" style=\"display: block; margin: 0!important;padding: 0!important;height: 0!important;text-indent: -999999px;width: 0!important;overflow:hidden;\">Kontaktform - kontaktside (SK)<\/legend><input type='hidden' name='__fluent_form_embded_post_id' value='3934' \/><input type=\"hidden\" id=\"_fluentform_9_fluentformnonce\" name=\"_fluentform_9_fluentformnonce\" value=\"5b137be1bd\" \/><input type=\"hidden\" name=\"_wp_http_referer\" value=\"\/sk\/wp-json\/wp\/v2\/pages\/3934\" \/><div class='ff-el-group  ff-custom_html contact-heading ct-headline' tabindex='-1' data-name=\"custom_html-9_1\" ><h3>Kontaktujte n\u00e1s pre cenov\u00fa ponuku<\/h3><\/div><div data-type=\"name-element\" data-name=\"names\" class=\" ff-field_container ff-name-field-wrapper\" ><div class='ff-t-container'><div class='ff-t-cell '><div class='ff-el-group  ff-el-form-hide_label'><div class=\"ff-el-input--label ff-el-is-required asterisk-right\"><label for='ff_9_names_first_name_' id='label_ff_9_names_first_name_' >Meno<\/label><\/div><div class='ff-el-input--content'><input type=\"text\" name=\"names[first_name]\" id=\"ff_9_names_first_name_\" class=\"ff-el-form-control\" placeholder=\"Meno\" aria-invalid=\"false\" aria-required=true><\/div><\/div><\/div><\/div><\/div><div class='ff-el-group ff-el-form-hide_label'><div class=\"ff-el-input--label ff-el-is-required asterisk-right\"><label for='ff_9_phone' id='label_ff_9_phone' aria-label=\"Phone\/Mobile\">Phone\/Mobile<\/label><\/div><div class='ff-el-input--content'><input name=\"phone\" class=\"ff-el-form-control ff-el-phone\" type=\"tel\" placeholder=\"Telef\u00f3n\" data-name=\"phone\" id=\"ff_9_phone\" inputmode=\"tel\"  aria-invalid='false' aria-required=true><\/div><\/div><div class='ff-el-group ff-el-form-hide_label'><div class=\"ff-el-input--label ff-el-is-required asterisk-right\"><label for='ff_9_email' id='label_ff_9_email' aria-label=\"E-mail\">E-mail<\/label><\/div><div class='ff-el-input--content'><input type=\"email\" name=\"email\" id=\"ff_9_email\" class=\"ff-el-form-control\" placeholder=\"E-mail\" data-name=\"email\"  aria-invalid=\"false\" aria-required=true><\/div><\/div><div class='ff-el-group ff-el-form-hide_label'><div class=\"ff-el-input--label ff-el-is-required asterisk-right\"><label   aria-label=\"Checkbox Field\">Checkbox Field<\/label><\/div><div class='ff-el-input--content'><div class='ff-el-form-check ff-el-form-check-'><label class='ff-el-form-check-label' for='checkbox_aeeff116ae67c27efd79e5ebf1c8b732'><input  type=\"checkbox\" name=\"checkbox[]\" data-name=\"checkbox\" class=\"ff-el-form-check-input ff-el-form-check-checkbox\" value=\"S\u00fahlas\u00edm\"  id='checkbox_aeeff116ae67c27efd79e5ebf1c8b732' aria-label='S\u00fahlas\u00edm' aria-invalid='false' aria-required=true> <span>S\u00fahlas\u00edm<\/span><\/label><\/div><\/div><\/div><div class='ff-el-group ff-text-left ff_submit_btn_wrapper'><button type=\"submit\" class=\"ff-btn ff-btn-submit ff-btn-md button-standard button-orange ff_btn_no_style\"  aria-label=\"Odosla\u0165\">Odosla\u0165 <\/button><\/div><\/fieldset><\/form><div id='fluentform_9_errors' class='ff-errors-in-stack ff_form_instance_9_1 ff-form-loading_errors ff_form_instance_9_1_errors'><\/div><\/div>            <script type=\"text\/javascript\">\n                window.fluent_form_ff_form_instance_9_1 = {\"id\":\"9\",\"settings\":{\"layout\":{\"labelPlacement\":\"top\",\"helpMessagePlacement\":\"with_label\",\"errorMessagePlacement\":\"inline\",\"cssClassName\":\"\",\"asteriskPlacement\":\"asterisk-right\"},\"restrictions\":{\"denyEmptySubmission\":{\"enabled\":false}}},\"form_instance\":\"ff_form_instance_9_1\",\"form_id_selector\":\"fluentform_9\",\"rules\":{\"names[first_name]\":{\"required\":{\"value\":true,\"message\":\"Toto pole je povinn\\u00e9\"}},\"names[middle_name]\":{\"required\":{\"value\":false,\"message\":\"This field is required\"}},\"names[last_name]\":{\"required\":{\"value\":false,\"message\":\"This field is required\"}},\"phone\":{\"required\":{\"value\":true,\"message\":\"Toto pole je povinn\\u00e9\"},\"valid_phone_number\":{\"value\":false,\"message\":\"Phone number is not valid\"}},\"email\":{\"required\":{\"value\":true,\"message\":\"Toto pole je povinn\\u00e9\"},\"email\":{\"value\":true,\"message\":\"Toto pole mus\\u00ed obsahova\\u0165 platn\\u00fd e-mail\"}},\"checkbox\":{\"required\":{\"value\":true,\"message\":\"Toto pole je povinn\\u00e9\"}}},\"debounce_time\":300};\n                            <\/script>\n                        <\/div>\n        <\/div>\n    <\/div>\n\n    <style type=\"text\/css\">\n\t\t#kontaktformular-block_2d06b1ecea18f9968149c19200c205ea .team_wrapper .team_title {\n\t\t\tfont-size: 14px;\n\t\t\tcolor: #ed8f66;\n            margin-bottom:24px;\n\t\t}\n\t\t#kontaktformular-block_2d06b1ecea18f9968149c19200c205ea .team_wrapper .team_name {\n            font-weight:800;\n        }\n\t\t#kontaktformular-block_2d06b1ecea18f9968149c19200c205ea .team_wrapper a {\n            display:block;\n            text-decoration:none;\n            font-size:14px;\n        }\n\t\t#kontaktformular-block_2d06b1ecea18f9968149c19200c205ea .team_wrapper {\n\t\t\tdisplay: grid;\n\t\t\tgrid-template-columns: repeat(3, 1fr);\n\t\t\tgrid-template-rows: 1fr;\n\t\t\tgrid-column-gap: 24px;\n\t\t\tgrid-row-gap: 24px;\n\t\t\tmargin-top: 20vh;\n\t\t}\n        #kontaktformular-block_2d06b1ecea18f9968149c19200c205ea {\n            margin: 75px auto;\n        }\n        #kontaktformular-block_2d06b1ecea18f9968149c19200c205ea .billede_inner{\n            max-width: 80%;\n            margin: 0 auto;\n        }\n\n        #kontaktformular-block_2d06b1ecea18f9968149c19200c205ea .billede_title{\n            color: #1E3956;\n        }\n\n        #kontaktformular-block_2d06b1ecea18f9968149c19200c205ea .billede_desc{\n            color: #1E3956;\n        }\n\n         #kontaktformular-block_2d06b1ecea18f9968149c19200c205ea .billede_inner {\n            display: flex;\n            align-items: center;\n            justify-content: space-between;\n            flex-wrap: wrap;\n        }\n        #kontaktformular-block_2d06b1ecea18f9968149c19200c205ea .billede_content {\n            width: 55%;\n            box-sizing: border-box;\n        }\n\t\t#kontaktformular-block_2d06b1ecea18f9968149c19200c205ea .billede_photo {\n            width: 45%;\n            box-sizing: border-box;\n        }\n\n        \/* Mobile View *\/\n        @media only screen and (max-width: 767px) {\n            #kontaktformular-block_2d06b1ecea18f9968149c19200c205ea {\n                margin: 0px 15px;\n            }\n\t\t\t#kontaktformular-block_2d06b1ecea18f9968149c19200c205ea .team_wrapper .team_title {\n                margin-bottom:8px;\n            }\n            #kontaktformular-block_2d06b1ecea18f9968149c19200c205ea .billede_inner{\n                max-width: 100%;\n            }\n            #kontaktformular-block_2d06b1ecea18f9968149c19200c205ea .billede_inner {\n                flex-direction: column;\n            }\n            #kontaktformular-block_2d06b1ecea18f9968149c19200c205ea .billede_photo, #kontaktformular-block_2d06b1ecea18f9968149c19200c205ea .billede_content {\n                width: 100%;\n            }\n            #kontaktformular-block_2d06b1ecea18f9968149c19200c205ea .team_wrapper {\n\t\t\t\tgrid-template-columns: repeat(2, 1fr);\n                grid-row-gap: 32px;\n\t\t\t\tmargin-top: 48px;\n\t\t\t}\n        }\n\t\t@media only screen and (max-width: 480px) {\n\t\t\t#kontaktformular-block_2d06b1ecea18f9968149c19200c205ea .team_wrapper {\n\t\t\t\tgrid-template-columns: repeat(1, 1fr);\n\t\t\t}\n\t\t}\n    <\/style>\n\n<\/div>\n\n\n<p><\/p>\n","protected":false},"excerpt":{"rendered":"","protected":false},"author":7,"featured_media":0,"parent":0,"menu_order":0,"comment_status":"closed","ping_status":"closed","template":"","meta":{"_acf_changed":false,"footnotes":""},"class_list":["post-3934","page","type-page","status-publish","hentry"],"acf":[],"_links":{"self":[{"href":"https:\/\/b6furniture.dk\/sk\/wp-json\/wp\/v2\/pages\/3934","targetHints":{"allow":["GET"]}}],"collection":[{"href":"https:\/\/b6furniture.dk\/sk\/wp-json\/wp\/v2\/pages"}],"about":[{"href":"https:\/\/b6furniture.dk\/sk\/wp-json\/wp\/v2\/types\/page"}],"author":[{"embeddable":true,"href":"https:\/\/b6furniture.dk\/sk\/wp-json\/wp\/v2\/users\/7"}],"replies":[{"embeddable":true,"href":"https:\/\/b6furniture.dk\/sk\/wp-json\/wp\/v2\/comments?post=3934"}],"version-history":[{"count":6,"href":"https:\/\/b6furniture.dk\/sk\/wp-json\/wp\/v2\/pages\/3934\/revisions"}],"predecessor-version":[{"id":4056,"href":"https:\/\/b6furniture.dk\/sk\/wp-json\/wp\/v2\/pages\/3934\/revisions\/4056"}],"wp:attachment":[{"href":"https:\/\/b6furniture.dk\/sk\/wp-json\/wp\/v2\/media?parent=3934"}],"curies":[{"name":"wp","href":"https:\/\/api.w.org\/{rel}","templated":true}]}}