{"id":3942,"date":"2022-09-29T14:40:33","date_gmt":"2022-09-29T12:40:33","guid":{"rendered":"https:\/\/b6furniture.dk\/?page_id=3942"},"modified":"2023-02-01T13:21:43","modified_gmt":"2023-02-01T12:21:43","slug":"vyroba-s-rozvahou","status":"publish","type":"page","link":"https:\/\/b6furniture.dk\/sk\/vyroba-s-rozvahou\/","title":{"rendered":"V\u00fdroba s rozvahou"},"content":{"rendered":"\n<div id=\"header-block_ef09d332a3482031c1342c8052607927\" class=\"header\">\n    \n    <div class=\"billede_inner\">\n        <div class=\"billede_content ct-section-inner-wrap\">\n            <div class=\"tablecell_content\">\n                <h1 class=\"billede_title\">Udr\u017eate\u013enos\u0165 <\/h1>\n                                    <div class=\"billede_desc\">\n                        <p><span style=\"font-weight: 400;\">My v B6 Furniture sme sa zaviazali k v\u00fdrobe, zodpovednej vo\u010di kl\u00edme a \u017eivotn\u00e9mu prostrediu. Ke\u010f sa stanete na\u0161\u00edm partnerom, v\u017edy si m\u00f4\u017eete by\u0165 ist\u00ed, \u017ee akt\u00edvne pracujeme na v\u00fdrobe, ktor\u00e1 \u0161etr\u00ed na\u0161e klimatick\u00e9 podmienky a zodpovednom vyu\u017e\u00edvan\u00ed zdrojov. Vyr\u00e1bame v Eur\u00f3pe a pou\u017e\u00edvame plne certifikovan\u00e9 materi\u00e1ly z E\u00da.\u00a0 <\/span><\/p>\n                    <\/div>\n                                            <\/div>\n        <\/div>\n    <\/div>\n\n    <style type=\"text\/css\">\n        #header-block_ef09d332a3482031c1342c8052607927 {\n            background-color: #1E3956;\n            background-image: url(https:\/\/b6furniture.dk\/wp-content\/uploads\/2022\/11\/Vyroba-24-scaled-aspect-ratio-1900-820-scaled.jpg);\n            background-size: cover;\n            background-position: center;\n            background-repeat: no-repeat;\n            \/*padding: px 0; *\/\n\t\t\tpadding:48px 0;\n            position: relative;\n            z-index: 1;\n            overflow: hidden;\n\t\t\tdisplay: flex;\n\t\t\tflex-direction: column;\n\t\t\tjustify-content: center;\n\t\t\t\/* min-height: 50vh; *\/\n            \/*min-height: calc(100vh - 126px);*\/\n\t\t\tmin-height:43vw;\n\t\t\t\n\n        }\n        \n        #header-block_ef09d332a3482031c1342c8052607927:before {\n            content: \"\";\n            position: absolute;\n            top: 0;\n            height: 100%;\n            background-color: rgba(54, 72, 95, 0.8);\n            z-index: -1;\n            left: 0;\n            width: 100%;\n        }\n\n        #header-block_ef09d332a3482031c1342c8052607927 .billede_inner {\n                    }\n\n        #header-block_ef09d332a3482031c1342c8052607927 .tablecell_content {\n            text-align: Left;\n                    }\n\n        #header-block_ef09d332a3482031c1342c8052607927 .billede_title{\n            color: #ffffff;\n        }\n\n        #header-block_ef09d332a3482031c1342c8052607927 .billede_desc{\n            color: #ffffff;\n            \t\t\t    max-width: 960px;\n                    }\n\n        #header-block_ef09d332a3482031c1342c8052607927 .tekstsektion_btn{\n            color: #ffffff;\n            background: #EC8F66;\n        }\n        \n        #header-block_ef09d332a3482031c1342c8052607927 a.tekstsektion_btn {\n            display: inline-block;\n            text-decoration: none !important;\n            padding: 10px 20px;\n            box-shadow: 0px 10px 15px -3px rgb(0 0 0 \/ 10%);\n            transition: all 0.3s ease-in-out;\n            margin-top: 20px;\n            font-weight: 600;\n        }\n\n         #header-block_ef09d332a3482031c1342c8052607927 a.tekstsektion_btn:hover {\n            box-shadow: 0px 10px 15px -3px rgb(0 0 0 \/ 30%);\n        }\n\n         #header-block_ef09d332a3482031c1342c8052607927 .billede_content {\n            box-sizing: border-box;\n\t\t\tpadding-left: 20px;\n\t\t\tpadding-right: 20px;\n        }\n\n          \t\t\n\t\t\/* Tablet view *\/\n        @media only screen and (max-width: 991px) {\n            #header-block_ef09d332a3482031c1342c8052607927 {\n                background-size: cover;\n                \/*min-height: 70vh;*\/\n            }\n            #header-block_ef09d332a3482031c1342c8052607927 .billede_content {\n                width: 75%;\n            }\n        }\n        \/* Mobile View *\/\n        @media only screen and (max-width: 767px) {\n            #header-block_ef09d332a3482031c1342c8052607927  {\n                padding: 48px 15px;\n                \/*min-height: 50vh;*\/\n            }\n\n            #header-block_ef09d332a3482031c1342c8052607927:before {\n                width: 100%;\n                left: 0;\n                transform: skew(0deg, 0);\n            }\n\n            #header-block_ef09d332a3482031c1342c8052607927 .billede_content {\n                width: 100%;\n\t\t\t\tpadding: 0;\n            }\n            #header-block_ef09d332a3482031c1342c8052607927 .billede_inner {\n                max-width: 100%;\n            }\n\n        }\n        @media only screen and (max-width:630px) {\n            \/*#header-block_ef09d332a3482031c1342c8052607927 { \n                min-height: 40vh;\n            }*\/\n        }\n        @media only screen and (max-width:500px) {\n            #header-block_ef09d332a3482031c1342c8052607927 { \n                min-height:43vw;\n            }\n        }\n    <\/style>\n\n<\/div>\n\n\n<div id=\"bulletpoints-tekstfelt-block_d9d5e3b4dfcf9cf38be1a6ad5945ec34\" class=\"bulletpoints-tekstfelt ct-section-inner-wrap\">\n    \n    <div class=\"billede_inner\">\n        <div class=\"billede_content\">\n            <div class=\"tablecell_content\">\n                                    <h2 class=\"billede_title\">Na\u0161e iniciat\u00edvy:<\/h2>\n                                <div class=\"billede_lists\">\n                                                                        <div class=\"billede_list\">\n                                <div class=\"list_icon\">\n                                    <i class=\"fa-solid fa-circle-check\"><\/i>\n                                <\/div>\n                                <div class=\"list_text\">\n                                    Recykla\u010dn\u00e1 pena                                <\/div>\n                            <\/div>\n                                                    <div class=\"billede_list\">\n                                <div class=\"list_icon\">\n                                    <i class=\"fa-solid fa-circle-check\"><\/i>\n                                <\/div>\n                                <div class=\"list_text\">\n                                    V\u00fdkup narezan\u00e9ho odpadu                                <\/div>\n                            <\/div>\n                                                    <div class=\"billede_list\">\n                                <div class=\"list_icon\">\n                                    <i class=\"fa-solid fa-circle-check\"><\/i>\n                                <\/div>\n                                <div class=\"list_text\">\n                                    Vyr\u00e1bame lok\u00e1lne                                <\/div>\n                            <\/div>\n                                                    <div class=\"billede_list\">\n                                <div class=\"list_icon\">\n                                    <i class=\"fa-solid fa-circle-check\"><\/i>\n                                <\/div>\n                                <div class=\"list_text\">\n                                    Certifikovan\u00e9 perie                                 <\/div>\n                            <\/div>\n                                                    <div class=\"billede_list\">\n                                <div class=\"list_icon\">\n                                    <i class=\"fa-solid fa-circle-check\"><\/i>\n                                <\/div>\n                                <div class=\"list_text\">\n                                    Trvanlivos\u0165 a kvalita                                 <\/div>\n                            <\/div>\n                                                    <div class=\"billede_list\">\n                                <div class=\"list_icon\">\n                                    <i class=\"fa-solid fa-circle-check\"><\/i>\n                                <\/div>\n                                <div class=\"list_text\">\n                                    Lepidlo \u0161etrn\u00e9 k \u017eivotn\u00e9mu prostrediu                                <\/div>\n                            <\/div>\n                                                    <div class=\"billede_list\">\n                                <div class=\"list_icon\">\n                                    <i class=\"fa-solid fa-circle-check\"><\/i>\n                                <\/div>\n                                <div class=\"list_text\">\n                                    Ciele na zn\u00ed\u017eenie spotreby energie                                <\/div>\n                            <\/div>\n                                                            <\/div>\n            <\/div>\n        <\/div>\n        <div class=\"billede_right\">\n            <div class=\"right_content\">\n                                <h2 class=\"tekstsektion_title\">Materi\u00e1ly recyklujeme<\/h2>\n                                                <div class=\"tekstsektion_content\">\n                    <p><span style=\"font-weight: 400;\">Od samotn\u00e9ho po\u010diatku pou\u017e\u00edvame na v\u00fdrobu v\u00fdpln\u00ed do sed\u00e1kov a bytov\u00e9ho textilu regenerovan\u00fa penu. Vykupujeme aj prebyto\u010dn\u00fa penu, ktor\u00fa zmie\u0161ame s per\u00edm, \u010d\u00edm dosiahneme dokonal\u00fa plnos\u0165 v\u00fdplne a skvel\u00fd pocit z v\u00fdsledku. Takto z\u00edskate v\u017edy garantovan\u00fa rovnak\u00fa kvalitu.\u00a0<\/span><\/p>\n<p><span style=\"font-weight: 400;\">Ver\u00edme, \u017ee je nevyhnutn\u00e9 vyhn\u00fa\u0165 sa plytvaniu zdrojmi a preto naplno vyu\u017e\u00edvame na\u0161e materi\u00e1ly. Preto si v niektor\u00fdch pr\u00edpadoch vyhradzujeme pr\u00e1vo na nedostato\u010dn\u00e9 alebo nadmern\u00e9 doru\u010denie v\u00e1\u0161ho tovaru. Ako z\u00e1kazn\u00edka B6 Furniture v\u00e1s na to v\u017edy upozorn\u00edme, preto\u017ee si cen\u00edme \u00faprimnos\u0165 u\u017e v z\u00e1kladoch vzniku partnerstva. <\/span><\/p>\n                <\/div>\n                                            <\/div>\n        <\/div>\n    <\/div>\n\n    <style type=\"text\/css\">\n        #bulletpoints-tekstfelt-block_d9d5e3b4dfcf9cf38be1a6ad5945ec34 .billede_content{\n            background: #E9EFF4;\n        }\n\n        #bulletpoints-tekstfelt-block_d9d5e3b4dfcf9cf38be1a6ad5945ec34{\n            margin: 32px auto;\n        }\n\n        #bulletpoints-tekstfelt-block_d9d5e3b4dfcf9cf38be1a6ad5945ec34 .billede_title{\n            color: #1E3956;\n        }\n\n        #bulletpoints-tekstfelt-block_d9d5e3b4dfcf9cf38be1a6ad5945ec34 .tekstsektion_content{\n            color: #1E3956;\n        }\n\n        #bulletpoints-tekstfelt-block_d9d5e3b4dfcf9cf38be1a6ad5945ec34 .list_text{\n            color: #000000;\n        }\n\n        #bulletpoints-tekstfelt-block_d9d5e3b4dfcf9cf38be1a6ad5945ec34 .list_icon i{\n            color: #1E3956;\n        }\n\n        #bulletpoints-tekstfelt-block_d9d5e3b4dfcf9cf38be1a6ad5945ec34 .tekstsektion_btn{\n            color: #ffffff;\n            background: #EC8F66;\n        }\n        \n         #bulletpoints-tekstfelt-block_d9d5e3b4dfcf9cf38be1a6ad5945ec34 a.tekstsektion_btn {\n            display: inline-block;\n            text-decoration: none;\n            padding: 10px 20px;\n            box-shadow: 0px 10px 15px -3px rgb(0 0 0 \/ 10%);\n            transition: all 0.3s ease-in-out;\n            margin-top: 20px;\n            font-weight: 600;\n        }\n\n         #bulletpoints-tekstfelt-block_d9d5e3b4dfcf9cf38be1a6ad5945ec34 a.tekstsektion_btn:hover {\n            box-shadow: 0px 10px 15px -3px rgb(0 0 0 \/ 30%);\n        }\n\n         #bulletpoints-tekstfelt-block_d9d5e3b4dfcf9cf38be1a6ad5945ec34 .billede_inner {\n            display: flex;\n            align-items: center;\n            justify-content: space-between;\n            flex-wrap: wrap;\n        }\n         #bulletpoints-tekstfelt-block_d9d5e3b4dfcf9cf38be1a6ad5945ec34 .billede_right,  #bulletpoints-tekstfelt-block_d9d5e3b4dfcf9cf38be1a6ad5945ec34 .billede_content {\n            width: 48%;\n            box-sizing: border-box;\n        }\n\n         #bulletpoints-tekstfelt-block_d9d5e3b4dfcf9cf38be1a6ad5945ec34 .billede_content {\n            display: table;\n            padding: 30px 0 30px 10%;\n            box-sizing: border-box;\n        }\n\n         #bulletpoints-tekstfelt-block_d9d5e3b4dfcf9cf38be1a6ad5945ec34 .billede_right {\n            padding-right: 10%;\n        }\n\n         #bulletpoints-tekstfelt-block_d9d5e3b4dfcf9cf38be1a6ad5945ec34 .tablecell_content {\n            width: 100%;\n            height: 100%;\n            display: table-cell;\n            vertical-align: middle;\n            padding-right: 16px;\n            box-sizing: border-box;\n        }\n\n        #bulletpoints-tekstfelt-block_d9d5e3b4dfcf9cf38be1a6ad5945ec34 .billede_list {\n            display: flex;\n            align-items: center;\n            flex-wrap: nowrap;\n            margin-bottom: 10px;\n        }\n\n         #bulletpoints-tekstfelt-block_d9d5e3b4dfcf9cf38be1a6ad5945ec34 .list_icon {\n            margin-right: 10px;\n        }\n\n        \/* Mobile View *\/\n        @media only screen and (max-width: 767px) {\n            #bulletpoints-tekstfelt-block_d9d5e3b4dfcf9cf38be1a6ad5945ec34 .billede_inner {\n                flex-direction: column;\n            }\n            #bulletpoints-tekstfelt-block_d9d5e3b4dfcf9cf38be1a6ad5945ec34 .billede_right, #bulletpoints-tekstfelt-block_d9d5e3b4dfcf9cf38be1a6ad5945ec34 .billede_content {\n                width: 100%;\n            }\n            #bulletpoints-tekstfelt-block_d9d5e3b4dfcf9cf38be1a6ad5945ec34 .billede_content, #bulletpoints-tekstfelt-block_d9d5e3b4dfcf9cf38be1a6ad5945ec34 .billede_right {\n                padding: 15px;\n            }\n\n            #bulletpoints-tekstfelt-block_d9d5e3b4dfcf9cf38be1a6ad5945ec34{\n                margin: 32px auto;\n            }\n        }\n    <\/style>\n\n<\/div>\n\n\n\n<div id=\"tekstsektion-block_28e8ceccec213c7b798c59d3d5585b42\" class=\"tekstsektion ct-section-inner-wrap\">\n    \n    <div class=\"tekstsektion_inner\">\n                <h2 class=\"tekstsektion_title\">Akt\u00edvne pracujeme s cie\u013emi trvalo udr\u017eate\u013en\u00e9ho rozvoja OSN<\/h2>\n                        <div class=\"tekstsektion_content\">\n            <p><span style=\"font-weight: 400;\">Dnes akt\u00edvne pracujeme na cie\u013eoch udr\u017eate\u013en\u00e9ho rozvoja OSN. Osobitn\u00fa \u00falohu tu zohr\u00e1va \u201ezodpovedn\u00e1 spotreba a v\u00fdroba\u201c. Pena je polyamidov\u00fd materi\u00e1l a preto je manipul\u00e1cia s materi\u00e1lom k\u013e\u00fa\u010dov\u00e1. Db\u00e1me na to, aby sme zdroje vyu\u017e\u00edvali naplno, recyklovali star\u00fd materi\u00e1l a ak tento prekro\u010d\u00ed svoju \u017eivotnos\u0165, zlikvidujeme ho zodpovedne.<\/span><\/p>\n<p>&nbsp;<\/p>\n<p><b>Pracujeme s nasleduj\u00facimi SDG:<\/b><\/p>\n<p><span style=\"font-weight: 400;\">9: Priemysel, inov\u00e1cie a infra\u0161trukt\u00fara<br \/>\n<\/span><span style=\"font-weight: 400;\">12: Zodpovedn\u00e1 spotreba a v\u00fdroba<\/span><\/p>\n        <\/div>\n                    <\/div>\n\n    <style type=\"text\/css\">\n        #tekstsektion-block_28e8ceccec213c7b798c59d3d5585b42 {\n            margin: 75px auto;\n            background: #ffffff;\n        }\n\n        #tekstsektion-block_28e8ceccec213c7b798c59d3d5585b42 .tekstsektion_inner {\n            max-width: 80%;\n            margin: 0 auto;\n        }\n\n        #tekstsektion-block_28e8ceccec213c7b798c59d3d5585b42 .tekstsektion_title{\n            color: #1E3956;\n        }\n\n        #tekstsektion-block_28e8ceccec213c7b798c59d3d5585b42 .tekstsektion_content{\n            color: #1E3956;\n        }\n\n        #tekstsektion-block_28e8ceccec213c7b798c59d3d5585b42 .tekstsektion_btn{\n            color: #ffffff;\n            background: #EC8F66;\n        }\n        \n         #tekstsektion-block_28e8ceccec213c7b798c59d3d5585b42 a.tekstsektion_btn {\n            display: inline-block;\n            text-decoration: none !important;\n            padding: 10px 20px;\n            box-shadow: 0px 10px 15px -3px rgb(0 0 0 \/ 10%);\n            transition: all 0.3s ease-in-out;\n            margin-top: 15px;\n        }\n\n         #tekstsektion-block_28e8ceccec213c7b798c59d3d5585b42 a.tekstsektion_btn:hover {\n            box-shadow: 0px 10px 15px -3px rgb(0 0 0 \/ 30%);\n        }\n\n        \/* Mobile View *\/\n        @media only screen and (max-width: 767px) {\n            #tekstsektion-block_28e8ceccec213c7b798c59d3d5585b42 {\n                margin: 48px 15px;\n            }\n            #tekstsektion-block_28e8ceccec213c7b798c59d3d5585b42 .tekstsektion_inner {\n                max-width: 100%;\n            }\n\n        }\n    <\/style>\n\n<\/div>\n\n\n<div id=\"produktudvikling-block_1f92f660c0e2dee401a98a3e9ca60e2c\" class=\"produktudvikling ct-section\">\n\n    <div class=\"billede_inner ct-section-inner-wrap\">\n        <div class=\"billede_content\">\n            <div class=\"tablecell_content\">\n                                    <h2 class=\"billede_title\">Na\u0161e ISO certifik\u00e1cie<\/h2>\n                                    <div class=\"billede_desc\">\n                        <p><strong>Environment\u00e1lna politika | ISO 14001:2015<\/strong><\/p>\n<p><strong>POLITIKA KVALITY | ISO 9001:2015<\/strong><\/p>\n                    <\/div>\n                            <\/div>\n        <\/div>\n        <div class=\"tablecell_content\">\n                            <img decoding=\"async\" src=\"https:\/\/b6furniture.dk\/wp-content\/uploads\/2022\/09\/ISO-14001.jpeg\" alt=\"Na\u0161e ISO certifik\u00e1cie\">\n                    <\/div>\n    <\/div>\n\n    <style type=\"text\/css\">\n        #produktudvikling-block_1f92f660c0e2dee401a98a3e9ca60e2c  {\n            background: #1E3956;\n            margin: 30px 25% 30px 0;\n            \/* padding: 0px 0 0px 6.5%; *\/\n        }\n        #produktudvikling-block_1f92f660c0e2dee401a98a3e9ca60e2c .billede_inner{\n            flex-direction: row;\n        }\n        #produktudvikling-block_1f92f660c0e2dee401a98a3e9ca60e2c .tablecell_content {\n            display: flex;\n        }\n        #produktudvikling-block_1f92f660c0e2dee401a98a3e9ca60e2c .billede_content {\n            width: 55%;\n        }\n        \/* Image wrapper *\/ \n        #produktudvikling-block_1f92f660c0e2dee401a98a3e9ca60e2c .billede_inner>.tablecell_content {\n            width: 45%;\n        }\n       #produktudvikling-block_1f92f660c0e2dee401a98a3e9ca60e2c .billede_content .tablecell_content {\n            padding: 56px 56px 56px 0;\n            flex-direction: column;\n        }\n        #produktudvikling-block_1f92f660c0e2dee401a98a3e9ca60e2c .billede_title {\n            color: #ffffff;\n        }\n        \n        #produktudvikling-block_1f92f660c0e2dee401a98a3e9ca60e2c .billede_desc {\n            color: #ffffff;\n            max-width: 800px;\n        }\n\n        #produktudvikling-block_1f92f660c0e2dee401a98a3e9ca60e2c .tekstsektion_btn {\n            color: #ffffff;\n            background: #EC8F66;\n        }\n\n        #produktudvikling-block_1f92f660c0e2dee401a98a3e9ca60e2c a.tekstsektion_btn {\n            display: inline-block;\n            text-decoration: none !important;\n            padding: 10px 20px;\n            box-shadow: 0px 10px 15px -3px rgb(0 0 0 \/ 10%);\n            transition: all 0.3s ease-in-out;\n            margin-top: 20px;\n            font-weight: 600;\n        }\n                #produktudvikling-block_1f92f660c0e2dee401a98a3e9ca60e2c a.tekstsektion_btn:hover {\n            box-shadow: 0px 10px 15px -3px rgb(0 0 0 \/ 30%);\n        }\n\n        \/* Mobile View *\/\n        @media only screen and (max-width: 767px) {\n            #produktudvikling-block_1f92f660c0e2dee401a98a3e9ca60e2c  {\n                margin: 0px auto;\n                padding: 30px 15px;\n            }\n            #produktudvikling-block_1f92f660c0e2dee401a98a3e9ca60e2c a.tekstsektion_btn {\n                float: none;\n            }\n             #produktudvikling-block_1f92f660c0e2dee401a98a3e9ca60e2c .billede_inner {\n            flex-direction: column-reverse;\n            }\n             #produktudvikling-block_1f92f660c0e2dee401a98a3e9ca60e2c .billede_content, \n             #produktudvikling-block_1f92f660c0e2dee401a98a3e9ca60e2c .billede_inner>.tablecell_content {\n            width: auto;\n            } \n              #produktudvikling-block_1f92f660c0e2dee401a98a3e9ca60e2c .billede_content .tablecell_content {\n            padding: 24px 0;\n            }\n\n        }\n    <\/style>\n\n<\/div>","protected":false},"excerpt":{"rendered":"","protected":false},"author":7,"featured_media":0,"parent":0,"menu_order":0,"comment_status":"closed","ping_status":"closed","template":"","meta":{"_acf_changed":false,"footnotes":""},"class_list":["post-3942","page","type-page","status-publish","hentry"],"acf":[],"_links":{"self":[{"href":"https:\/\/b6furniture.dk\/sk\/wp-json\/wp\/v2\/pages\/3942","targetHints":{"allow":["GET"]}}],"collection":[{"href":"https:\/\/b6furniture.dk\/sk\/wp-json\/wp\/v2\/pages"}],"about":[{"href":"https:\/\/b6furniture.dk\/sk\/wp-json\/wp\/v2\/types\/page"}],"author":[{"embeddable":true,"href":"https:\/\/b6furniture.dk\/sk\/wp-json\/wp\/v2\/users\/7"}],"replies":[{"embeddable":true,"href":"https:\/\/b6furniture.dk\/sk\/wp-json\/wp\/v2\/comments?post=3942"}],"version-history":[{"count":3,"href":"https:\/\/b6furniture.dk\/sk\/wp-json\/wp\/v2\/pages\/3942\/revisions"}],"predecessor-version":[{"id":3945,"href":"https:\/\/b6furniture.dk\/sk\/wp-json\/wp\/v2\/pages\/3942\/revisions\/3945"}],"wp:attachment":[{"href":"https:\/\/b6furniture.dk\/sk\/wp-json\/wp\/v2\/media?parent=3942"}],"curies":[{"name":"wp","href":"https:\/\/api.w.org\/{rel}","templated":true}]}}