{"id":3946,"date":"2022-09-29T14:12:48","date_gmt":"2022-09-29T12:12:48","guid":{"rendered":"https:\/\/b6furniture.dk\/?page_id=3946"},"modified":"2023-02-01T13:21:40","modified_gmt":"2023-02-01T12:21:40","slug":"o-b6-furniture","status":"publish","type":"page","link":"https:\/\/b6furniture.dk\/sk\/o-b6-furniture\/","title":{"rendered":"O B6 Furniture"},"content":{"rendered":"\n<div id=\"header-block_dcc6701223bd4538ca2826eaf58a9496\" class=\"header\">\n    \n    <div class=\"billede_inner\">\n        <div class=\"billede_content ct-section-inner-wrap\">\n            <div class=\"tablecell_content\">\n                <h1 class=\"billede_title\">O B6 Furniture<\/h1>\n                                    <div class=\"billede_desc\">\n                        <p><span style=\"font-weight: 400;\">V \u00fazkej spolupr\u00e1ci s na\u0161imi z\u00e1kazn\u00edkmi navrhujeme, vyr\u00e1bame a dod\u00e1vame vo\u013ene plnen\u00e9 sedacie vank\u00fa\u0161e a kvalitn\u00fd n\u00e1bytok. \u0160pecializujeme sa na vo\u013ene plnen\u00e9 sed\u00e1ky pre v\u0161etky \u00fa\u010dely a n\u00e1bytok ur\u010den\u00fd na sedenie, ako s\u00fa pohovky, jed\u00e1lensk\u00e9 stoli\u010dky, kresl\u00e1 a z\u00e1hradn\u00fd n\u00e1bytok. Kladieme ve\u013ek\u00fd d\u00f4raz na komfort a kvalitu. Pou\u017e\u00edvame iba plne certifikovan\u00e9 kvalitn\u00e9 materi\u00e1ly z E\u00da, vyroben\u00e9 v Eur\u00f3pe z vlastn\u00fdch tov\u00e1rn\u00ed v D\u00e1nsku, Nemecku a na Slovensku.\u00a0 <\/span><\/p>\n                    <\/div>\n                                            <\/div>\n        <\/div>\n    <\/div>\n\n    <style type=\"text\/css\">\n        #header-block_dcc6701223bd4538ca2826eaf58a9496 {\n            background-color: #1E3956;\n            background-image: url(https:\/\/b6furniture.dk\/wp-content\/uploads\/2022\/11\/Vyroba-20-2-scaled-aspect-ratio-1900-820-scaled.jpg);\n            background-size: cover;\n            background-position: center;\n            background-repeat: no-repeat;\n            \/*padding: px 0; *\/\n\t\t\tpadding:48px 0;\n            position: relative;\n            z-index: 1;\n            overflow: hidden;\n\t\t\tdisplay: flex;\n\t\t\tflex-direction: column;\n\t\t\tjustify-content: center;\n\t\t\t\/* min-height: 50vh; *\/\n            \/*min-height: calc(100vh - 126px);*\/\n\t\t\tmin-height:43vw;\n\t\t\t\n\n        }\n        \n        #header-block_dcc6701223bd4538ca2826eaf58a9496:before {\n            content: \"\";\n            position: absolute;\n            top: 0;\n            height: 100%;\n            background-color: rgba(54, 72, 95, 0.8);\n            z-index: -1;\n            left: 0;\n            width: 100%;\n        }\n\n        #header-block_dcc6701223bd4538ca2826eaf58a9496 .billede_inner {\n                    }\n\n        #header-block_dcc6701223bd4538ca2826eaf58a9496 .tablecell_content {\n            text-align: Left;\n                    }\n\n        #header-block_dcc6701223bd4538ca2826eaf58a9496 .billede_title{\n            color: #ffffff;\n        }\n\n        #header-block_dcc6701223bd4538ca2826eaf58a9496 .billede_desc{\n            color: #ffffff;\n            \t\t\t    max-width: 960px;\n                    }\n\n        #header-block_dcc6701223bd4538ca2826eaf58a9496 .tekstsektion_btn{\n            color: #ffffff;\n            background: #EC8F66;\n        }\n        \n        #header-block_dcc6701223bd4538ca2826eaf58a9496 a.tekstsektion_btn {\n            display: inline-block;\n            text-decoration: none !important;\n            padding: 10px 20px;\n            box-shadow: 0px 10px 15px -3px rgb(0 0 0 \/ 10%);\n            transition: all 0.3s ease-in-out;\n            margin-top: 20px;\n            font-weight: 600;\n        }\n\n         #header-block_dcc6701223bd4538ca2826eaf58a9496 a.tekstsektion_btn:hover {\n            box-shadow: 0px 10px 15px -3px rgb(0 0 0 \/ 30%);\n        }\n\n         #header-block_dcc6701223bd4538ca2826eaf58a9496 .billede_content {\n            box-sizing: border-box;\n\t\t\tpadding-left: 20px;\n\t\t\tpadding-right: 20px;\n        }\n\n          \t\t\n\t\t\/* Tablet view *\/\n        @media only screen and (max-width: 991px) {\n            #header-block_dcc6701223bd4538ca2826eaf58a9496 {\n                background-size: cover;\n                \/*min-height: 70vh;*\/\n            }\n            #header-block_dcc6701223bd4538ca2826eaf58a9496 .billede_content {\n                width: 75%;\n            }\n        }\n        \/* Mobile View *\/\n        @media only screen and (max-width: 767px) {\n            #header-block_dcc6701223bd4538ca2826eaf58a9496  {\n                padding: 48px 15px;\n                \/*min-height: 50vh;*\/\n            }\n\n            #header-block_dcc6701223bd4538ca2826eaf58a9496:before {\n                width: 100%;\n                left: 0;\n                transform: skew(0deg, 0);\n            }\n\n            #header-block_dcc6701223bd4538ca2826eaf58a9496 .billede_content {\n                width: 100%;\n\t\t\t\tpadding: 0;\n            }\n            #header-block_dcc6701223bd4538ca2826eaf58a9496 .billede_inner {\n                max-width: 100%;\n            }\n\n        }\n        @media only screen and (max-width:630px) {\n            \/*#header-block_dcc6701223bd4538ca2826eaf58a9496 { \n                min-height: 40vh;\n            }*\/\n        }\n        @media only screen and (max-width:500px) {\n            #header-block_dcc6701223bd4538ca2826eaf58a9496 { \n                min-height:43vw;\n            }\n        }\n    <\/style>\n\n<\/div>\n\n\n<div id=\"billede-tekstfelt-block_e67dc771f8b22b48ea2e41b7e82d24f1\" class=\"billede-tekstfelt ct-section-inner-wrap\">\n    \n    <div class=\"billede_inner\">\n        <div class=\"billede_photo\">\n            <div class=\"photo_inner\">\n                <img decoding=\"async\" src=\"https:\/\/b6furniture.dk\/wp-content\/uploads\/2022\/11\/Vyroba-13-scaled.jpg\" alt=\"V\u0161etko na jednom mieste\">\n            <\/div>\n        <\/div>\n        <div class=\"billede_content\">\n            <div class=\"tablecell_content\">\n                                    <h2 class=\"billede_title\">V\u0161etko na jednom mieste<\/h2>\n                                                <div class=\"billede_desc\">\n                    <p><span style=\"font-weight: 400;\">V B6 Furniture sme va\u0161\u00edm strategick\u00fdm partnerom. Sme s vami od n\u00e1padu a v\u00edzie a\u017e po fin\u00e1lny v\u00fdrobok. Plat\u00ed to bez oh\u013eadu na to, \u010di ide o rezan\u00fa penu, vo\u013en\u00e9 plnen\u00e9 rie\u0161enia na sedenie alebo hotov\u00fd kus \u010dal\u00fanen\u00e9ho n\u00e1bytku.\u00a0 <\/span><\/p>\n                <\/div>\n                            <\/div>\n        <\/div>\n       \n    <\/div>\n\n    <style type=\"text\/css\">\n        #billede-tekstfelt-block_e67dc771f8b22b48ea2e41b7e82d24f1 {\n            background: #ffffff;\n            margin: 32px auto;\n        }\n\n        #billede-tekstfelt-block_e67dc771f8b22b48ea2e41b7e82d24f1 .billede_title{\n            color: #1E3956;\n        }\n\n        #billede-tekstfelt-block_e67dc771f8b22b48ea2e41b7e82d24f1 .billede_desc{\n            color: #1E3956;\n        }\n\n         #billede-tekstfelt-block_e67dc771f8b22b48ea2e41b7e82d24f1 .billede_inner {\n            display: flex;\n            align-items: stretch;\n            justify-content: space-between;\n            flex-wrap: wrap;\n        }\n         #billede-tekstfelt-block_e67dc771f8b22b48ea2e41b7e82d24f1 .billede_photo {\n            width: 50%;\n        }\n\n         #billede-tekstfelt-block_e67dc771f8b22b48ea2e41b7e82d24f1 .billede_content {\n            width: 45%;\n            display: table;\n        }\n\n         #billede-tekstfelt-block_e67dc771f8b22b48ea2e41b7e82d24f1 .tablecell_content {\n            width: 100%;\n            height: 100%;\n            display: table-cell;\n            vertical-align: middle;\n            padding-right: 10%;\n        }\n\n        \/* Mobile View *\/\n        @media only screen and (max-width: 767px) {\n            #billede-tekstfelt-block_e67dc771f8b22b48ea2e41b7e82d24f1 .billede_inner {\n                flex-direction: column;\n            }\n            #billede-tekstfelt-block_e67dc771f8b22b48ea2e41b7e82d24f1 .billede_photo, #billede-tekstfelt-block_e67dc771f8b22b48ea2e41b7e82d24f1 .billede_content {\n                width: 100%;\n            }\n            #billede-tekstfelt-block_e67dc771f8b22b48ea2e41b7e82d24f1 .billede_content {\n                padding: 20px;\n            }\n            #billede-tekstfelt-block_e67dc771f8b22b48ea2e41b7e82d24f1 {\n                margin: 32px auto;\n            }\n        }\n    <\/style>\n\n<\/div>\n\n\n<div id=\"tekstsektion-block_3c077ce13eca7248908ae42f507c7e60\" class=\"tekstsektion ct-section-inner-wrap\">\n    \n    <div class=\"tekstsektion_inner\">\n                <h2 class=\"tekstsektion_title\">Kompletn\u00fd servis v\u00fdrobcu a dod\u00e1vate\u013ea n\u00e1bytku<\/h2>\n                        <div class=\"tekstsektion_content\">\n            <p><span style=\"font-weight: 400;\">Pon\u00fakame v\u00e1m kompletn\u00fd servis a technick\u00e9 poznatky, poch\u00e1dzaj\u00face z desa\u0165ro\u010d\u00ed sk\u00fasenost\u00ed, tak\u017ee sa po\u010das cel\u00e9ho procesu v\u00fdroby m\u00f4\u017eete c\u00edti\u0165 sebaisto.<\/span><\/p>\n<p><span style=\"font-weight: 400;\">M\u00e1me preuk\u00e1zate\u013en\u00fd p\u00f4vod vo v\u00fdrobe sed\u00e1kov a sme \u0161pecialisti na dizajn a v\u00fdrobu sed\u00e1kov s vo\u013enou v\u00fdpl\u0148ou. V\u00fdvoj trhu sp\u00f4sobil, \u017ee u\u017e aj my m\u00f4\u017eeme na\u0161im z\u00e1kazn\u00edkom pon\u00faka\u0165 zhotovenie fin\u00e1lnych n\u00e1bytkov\u00fdch rie\u0161en\u00ed. Rob\u00edme to so zameran\u00edm na kvalitu, komfort a oh\u013eaduplnos\u0165 k materi\u00e1lom a \u017eivotn\u00e9mu prostrediu.<\/span><\/p>\n<p><span style=\"font-weight: 400;\">In\u00fdmi slovami - u n\u00e1s v\u0161etko dostanete na jednom mieste. Ak m\u00e1te \u0161pecifick\u00e9 priania, m\u00e1me \u0161pecialistov, ktor\u00ed ich zrealizuj\u00fa. <\/span><\/p>\n        <\/div>\n                            <a href=\"\/sk\/one-stop-shop\/\" class=\"tekstsektion_btn\">Viac inform\u00e1ci\u00ed<\/a>\n            <\/div>\n\n    <style type=\"text\/css\">\n        #tekstsektion-block_3c077ce13eca7248908ae42f507c7e60 {\n            margin: 75px auto;\n            background: #ffffff;\n        }\n\n        #tekstsektion-block_3c077ce13eca7248908ae42f507c7e60 .tekstsektion_inner {\n            max-width: 80%;\n            margin: 0 auto;\n        }\n\n        #tekstsektion-block_3c077ce13eca7248908ae42f507c7e60 .tekstsektion_title{\n            color: #1E3956;\n        }\n\n        #tekstsektion-block_3c077ce13eca7248908ae42f507c7e60 .tekstsektion_content{\n            color: #1E3956;\n        }\n\n        #tekstsektion-block_3c077ce13eca7248908ae42f507c7e60 .tekstsektion_btn{\n            color: #ffffff;\n            background: #EC8F66;\n        }\n        \n         #tekstsektion-block_3c077ce13eca7248908ae42f507c7e60 a.tekstsektion_btn {\n            display: inline-block;\n            text-decoration: none !important;\n            padding: 10px 20px;\n            box-shadow: 0px 10px 15px -3px rgb(0 0 0 \/ 10%);\n            transition: all 0.3s ease-in-out;\n            margin-top: 15px;\n        }\n\n         #tekstsektion-block_3c077ce13eca7248908ae42f507c7e60 a.tekstsektion_btn:hover {\n            box-shadow: 0px 10px 15px -3px rgb(0 0 0 \/ 30%);\n        }\n\n        \/* Mobile View *\/\n        @media only screen and (max-width: 767px) {\n            #tekstsektion-block_3c077ce13eca7248908ae42f507c7e60 {\n                margin: 48px 15px;\n            }\n            #tekstsektion-block_3c077ce13eca7248908ae42f507c7e60 .tekstsektion_inner {\n                max-width: 100%;\n            }\n\n        }\n    <\/style>\n\n<\/div>\n\n\n<div id=\"testimonial-block_d07fbf23856f8ab598d2db86671133b5\" class=\"testimonial ct-section-inner-wrap\">\n    \n    <div class=\"testimonial_inner\">\n        <div class=\"testimonial_content_wrapper\">\n                        <h2 class=\"testimonial_title\"><\/h2>\n                                    <p class=\"testimonial_content\">\n                B6 Furniture je s\u00fa\u010das\u0165ou B6 Group a m\u00e1 svoje korene v Severnom Jutsku v D\u00e1nsku. Spolo\u010dnos\u0165 za\u010dala svoju \u010dinnos\u0165 v roku 1972, ke\u010f rodina Stenbro otvorila tov\u00e1re\u0148 ne\u010faleko S\u00e6by. Tu spolo\u010dnos\u0165 konvertovala penov\u00e9 produkty, ako s\u00fa v\u00fdplne a \u010dal\u00fanenie pre z\u00e1kazn\u00edkov v n\u00e1bytk\u00e1rskom priemysle. S t\u00fa\u017ebou sl\u00fa\u017ei\u0165 a by\u0165 tu pre svojich z\u00e1kazn\u00edkom a ako prirodzen\u00fd rozvoj \u010dinnosti firmy sa za\u010diatkom 80. rokov za\u010dala v\u00fdroba \u010dal\u00fanen\u00fdch sed\u00e1kov.            <\/p>\n                        <div class=\"author_info\">\n                                <h4 class=\"reviewer_name\">\n                                    <\/h4>\n                                                <p class=\"reviewer_title\">\n                                    <\/p>\n                            <\/div>\n        <\/div>\n        <div class=\"testimonial_photo\">\n            <img decoding=\"async\" src=\"https:\/\/b6furniture.dk\/wp-content\/uploads\/2022\/09\/Vyroba-9-scaled.jpg\" alt=\"\">\n        <\/div>\n    <\/div>\n\n    <style type=\"text\/css\">\n        #testimonial-block_d07fbf23856f8ab598d2db86671133b5 {\n            margin: 0px auto;\n        }\n\n        #testimonial-block_d07fbf23856f8ab598d2db86671133b5 .testimonial_content_wrapper{\n            background: #1E3956;\n        }\n\n        #testimonial-block_d07fbf23856f8ab598d2db86671133b5 .testimonial_title, #testimonial-block_d07fbf23856f8ab598d2db86671133b5 .testimonial_content, #testimonial-block_d07fbf23856f8ab598d2db86671133b5 .reviewer_name, #testimonial-block_d07fbf23856f8ab598d2db86671133b5 .reviewer_title{\n            color: #ffffff;\n        }\n         #testimonial-block_d07fbf23856f8ab598d2db86671133b5 .testimonial_inner {\n            display: flex;\n            align-items: center;\n            justify-content: space-between;\n            flex-wrap: wrap;\n        }\n\n         #testimonial-block_d07fbf23856f8ab598d2db86671133b5 .testimonial_photo {\n            width: 50%;\n        }\n\n         #testimonial-block_d07fbf23856f8ab598d2db86671133b5 .testimonial_content_wrapper {\n            width: 60%;\n            padding: 30px 30px 30px 10%;\n            margin-right: -10%;\n            z-index: 9;\n            position: relative;\n            box-sizing: border-box;\n        }\n\n        \/* Mobile View *\/\n        @media only screen and (max-width: 767px) {\n            #testimonial-block_d07fbf23856f8ab598d2db86671133b5 {\n                margin: 32px auto;\n            }\n\n             #testimonial-block_d07fbf23856f8ab598d2db86671133b5 .testimonial_inner {\n                flex-direction: column-reverse;\n            }\n             #testimonial-block_d07fbf23856f8ab598d2db86671133b5 .testimonial_photo,  #testimonial-block_d07fbf23856f8ab598d2db86671133b5 .testimonial_content_wrapper {\n                width: 100%;\n            }\n             #testimonial-block_d07fbf23856f8ab598d2db86671133b5 .testimonial_content_wrapper {\n                padding: 20px;\n                margin-right: 0;\n            }\n        }\n    <\/style>\n\n<\/div>\n\n\n<div id=\"tekstsektion-block_6cc78b697f915b6a3c9346260c828e40\" class=\"tekstsektion-two ct-section-inner-wrap\">\n    \n    <div class=\"tekstsektion_inner\">\n                <h2 class=\"tekstsektion_title\">Na\u0161a hist\u00f3ria<\/h2>\n                        <div class=\"tekstsektion_content\">\n            <p><span style=\"font-weight: 400;\">Dnes je B6 Furniture popredn\u00fdm dod\u00e1vate\u013eom pre n\u00e1bytk\u00e1rsky priemysel v Eur\u00f3pe.<\/span><\/p>\n<p><span style=\"font-weight: 400;\">Aktu\u00e1lne ju prevzala druh\u00e1 gener\u00e1cia rodiny Stenbro a s Brianom Stenbrom ako gener\u00e1lnym riadite\u013eom spolo\u010dnos\u0165 B6 Furniture roz\u0161\u00edrila svoje podnikanie tak, \u017ee dnes B6 Furniture poskytuje \u0161irok\u00e9 spektrum slu\u017eieb pre n\u00e1bytk\u00e1rsky priemysel. Fungujeme ako subdod\u00e1vate\u013e a v \u00fazkej spolupr\u00e1ci s na\u0161imi z\u00e1kazn\u00edkmi.<\/span><\/p>\n<p><span style=\"font-weight: 400;\">V\u00fdrobcovia vo\u013ene plnen\u00fdch sed\u00e1kov tradi\u010dne pou\u017e\u00edvaj\u00fa na v\u00fdrobu nov\u00fa penu. Paralelne s t\u00fdm B6 Furniture vyvinul jedine\u010dn\u00fd v\u00fdrobn\u00fd proces, ktor\u00fd n\u00e1m takisto umo\u017e\u0148uje pou\u017e\u00edva\u0165 na v\u00fdrobu na\u0161ich produktov regenerovan\u00fa penu. Rob\u00edme to preto, lebo sme si vedom\u00ed \u00falohy prezentova\u0165 na\u0161im z\u00e1kazn\u00edkom produkty \u0161etrn\u00e9 k \u017eivotn\u00e9mu prostrediu. T\u00e1to \u00faloha je pre n\u00e1s prioritou a zodpovedn\u00e9 pou\u017e\u00edvanie materi\u00e1lov sa stalo hlavnou oblas\u0165ou z\u00e1ujmu v B6 Furniture. Je pre n\u00e1s d\u00f4le\u017eit\u00e9 by\u0165 pri v\u00fdrobe kvalitn\u00e9ho n\u00e1bytku.<\/span><\/p>\n        <\/div>\n                        <h3 class=\"tekstsektion_title\">\n                    <\/h3>\n                        <div class=\"tekstsektion_content\">\n                    <\/div>\n            <\/div>\n\n    <style type=\"text\/css\">\n        #tekstsektion-block_6cc78b697f915b6a3c9346260c828e40 {\n            margin: 35px auto;\n        }\n\n        #tekstsektion-block_6cc78b697f915b6a3c9346260c828e40 .tekstsektion_inner{\n            margin: 0 auto;\n            max-width: 80%;\n        }\n\n        #tekstsektion-block_6cc78b697f915b6a3c9346260c828e40 .tekstsektion_title{\n            color: #1E3956;\n        }\n\n        #tekstsektion-block_6cc78b697f915b6a3c9346260c828e40 .tekstsektion_content{\n            color: #1E3956;\n        }\n\n        \/*  mobile view *\/\n        @media (max-width: 767px) {\n            #tekstsektion-block_6cc78b697f915b6a3c9346260c828e40 {\n                margin: 32px 15px;\n            }\n\n            #tekstsektion-block_6cc78b697f915b6a3c9346260c828e40 .tekstsektion_inner{\n                max-width: 100%;\n            }\n        }\n    <\/style>\n\n<\/div>","protected":false},"excerpt":{"rendered":"","protected":false},"author":7,"featured_media":0,"parent":0,"menu_order":0,"comment_status":"closed","ping_status":"closed","template":"","meta":{"_acf_changed":false,"footnotes":""},"class_list":["post-3946","page","type-page","status-publish","hentry"],"acf":[],"_links":{"self":[{"href":"https:\/\/b6furniture.dk\/sk\/wp-json\/wp\/v2\/pages\/3946","targetHints":{"allow":["GET"]}}],"collection":[{"href":"https:\/\/b6furniture.dk\/sk\/wp-json\/wp\/v2\/pages"}],"about":[{"href":"https:\/\/b6furniture.dk\/sk\/wp-json\/wp\/v2\/types\/page"}],"author":[{"embeddable":true,"href":"https:\/\/b6furniture.dk\/sk\/wp-json\/wp\/v2\/users\/7"}],"replies":[{"embeddable":true,"href":"https:\/\/b6furniture.dk\/sk\/wp-json\/wp\/v2\/comments?post=3946"}],"version-history":[{"count":3,"href":"https:\/\/b6furniture.dk\/sk\/wp-json\/wp\/v2\/pages\/3946\/revisions"}],"predecessor-version":[{"id":3951,"href":"https:\/\/b6furniture.dk\/sk\/wp-json\/wp\/v2\/pages\/3946\/revisions\/3951"}],"wp:attachment":[{"href":"https:\/\/b6furniture.dk\/sk\/wp-json\/wp\/v2\/media?parent=3946"}],"curies":[{"name":"wp","href":"https:\/\/api.w.org\/{rel}","templated":true}]}}