{"id":3963,"date":"2022-08-25T10:53:17","date_gmt":"2022-08-25T08:53:17","guid":{"rendered":"https:\/\/b6furniture.dk\/?page_id=3963"},"modified":"2023-02-01T13:21:44","modified_gmt":"2023-02-01T12:21:44","slug":"vyvoj-produktu","status":"publish","type":"page","link":"https:\/\/b6furniture.dk\/sk\/vyvoj-produktu\/","title":{"rendered":"V\u00fdvoj produktu"},"content":{"rendered":"\n<div id=\"header-block_f1ebf3c95e91b8a75294a18a54b56e35\" class=\"header\">\n    \n    <div class=\"billede_inner\">\n        <div class=\"billede_content ct-section-inner-wrap\">\n            <div class=\"tablecell_content\">\n                <h1 class=\"billede_title\">V\u00fdvoj produktu<\/h1>\n                                    <div class=\"billede_desc\">\n                        <p><span style=\"font-weight: 400;\">Sme v\u017edy pripraven\u00ed n\u00e1js\u0165 to najlep\u0161ie rie\u0161enie pre ak\u00fdko\u013evek typ po\u017eadovan\u00e9ho rie\u0161enia sedenia.\u00a0<\/span><\/p>\n<p><span style=\"font-weight: 400;\">\u010ci u\u017e ide o \u00faplne nov\u00fd kus n\u00e1bytku alebo jedine\u010dn\u00e9 po\u0165ahy na sedadl\u00e1, operadl\u00e1, ru\u010dn\u00e9 opierky \u010di vank\u00fa\u0161e, na\u0161\u00edm cie\u013eom je v\u017edy skvel\u00fd komfort a \u00fa\u017easn\u00e1 kvalita.<\/span><\/p>\n                    <\/div>\n                                            <\/div>\n        <\/div>\n    <\/div>\n\n    <style type=\"text\/css\">\n        #header-block_f1ebf3c95e91b8a75294a18a54b56e35 {\n            background-color: #1E3956;\n            background-image: url(https:\/\/b6furniture.dk\/wp-content\/uploads\/2022\/11\/Vyroba-20-1-scaled-aspect-ratio-1900-820-scaled.jpg);\n            background-size: cover;\n            background-position: center;\n            background-repeat: no-repeat;\n            \/*padding: px 0; *\/\n\t\t\tpadding:48px 0;\n            position: relative;\n            z-index: 1;\n            overflow: hidden;\n\t\t\tdisplay: flex;\n\t\t\tflex-direction: column;\n\t\t\tjustify-content: center;\n\t\t\t\/* min-height: 50vh; *\/\n            \/*min-height: calc(100vh - 126px);*\/\n\t\t\tmin-height:43vw;\n\t\t\t\n\n        }\n        \n        #header-block_f1ebf3c95e91b8a75294a18a54b56e35:before {\n            content: \"\";\n            position: absolute;\n            top: 0;\n            height: 100%;\n            background-color: rgba(54, 72, 95, 0.8);\n            z-index: -1;\n            left: 0;\n            width: 100%;\n        }\n\n        #header-block_f1ebf3c95e91b8a75294a18a54b56e35 .billede_inner {\n                    }\n\n        #header-block_f1ebf3c95e91b8a75294a18a54b56e35 .tablecell_content {\n            text-align: Left;\n                    }\n\n        #header-block_f1ebf3c95e91b8a75294a18a54b56e35 .billede_title{\n            color: #ffffff;\n        }\n\n        #header-block_f1ebf3c95e91b8a75294a18a54b56e35 .billede_desc{\n            color: #ffffff;\n            \t\t\t    max-width: 960px;\n                    }\n\n        #header-block_f1ebf3c95e91b8a75294a18a54b56e35 .tekstsektion_btn{\n            color: #ffffff;\n            background: #EC8F66;\n        }\n        \n        #header-block_f1ebf3c95e91b8a75294a18a54b56e35 a.tekstsektion_btn {\n            display: inline-block;\n            text-decoration: none !important;\n            padding: 10px 20px;\n            box-shadow: 0px 10px 15px -3px rgb(0 0 0 \/ 10%);\n            transition: all 0.3s ease-in-out;\n            margin-top: 20px;\n            font-weight: 600;\n        }\n\n         #header-block_f1ebf3c95e91b8a75294a18a54b56e35 a.tekstsektion_btn:hover {\n            box-shadow: 0px 10px 15px -3px rgb(0 0 0 \/ 30%);\n        }\n\n         #header-block_f1ebf3c95e91b8a75294a18a54b56e35 .billede_content {\n            box-sizing: border-box;\n\t\t\tpadding-left: 20px;\n\t\t\tpadding-right: 20px;\n        }\n\n          \t\t\n\t\t\/* Tablet view *\/\n        @media only screen and (max-width: 991px) {\n            #header-block_f1ebf3c95e91b8a75294a18a54b56e35 {\n                background-size: cover;\n                \/*min-height: 70vh;*\/\n            }\n            #header-block_f1ebf3c95e91b8a75294a18a54b56e35 .billede_content {\n                width: 75%;\n            }\n        }\n        \/* Mobile View *\/\n        @media only screen and (max-width: 767px) {\n            #header-block_f1ebf3c95e91b8a75294a18a54b56e35  {\n                padding: 48px 15px;\n                \/*min-height: 50vh;*\/\n            }\n\n            #header-block_f1ebf3c95e91b8a75294a18a54b56e35:before {\n                width: 100%;\n                left: 0;\n                transform: skew(0deg, 0);\n            }\n\n            #header-block_f1ebf3c95e91b8a75294a18a54b56e35 .billede_content {\n                width: 100%;\n\t\t\t\tpadding: 0;\n            }\n            #header-block_f1ebf3c95e91b8a75294a18a54b56e35 .billede_inner {\n                max-width: 100%;\n            }\n\n        }\n        @media only screen and (max-width:630px) {\n            \/*#header-block_f1ebf3c95e91b8a75294a18a54b56e35 { \n                min-height: 40vh;\n            }*\/\n        }\n        @media only screen and (max-width:500px) {\n            #header-block_f1ebf3c95e91b8a75294a18a54b56e35 { \n                min-height:43vw;\n            }\n        }\n    <\/style>\n\n<\/div>\n\n\n<div id=\"tekstsektion-block_3279a66053a661a85a0723cae1246d01\" class=\"tekstsektion ct-section-inner-wrap\">\n    \n    <div class=\"tekstsektion_inner\">\n                <h2 class=\"tekstsektion_title\">Vyr\u00e1bame v Eur\u00f3pe <\/h2>\n                        <div class=\"tekstsektion_content\">\n            <p><span style=\"font-weight: 400;\">Vyu\u017e\u00edvame materi\u00e1ly certifikovan\u00e9 E\u00da a v\u00fdrobu v Eur\u00f3pe. Je pre n\u00e1s naozaj d\u00f4le\u017eit\u00e9, aby sme mohli v\u0161etk\u00fdm na\u0161im z\u00e1kazn\u00edkom prezentova\u0165 kvalitn\u00e9 materi\u00e1ly. Na\u0161\u00edm cie\u013eom je vyr\u00e1ba\u0165 n\u00e1bytok a vank\u00fa\u0161e, ktor\u00e9 si va\u0161i z\u00e1kazn\u00edci zamiluj\u00fa a vydr\u017eia po cel\u00e9 gener\u00e1cie. <\/span><\/p>\n        <\/div>\n                            <a href=\"\/sk\/kontaktujte-nas\/\" class=\"tekstsektion_btn\">Ozvite sa<\/a>\n            <\/div>\n\n    <style type=\"text\/css\">\n        #tekstsektion-block_3279a66053a661a85a0723cae1246d01 {\n            margin: 75px auto;\n            background: #ffffff;\n        }\n\n        #tekstsektion-block_3279a66053a661a85a0723cae1246d01 .tekstsektion_inner {\n            max-width: 80%;\n            margin: 0 auto;\n        }\n\n        #tekstsektion-block_3279a66053a661a85a0723cae1246d01 .tekstsektion_title{\n            color: #1E3956;\n        }\n\n        #tekstsektion-block_3279a66053a661a85a0723cae1246d01 .tekstsektion_content{\n            color: #1E3956;\n        }\n\n        #tekstsektion-block_3279a66053a661a85a0723cae1246d01 .tekstsektion_btn{\n            color: #ffffff;\n            background: #EC8F66;\n        }\n        \n         #tekstsektion-block_3279a66053a661a85a0723cae1246d01 a.tekstsektion_btn {\n            display: inline-block;\n            text-decoration: none !important;\n            padding: 10px 20px;\n            box-shadow: 0px 10px 15px -3px rgb(0 0 0 \/ 10%);\n            transition: all 0.3s ease-in-out;\n            margin-top: 15px;\n        }\n\n         #tekstsektion-block_3279a66053a661a85a0723cae1246d01 a.tekstsektion_btn:hover {\n            box-shadow: 0px 10px 15px -3px rgb(0 0 0 \/ 30%);\n        }\n\n        \/* Mobile View *\/\n        @media only screen and (max-width: 767px) {\n            #tekstsektion-block_3279a66053a661a85a0723cae1246d01 {\n                margin: 48px 15px;\n            }\n            #tekstsektion-block_3279a66053a661a85a0723cae1246d01 .tekstsektion_inner {\n                max-width: 100%;\n            }\n\n        }\n    <\/style>\n\n<\/div>\n\n\n<div id=\"kontaktformular-block_f61e09b0883c630d4cfa4b8d4cfffd9b\" class=\"kontaktformular ct-section-inner-wrap\">\n    \n    <div class=\"billede_inner\">\n        <div class=\"billede_content\">\n            <div class=\"tablecell_content\">\n                                <h2 class=\"billede_title\">Objednajte si potrebn\u00e9 mno\u017estvo<\/h2>\n                                                <div class=\"billede_desc\">\n                    <p><span style=\"font-weight: 400;\">My v B6 Furniture si nekladieme \u017eiadne po\u017eiadavky na to, ak\u00e1 ve\u013ek\u00e1 by mala by\u0165 va\u0161a objedn\u00e1vka, k\u00fdm sa rozhodnete pre n\u00e1s ako svojho partnera. Ver\u00edme, \u017ee by ste mali by\u0165 schopn\u00ed objedna\u0165 si presne tak\u00e9 mno\u017estvo produktov, ktor\u00e9 aktu\u00e1lne potrebujete.\u00a0<\/span><\/p>\n<p><span style=\"font-weight: 400;\">V niektor\u00fdch pr\u00edpadoch si v\u0161ak vyhradzujeme pr\u00e1vo na doru\u010denie vy\u0161\u0161ieho alebo ni\u017e\u0161ieho mno\u017estva v\u00fdrobkov. Rob\u00edme to s cie\u013eom \u010do najlep\u0161ie vyu\u017ei\u0165 pou\u017eit\u00e9 materi\u00e1ly a minimalizova\u0165 plytvanie zdrojmi. V t\u00fdchto pr\u00edpadoch v\u00e1s v\u017edy vopred upozorn\u00edme, aby ste mali mo\u017enos\u0165 va\u0161u objedn\u00e1vku upravi\u0165.\u00a0 <\/span><\/p>\n                <\/div>\n                            <\/div>\n\t\t\t        <\/div>\n        <div class=\"billede_photo\">\n            <div class=\"form_shortcode\">\n                <div class='fluentform ff-default fluentform_wrapper_10 ffs_default_wrap'><form data-form_id=\"10\" id=\"fluentform_10\" class=\"frm-fluent-form fluent_form_10 ff-el-form-top ff_form_instance_10_1 ff-form-loading ffs_default\" data-form_instance=\"ff_form_instance_10_1\" method=\"POST\" ><fieldset  style=\"border: none!important;margin: 0!important;padding: 0!important;background-color: transparent!important;box-shadow: none!important;outline: none!important; min-inline-size: 100%;\">\n                    <legend class=\"ff_screen_reader_title\" style=\"display: block; margin: 0!important;padding: 0!important;height: 0!important;text-indent: -999999px;width: 0!important;overflow:hidden;\">Kontaktform - tilbud (SK)<\/legend><input type='hidden' name='__fluent_form_embded_post_id' value='3963' \/><input type=\"hidden\" id=\"_fluentform_10_fluentformnonce\" name=\"_fluentform_10_fluentformnonce\" value=\"5b137be1bd\" \/><input type=\"hidden\" name=\"_wp_http_referer\" value=\"\/sk\/wp-json\/wp\/v2\/pages\/3963\" \/><div class='ff-el-group  ff-custom_html contact-heading ct-headline' tabindex='-1' data-name=\"custom_html-10_1\" ><h3>Kontaktujte n\u00e1s pre cenov\u00fa ponuku<\/h3><\/div><div data-type=\"name-element\" data-name=\"names\" class=\" ff-field_container ff-name-field-wrapper\" ><div class='ff-t-container'><div class='ff-t-cell '><div class='ff-el-group  ff-el-form-hide_label'><div class=\"ff-el-input--label ff-el-is-required asterisk-right\"><label for='ff_10_names_first_name_' id='label_ff_10_names_first_name_' >Meno<\/label><\/div><div class='ff-el-input--content'><input type=\"text\" name=\"names[first_name]\" id=\"ff_10_names_first_name_\" class=\"ff-el-form-control\" placeholder=\"Meno\" aria-invalid=\"false\" aria-required=true><\/div><\/div><\/div><\/div><\/div><div class='ff-el-group ff-el-form-hide_label'><div class=\"ff-el-input--label ff-el-is-required asterisk-right\"><label for='ff_10_phone' id='label_ff_10_phone' aria-label=\"Phone\/Mobile\">Phone\/Mobile<\/label><\/div><div class='ff-el-input--content'><input name=\"phone\" class=\"ff-el-form-control ff-el-phone\" type=\"tel\" placeholder=\"Telef\u00f3n\" data-name=\"phone\" id=\"ff_10_phone\" inputmode=\"tel\"  aria-invalid='false' aria-required=true><\/div><\/div><div class='ff-el-group ff-el-form-hide_label'><div class=\"ff-el-input--label ff-el-is-required asterisk-right\"><label for='ff_10_message' id='label_ff_10_message' aria-label=\"Nachricht\">Nachricht<\/label><\/div><div class='ff-el-input--content'><textarea aria-required=\"true\" aria-labelledby=\"label_ff_10_message\" name=\"message\" id=\"ff_10_message\" class=\"ff-el-form-control\" placeholder=\"Spr\u00e1va\" rows=\"3\" cols=\"2\" data-name=\"message\" ><\/textarea><\/div><\/div><div class='ff-el-group ff-text-left ff_submit_btn_wrapper'><button type=\"submit\" class=\"ff-btn ff-btn-submit ff-btn-md button-standard button-orange ff_btn_no_style\"  aria-label=\"Predlo\u017ei\u0165\">Predlo\u017ei\u0165<\/button><\/div><\/fieldset><\/form><div id='fluentform_10_errors' class='ff-errors-in-stack ff_form_instance_10_1 ff-form-loading_errors ff_form_instance_10_1_errors'><\/div><\/div>            <script type=\"text\/javascript\">\n                window.fluent_form_ff_form_instance_10_1 = {\"id\":\"10\",\"settings\":{\"layout\":{\"labelPlacement\":\"top\",\"helpMessagePlacement\":\"with_label\",\"errorMessagePlacement\":\"inline\",\"cssClassName\":\"\",\"asteriskPlacement\":\"asterisk-right\"},\"restrictions\":{\"denyEmptySubmission\":{\"enabled\":false}}},\"form_instance\":\"ff_form_instance_10_1\",\"form_id_selector\":\"fluentform_10\",\"rules\":{\"names[first_name]\":{\"required\":{\"value\":true,\"message\":\"Toto pole je povinn\\u00e9\"}},\"names[middle_name]\":{\"required\":{\"value\":false,\"message\":\"This field is required\"}},\"names[last_name]\":{\"required\":{\"value\":false,\"message\":\"This field is required\"}},\"phone\":{\"required\":{\"value\":true,\"message\":\"Toto pole je povinn\\u00e9\"},\"valid_phone_number\":{\"value\":false,\"message\":\"Phone number is not valid\"}},\"message\":{\"required\":{\"value\":true,\"message\":\"Toto pole je povinn\\u00e9\"}}},\"debounce_time\":300};\n                            <\/script>\n                        <\/div>\n        <\/div>\n    <\/div>\n\n    <style type=\"text\/css\">\n\t\t#kontaktformular-block_f61e09b0883c630d4cfa4b8d4cfffd9b .team_wrapper .team_title {\n\t\t\tfont-size: 14px;\n\t\t\tcolor: #ed8f66;\n            margin-bottom:24px;\n\t\t}\n\t\t#kontaktformular-block_f61e09b0883c630d4cfa4b8d4cfffd9b .team_wrapper .team_name {\n            font-weight:800;\n        }\n\t\t#kontaktformular-block_f61e09b0883c630d4cfa4b8d4cfffd9b .team_wrapper a {\n            display:block;\n            text-decoration:none;\n            font-size:14px;\n        }\n\t\t#kontaktformular-block_f61e09b0883c630d4cfa4b8d4cfffd9b .team_wrapper {\n\t\t\tdisplay: grid;\n\t\t\tgrid-template-columns: repeat(3, 1fr);\n\t\t\tgrid-template-rows: 1fr;\n\t\t\tgrid-column-gap: 24px;\n\t\t\tgrid-row-gap: 24px;\n\t\t\tmargin-top: 20vh;\n\t\t}\n        #kontaktformular-block_f61e09b0883c630d4cfa4b8d4cfffd9b {\n            margin: 75px auto;\n        }\n        #kontaktformular-block_f61e09b0883c630d4cfa4b8d4cfffd9b .billede_inner{\n            max-width: 80%;\n            margin: 0 auto;\n        }\n\n        #kontaktformular-block_f61e09b0883c630d4cfa4b8d4cfffd9b .billede_title{\n            color: #1E3956;\n        }\n\n        #kontaktformular-block_f61e09b0883c630d4cfa4b8d4cfffd9b .billede_desc{\n            color: #1E3956;\n        }\n\n         #kontaktformular-block_f61e09b0883c630d4cfa4b8d4cfffd9b .billede_inner {\n            display: flex;\n            align-items: center;\n            justify-content: space-between;\n            flex-wrap: wrap;\n        }\n        #kontaktformular-block_f61e09b0883c630d4cfa4b8d4cfffd9b .billede_content {\n            width: 55%;\n            box-sizing: border-box;\n        }\n\t\t#kontaktformular-block_f61e09b0883c630d4cfa4b8d4cfffd9b .billede_photo {\n            width: 45%;\n            box-sizing: border-box;\n        }\n\n        \/* Mobile View *\/\n        @media only screen and (max-width: 767px) {\n            #kontaktformular-block_f61e09b0883c630d4cfa4b8d4cfffd9b {\n                margin: 48px 15px;\n            }\n\t\t\t#kontaktformular-block_f61e09b0883c630d4cfa4b8d4cfffd9b .team_wrapper .team_title {\n                margin-bottom:8px;\n            }\n            #kontaktformular-block_f61e09b0883c630d4cfa4b8d4cfffd9b .billede_inner{\n                max-width: 100%;\n            }\n            #kontaktformular-block_f61e09b0883c630d4cfa4b8d4cfffd9b .billede_inner {\n                flex-direction: column;\n            }\n            #kontaktformular-block_f61e09b0883c630d4cfa4b8d4cfffd9b .billede_photo, #kontaktformular-block_f61e09b0883c630d4cfa4b8d4cfffd9b .billede_content {\n                width: 100%;\n            }\n            #kontaktformular-block_f61e09b0883c630d4cfa4b8d4cfffd9b .team_wrapper {\n\t\t\t\tgrid-template-columns: repeat(2, 1fr);\n                grid-row-gap: 32px;\n\t\t\t\tmargin-top: 48px;\n\t\t\t}\n        }\n\t\t@media only screen and (max-width: 480px) {\n\t\t\t#kontaktformular-block_f61e09b0883c630d4cfa4b8d4cfffd9b .team_wrapper {\n\t\t\t\tgrid-template-columns: repeat(1, 1fr);\n\t\t\t}\n\t\t}\n    <\/style>\n\n<\/div>","protected":false},"excerpt":{"rendered":"","protected":false},"author":7,"featured_media":0,"parent":0,"menu_order":0,"comment_status":"closed","ping_status":"closed","template":"","meta":{"_acf_changed":false,"footnotes":""},"class_list":["post-3963","page","type-page","status-publish","hentry"],"acf":[],"_links":{"self":[{"href":"https:\/\/b6furniture.dk\/sk\/wp-json\/wp\/v2\/pages\/3963","targetHints":{"allow":["GET"]}}],"collection":[{"href":"https:\/\/b6furniture.dk\/sk\/wp-json\/wp\/v2\/pages"}],"about":[{"href":"https:\/\/b6furniture.dk\/sk\/wp-json\/wp\/v2\/types\/page"}],"author":[{"embeddable":true,"href":"https:\/\/b6furniture.dk\/sk\/wp-json\/wp\/v2\/users\/7"}],"replies":[{"embeddable":true,"href":"https:\/\/b6furniture.dk\/sk\/wp-json\/wp\/v2\/comments?post=3963"}],"version-history":[{"count":3,"href":"https:\/\/b6furniture.dk\/sk\/wp-json\/wp\/v2\/pages\/3963\/revisions"}],"predecessor-version":[{"id":3966,"href":"https:\/\/b6furniture.dk\/sk\/wp-json\/wp\/v2\/pages\/3963\/revisions\/3966"}],"wp:attachment":[{"href":"https:\/\/b6furniture.dk\/sk\/wp-json\/wp\/v2\/media?parent=3963"}],"curies":[{"name":"wp","href":"https:\/\/api.w.org\/{rel}","templated":true}]}}