{"id":3967,"date":"2021-12-13T08:56:43","date_gmt":"2021-12-13T07:56:43","guid":{"rendered":"https:\/\/b6furniture.dk\/?page_id=3967"},"modified":"2025-05-02T12:32:20","modified_gmt":"2025-05-02T10:32:20","slug":"predna-strana","status":"publish","type":"page","link":"https:\/\/b6furniture.dk\/sk\/","title":{"rendered":"Predn\u00e1 strana"},"content":{"rendered":"\n<div id=\"header-block_a58f6794e94a62843d2739e67f766cf9\" class=\"header\">\n    \n    <div class=\"billede_inner\">\n        <div class=\"billede_content ct-section-inner-wrap\">\n            <div class=\"tablecell_content\">\n                <h1 class=\"billede_title\">B6 FURNITURE<\/h1>\n                                    <div class=\"billede_desc\">\n                        <p>CREATING COMFORT<\/p>\n                    <\/div>\n                                            <\/div>\n        <\/div>\n    <\/div>\n\n    <style type=\"text\/css\">\n        #header-block_a58f6794e94a62843d2739e67f766cf9 {\n            background-color: #1E3956;\n            background-image: url(https:\/\/b6furniture.dk\/wp-content\/uploads\/2022\/11\/Produkt-7-1-scaled-aspect-ratio-1900-820-scaled.jpg);\n            background-size: cover;\n            background-position: center;\n            background-repeat: no-repeat;\n            \/*padding: px 0; *\/\n\t\t\tpadding:48px 0;\n            position: relative;\n            z-index: 1;\n            overflow: hidden;\n\t\t\tdisplay: flex;\n\t\t\tflex-direction: column;\n\t\t\tjustify-content: center;\n\t\t\t\/* min-height: 50vh; *\/\n            \/*min-height: calc(100vh - 126px);*\/\n\t\t\tmin-height:43vw;\n\t\t\t\n\n        }\n        \n        #header-block_a58f6794e94a62843d2739e67f766cf9:before {\n            content: \"\";\n            position: absolute;\n            top: 0;\n            height: 100%;\n            background-color: rgba(30, 57, 86, 0.8);\n            z-index: -1;\n            left: 0;\n            width: 100%;\n        }\n\n        #header-block_a58f6794e94a62843d2739e67f766cf9 .billede_inner {\n                            margin: 0 auto;\n                max-width: 80%;\n                width: 100%;\n                    }\n\n        #header-block_a58f6794e94a62843d2739e67f766cf9 .tablecell_content {\n            text-align: Center;\n                    }\n\n        #header-block_a58f6794e94a62843d2739e67f766cf9 .billede_title{\n            color: #ffffff;\n        }\n\n        #header-block_a58f6794e94a62843d2739e67f766cf9 .billede_desc{\n            color: #ffffff;\n                    }\n\n        #header-block_a58f6794e94a62843d2739e67f766cf9 .tekstsektion_btn{\n            color: #ffffff;\n            background: #EC8F66;\n        }\n        \n        #header-block_a58f6794e94a62843d2739e67f766cf9 a.tekstsektion_btn {\n            display: inline-block;\n            text-decoration: none !important;\n            padding: 10px 20px;\n            box-shadow: 0px 10px 15px -3px rgb(0 0 0 \/ 10%);\n            transition: all 0.3s ease-in-out;\n            margin-top: 20px;\n            font-weight: 600;\n        }\n\n         #header-block_a58f6794e94a62843d2739e67f766cf9 a.tekstsektion_btn:hover {\n            box-shadow: 0px 10px 15px -3px rgb(0 0 0 \/ 30%);\n        }\n\n         #header-block_a58f6794e94a62843d2739e67f766cf9 .billede_content {\n            box-sizing: border-box;\n\t\t\tpadding-left: 20px;\n\t\t\tpadding-right: 20px;\n        }\n\n          \t\t\n\t\t\/* Tablet view *\/\n        @media only screen and (max-width: 991px) {\n            #header-block_a58f6794e94a62843d2739e67f766cf9 {\n                background-size: cover;\n                \/*min-height: 70vh;*\/\n            }\n            #header-block_a58f6794e94a62843d2739e67f766cf9 .billede_content {\n                width: 75%;\n            }\n        }\n        \/* Mobile View *\/\n        @media only screen and (max-width: 767px) {\n            #header-block_a58f6794e94a62843d2739e67f766cf9  {\n                padding: 48px 15px;\n                \/*min-height: 50vh;*\/\n            }\n\n            #header-block_a58f6794e94a62843d2739e67f766cf9:before {\n                width: 100%;\n                left: 0;\n                transform: skew(0deg, 0);\n            }\n\n            #header-block_a58f6794e94a62843d2739e67f766cf9 .billede_content {\n                width: 100%;\n\t\t\t\tpadding: 0;\n            }\n            #header-block_a58f6794e94a62843d2739e67f766cf9 .billede_inner {\n                max-width: 100%;\n            }\n\n        }\n        @media only screen and (max-width:630px) {\n            \/*#header-block_a58f6794e94a62843d2739e67f766cf9 { \n                min-height: 40vh;\n            }*\/\n        }\n        @media only screen and (max-width:500px) {\n            #header-block_a58f6794e94a62843d2739e67f766cf9 { \n                min-height:43vw;\n            }\n        }\n    <\/style>\n\n<\/div>\n\n\n<div id=\"produkt-block_29e29b641187a97029724e38c9940240\" class=\"produkt ct-section\">\n    \n    <div class=\"billede_inner ct-section-inner-wrap\">\n        <div class=\"billede_content\">\n            <div class=\"tablecell_content\">\n                <img decoding=\"async\" src=\"https:\/\/b6furniture.dk\/wp-content\/uploads\/2022\/09\/Produkt-12.png\" alt=\"V\u0161etko na jednom mieste\">\n            <\/div>\n        <\/div>\n                    <div class=\"billede_right\">\n                <div class=\"right_content\">\n                    <h2 class=\"tekstsektion_title\">V\u0161etko na jednom mieste<\/h2>\n                                            <div class=\"tekstsektion_content\">\n                            <p><span style=\"font-weight: 400;\">Vyr\u00e1bame vank\u00fa\u0161e s vo\u013en\u00fdmi v\u00fdpl\u0148ami a n\u00e1bytok na z\u00e1klade va\u0161ej v\u00edzie, zameriavame sa na kvalitu a komfort. V B6 Furniture sme va\u0161\u00edm strategick\u00fdm partnerom a sme s vami od prvotn\u00e9ho n\u00e1padu a\u017e po hotov\u00fd v\u00fdrobok.\u00a0\u00a0<\/span><\/p>\n<p><span style=\"font-weight: 400;\">In\u00fdmi slovami, u n\u00e1s v\u0161etko n\u00e1jdete na jednom mieste. Naz\u00fdvame sa preto one-stop-shop.\u00a0 <\/span><\/p>\n                        <\/div>\n                                            <a href=\"\/sk\/one-stop-shop\/\" class=\"tekstsektion_btn\">Z\u00edskajte viac inform\u00e1ci\u00ed<\/a>\n                                    <\/div>\n            <\/div>\n            <\/div>\n\n    <style type=\"text\/css\">\n        #produkt-block_29e29b641187a97029724e38c9940240 {\n            background-color: transparent;\n            margin: 100px auto;\n        }\n                    #produkt-block_29e29b641187a97029724e38c9940240 .billede_inner{\n                max-width: 80%;\n                margin: 0 auto;\n                flex-direction: row;\n            }\n                #produkt-block_29e29b641187a97029724e38c9940240 .tekstsektion_title{\n            color: #1E3956;\n        }\n\n        #produkt-block_29e29b641187a97029724e38c9940240 .tekstsektion_content{\n            color: #1E3956;\n        }\n\n        #produkt-block_29e29b641187a97029724e38c9940240 .tekstsektion_btn{\n            color: #ffffff;\n            background: #EC8F66;\n        }\n        \n         #produkt-block_29e29b641187a97029724e38c9940240 a.tekstsektion_btn {\n            display: inline-block;\n            text-decoration: none !important;\n            padding: 10px 20px;\n            box-shadow: 0px 10px 15px -3px rgb(0 0 0 \/ 10%);\n            transition: all 0.3s ease-in-out;\n            margin-top: 20px;\n            font-weight: 600;\n        }\n\n         #produkt-block_29e29b641187a97029724e38c9940240 a.tekstsektion_btn:hover {\n            box-shadow: 0px 10px 15px -3px rgb(0 0 0 \/ 30%);\n        }\n \t\t#produkt-block_29e29b641187a97029724e38c9940240 .tablecell_content {\n            display: flex;\n        }\n        #produkt-block_29e29b641187a97029724e38c9940240 .billede_inner {\n            display: flex;\n            align-items: center;\n            justify-content: space-between;\n            flex-wrap: wrap;\n            flex-direction: row;\n        }\n                #produkt-block_29e29b641187a97029724e38c9940240 .billede_inner {\n            flex-direction: row-reverse;\n        }\n                    #produkt-block_29e29b641187a97029724e38c9940240 .billede_right,  #produkt-block_29e29b641187a97029724e38c9940240 .billede_content {\n                width: 48%;\n                box-sizing: border-box;\n            }\n                #produkt-block_29e29b641187a97029724e38c9940240 .billede_right{\n            text-align: Left        }\n        \n        \/* Mobile View *\/\n        @media only screen and (max-width: 767px) {\n            #produkt-block_29e29b641187a97029724e38c9940240 {\n                margin: 48px 0;\n            }\n            #produkt-block_29e29b641187a97029724e38c9940240 .billede_inner {\n                flex-direction: column;\n            }\n            #produkt-block_29e29b641187a97029724e38c9940240 .billede_right, #produkt-block_29e29b641187a97029724e38c9940240 .billede_content {\n                width: 100%;\n            }\n            #produkt-block_29e29b641187a97029724e38c9940240 .billede_right {\n                padding: 15px 0;\n            }\n            #produkt-block_29e29b641187a97029724e38c9940240 .billede_inner{\n                max-width: 100%;\n            }\n        }\n    <\/style>\n<\/div>\n\n\n\n<div id=\"produkt-block_86021c4c86ef347daed1eebfae93b371\" class=\"produkt ct-section\">\n    \n    <div class=\"billede_inner ct-section-inner-wrap\">\n        <div class=\"billede_content\">\n            <div class=\"tablecell_content\">\n                <img decoding=\"async\" src=\"https:\/\/b6furniture.dk\/wp-content\/uploads\/2022\/11\/Vyroba-29-scaled.jpg\" alt=\"Udr\u017eate\u013enos\u0165 \">\n            <\/div>\n        <\/div>\n                    <div class=\"billede_right\">\n                <div class=\"right_content\">\n                    <h2 class=\"tekstsektion_title\">Udr\u017eate\u013enos\u0165 <\/h2>\n                                            <div class=\"tekstsektion_content\">\n                            <p><span style=\"font-weight: 400;\">V B6 Furniture recyklujeme penov\u00e9 a polym\u00e9rov\u00e9 materi\u00e1ly u\u017e od za\u010diatku 80. rokov. Od sam\u00e9ho po\u010diatku sme identifikovali hodnotu v maxim\u00e1lnej mo\u017enej miere vyu\u017eitia pou\u017e\u00edvan\u00fdch materi\u00e1lov. Na\u0161\u00edm cie\u013eom je redukova\u0165 plytvanie zdrojmi a dod\u00e1va\u0165 kvalitn\u00fd n\u00e1bytok na\u0161im z\u00e1kazn\u00edkom s oh\u013eadom na kl\u00edmu a \u017eivotn\u00e9 prostredie.<\/span><\/p>\n                        <\/div>\n                                            <a href=\"\/sk\/vyroba-s-rozvahou\/\" class=\"tekstsektion_btn\">Z\u00edskajte viac inform\u00e1ci\u00ed<\/a>\n                                    <\/div>\n            <\/div>\n            <\/div>\n\n    <style type=\"text\/css\">\n        #produkt-block_86021c4c86ef347daed1eebfae93b371 {\n            background-color: transparent;\n            margin: 100px auto;\n        }\n                    #produkt-block_86021c4c86ef347daed1eebfae93b371 .billede_inner{\n                max-width: 80%;\n                margin: 0 auto;\n                flex-direction: row;\n            }\n                #produkt-block_86021c4c86ef347daed1eebfae93b371 .tekstsektion_title{\n            color: #1E3956;\n        }\n\n        #produkt-block_86021c4c86ef347daed1eebfae93b371 .tekstsektion_content{\n            color: #1E3956;\n        }\n\n        #produkt-block_86021c4c86ef347daed1eebfae93b371 .tekstsektion_btn{\n            color: #ffffff;\n            background: #EC8F66;\n        }\n        \n         #produkt-block_86021c4c86ef347daed1eebfae93b371 a.tekstsektion_btn {\n            display: inline-block;\n            text-decoration: none !important;\n            padding: 10px 20px;\n            box-shadow: 0px 10px 15px -3px rgb(0 0 0 \/ 10%);\n            transition: all 0.3s ease-in-out;\n            margin-top: 20px;\n            font-weight: 600;\n        }\n\n         #produkt-block_86021c4c86ef347daed1eebfae93b371 a.tekstsektion_btn:hover {\n            box-shadow: 0px 10px 15px -3px rgb(0 0 0 \/ 30%);\n        }\n \t\t#produkt-block_86021c4c86ef347daed1eebfae93b371 .tablecell_content {\n            display: flex;\n        }\n        #produkt-block_86021c4c86ef347daed1eebfae93b371 .billede_inner {\n            display: flex;\n            align-items: center;\n            justify-content: space-between;\n            flex-wrap: wrap;\n            flex-direction: row;\n        }\n                    #produkt-block_86021c4c86ef347daed1eebfae93b371 .billede_right,  #produkt-block_86021c4c86ef347daed1eebfae93b371 .billede_content {\n                width: 48%;\n                box-sizing: border-box;\n            }\n                #produkt-block_86021c4c86ef347daed1eebfae93b371 .billede_right{\n            text-align: Right        }\n        \n        \/* Mobile View *\/\n        @media only screen and (max-width: 767px) {\n            #produkt-block_86021c4c86ef347daed1eebfae93b371 {\n                margin: 48px 0;\n            }\n            #produkt-block_86021c4c86ef347daed1eebfae93b371 .billede_inner {\n                flex-direction: column;\n            }\n            #produkt-block_86021c4c86ef347daed1eebfae93b371 .billede_right, #produkt-block_86021c4c86ef347daed1eebfae93b371 .billede_content {\n                width: 100%;\n            }\n            #produkt-block_86021c4c86ef347daed1eebfae93b371 .billede_right {\n                padding: 15px 0;\n            }\n            #produkt-block_86021c4c86ef347daed1eebfae93b371 .billede_inner{\n                max-width: 100%;\n            }\n        }\n    <\/style>\n<\/div>\n\n\n\n<div id=\"produktudvikling-block_2299fbbb4388ab339452b02d8efd8754\" class=\"produktudvikling ct-section\">\n\n    <div class=\"billede_inner ct-section-inner-wrap\">\n        <div class=\"billede_content\">\n            <div class=\"tablecell_content\">\n                                    <h2 class=\"billede_title\">Technick\u00e9 inform\u00e1cie<\/h2>\n                                    <div class=\"billede_desc\">\n                        <p><span style=\"font-weight: 400;\">B6 Furniture vych\u00e1dza z fundament\u00e1lnej fascin\u00e1cie vlastnos\u0165ami materi\u00e1lov a ich r\u00f4znorod\u00fdmi mo\u017enos\u0165ami tvarovania, plnenia a spracovania. Pracujeme s per\u00edm, textilom, molitanom a gumou. M\u00e1me portf\u00f3lio \u0161ikovn\u00fdch pracovn\u00edkov na v\u00fdrobu podsed\u00e1kov a v oblasti \u0161itia a \u010dal\u00fanenia. Postupom \u010dasu sme sa rozv\u00edjali tak, aby sme zvl\u00e1dli cel\u00e9 n\u00e1bytk\u00e1rske remeslo \u2013 od prvotn\u00e9ho n\u00e1padu a\u017e po fin\u00e1lny v\u00fdrobok. <\/span><\/p>\n                    <\/div>\n                            <\/div>\n        <\/div>\n        <div class=\"tablecell_content\">\n                            <img decoding=\"async\" src=\"https:\/\/b6furniture.dk\/wp-content\/uploads\/2022\/11\/Vyroba-25-scaled.jpg\" alt=\"Technick\u00e9 inform\u00e1cie\">\n                    <\/div>\n    <\/div>\n\n    <style type=\"text\/css\">\n        #produktudvikling-block_2299fbbb4388ab339452b02d8efd8754  {\n            background: #1E3956;\n            margin: 0px 25% 0px 0;\n            \/* padding: 0px 0 0px 6.5%; *\/\n        }\n        #produktudvikling-block_2299fbbb4388ab339452b02d8efd8754 .billede_inner{\n            flex-direction: row;\n        }\n        #produktudvikling-block_2299fbbb4388ab339452b02d8efd8754 .tablecell_content {\n            display: flex;\n        }\n        #produktudvikling-block_2299fbbb4388ab339452b02d8efd8754 .billede_content {\n            width: 55%;\n        }\n        \/* Image wrapper *\/ \n        #produktudvikling-block_2299fbbb4388ab339452b02d8efd8754 .billede_inner>.tablecell_content {\n            width: 45%;\n        }\n       #produktudvikling-block_2299fbbb4388ab339452b02d8efd8754 .billede_content .tablecell_content {\n            padding: 56px 56px 56px 0;\n            flex-direction: column;\n        }\n        #produktudvikling-block_2299fbbb4388ab339452b02d8efd8754 .billede_title {\n            color: #ffffff;\n        }\n        \n        #produktudvikling-block_2299fbbb4388ab339452b02d8efd8754 .billede_desc {\n            color: #ffffff;\n            max-width: 800px;\n        }\n\n        #produktudvikling-block_2299fbbb4388ab339452b02d8efd8754 .tekstsektion_btn {\n            color: #ffffff;\n            background: #EC8F66;\n        }\n\n        #produktudvikling-block_2299fbbb4388ab339452b02d8efd8754 a.tekstsektion_btn {\n            display: inline-block;\n            text-decoration: none !important;\n            padding: 10px 20px;\n            box-shadow: 0px 10px 15px -3px rgb(0 0 0 \/ 10%);\n            transition: all 0.3s ease-in-out;\n            margin-top: 20px;\n            font-weight: 600;\n        }\n                    #produktudvikling-block_2299fbbb4388ab339452b02d8efd8754 a.tekstsektion_btn {\n                float: right;\n            }\n                #produktudvikling-block_2299fbbb4388ab339452b02d8efd8754 a.tekstsektion_btn:hover {\n            box-shadow: 0px 10px 15px -3px rgb(0 0 0 \/ 30%);\n        }\n\n        \/* Mobile View *\/\n        @media only screen and (max-width: 767px) {\n            #produktudvikling-block_2299fbbb4388ab339452b02d8efd8754  {\n                margin: 0px auto;\n                padding: 30px 15px;\n            }\n            #produktudvikling-block_2299fbbb4388ab339452b02d8efd8754 a.tekstsektion_btn {\n                float: none;\n            }\n             #produktudvikling-block_2299fbbb4388ab339452b02d8efd8754 .billede_inner {\n            flex-direction: column-reverse;\n            }\n             #produktudvikling-block_2299fbbb4388ab339452b02d8efd8754 .billede_content, \n             #produktudvikling-block_2299fbbb4388ab339452b02d8efd8754 .billede_inner>.tablecell_content {\n            width: auto;\n            } \n              #produktudvikling-block_2299fbbb4388ab339452b02d8efd8754 .billede_content .tablecell_content {\n            padding: 24px 0;\n            }\n\n        }\n    <\/style>\n\n<\/div>\n\n\n<div id=\"produkt-block_cc1ec46dde57aae42e3f92200523ae4f\" class=\"produkt ct-section\">\n    \n    <div class=\"billede_inner ct-section-inner-wrap\">\n        <div class=\"billede_content\">\n            <div class=\"tablecell_content\">\n                <img decoding=\"async\" src=\"https:\/\/b6furniture.dk\/wp-content\/uploads\/2022\/09\/Vyroba-7-scaled.jpg\" alt=\"Kto sme\">\n            <\/div>\n        <\/div>\n                    <div class=\"billede_right\">\n                <div class=\"right_content\">\n                    <h2 class=\"tekstsektion_title\">Kto sme<\/h2>\n                                            <div class=\"tekstsektion_content\">\n                            <p><span style=\"font-weight: 400;\">B6 Furniture sa nach\u00e1dza na Slovensku a je hlavnou \u010dinnos\u0165ou skupiny B6 Group, ktor\u00e1 pozost\u00e1va z troch obchodn\u00fdch oblast\u00ed: N\u00e1bytok, Priemysel a Clean &amp; Care. Tieto tri odvetvia maj\u00fa spolo\u010dn\u00fa skuto\u010dnos\u0165, \u017ee z\u00e1kladom vyr\u00e1ban\u00fdch produktov s\u00fa penov\u00e9 a gumen\u00e9 materi\u00e1ly. Vo v\u0161etk\u00fdch pobo\u010dk\u00e1ch v D\u00e1nsku, Nemecku a na Slovensku m\u00e1me viac ako 200 zamestnancov.<\/span><\/p>\n                        <\/div>\n                                            <a href=\"\/sk\/o-b6-furniture\/\" class=\"tekstsektion_btn\">Z\u00edskajte viac inform\u00e1ci\u00ed<\/a>\n                                    <\/div>\n            <\/div>\n            <\/div>\n\n    <style type=\"text\/css\">\n        #produkt-block_cc1ec46dde57aae42e3f92200523ae4f {\n            background-color: transparent;\n            margin: 0px auto;\n        }\n                    #produkt-block_cc1ec46dde57aae42e3f92200523ae4f .billede_inner{\n                max-width: 80%;\n                margin: 0 auto;\n                flex-direction: row;\n            }\n                #produkt-block_cc1ec46dde57aae42e3f92200523ae4f .tekstsektion_title{\n            color: #1E3956;\n        }\n\n        #produkt-block_cc1ec46dde57aae42e3f92200523ae4f .tekstsektion_content{\n            color: #1E3956;\n        }\n\n        #produkt-block_cc1ec46dde57aae42e3f92200523ae4f .tekstsektion_btn{\n            color: #ffffff;\n            background: #EC8F66;\n        }\n        \n         #produkt-block_cc1ec46dde57aae42e3f92200523ae4f a.tekstsektion_btn {\n            display: inline-block;\n            text-decoration: none !important;\n            padding: 10px 20px;\n            box-shadow: 0px 10px 15px -3px rgb(0 0 0 \/ 10%);\n            transition: all 0.3s ease-in-out;\n            margin-top: 20px;\n            font-weight: 600;\n        }\n\n         #produkt-block_cc1ec46dde57aae42e3f92200523ae4f a.tekstsektion_btn:hover {\n            box-shadow: 0px 10px 15px -3px rgb(0 0 0 \/ 30%);\n        }\n \t\t#produkt-block_cc1ec46dde57aae42e3f92200523ae4f .tablecell_content {\n            display: flex;\n        }\n        #produkt-block_cc1ec46dde57aae42e3f92200523ae4f .billede_inner {\n            display: flex;\n            align-items: center;\n            justify-content: space-between;\n            flex-wrap: wrap;\n            flex-direction: row;\n        }\n                    #produkt-block_cc1ec46dde57aae42e3f92200523ae4f .billede_right,  #produkt-block_cc1ec46dde57aae42e3f92200523ae4f .billede_content {\n                width: 48%;\n                box-sizing: border-box;\n            }\n                #produkt-block_cc1ec46dde57aae42e3f92200523ae4f .billede_right{\n            text-align: Left        }\n        \n        \/* Mobile View *\/\n        @media only screen and (max-width: 767px) {\n            #produkt-block_cc1ec46dde57aae42e3f92200523ae4f {\n                margin: 0px 0;\n            }\n            #produkt-block_cc1ec46dde57aae42e3f92200523ae4f .billede_inner {\n                flex-direction: column;\n            }\n            #produkt-block_cc1ec46dde57aae42e3f92200523ae4f .billede_right, #produkt-block_cc1ec46dde57aae42e3f92200523ae4f .billede_content {\n                width: 100%;\n            }\n            #produkt-block_cc1ec46dde57aae42e3f92200523ae4f .billede_right {\n                padding: 15px 0;\n            }\n            #produkt-block_cc1ec46dde57aae42e3f92200523ae4f .billede_inner{\n                max-width: 100%;\n            }\n        }\n    <\/style>\n<\/div>\n\n\n\n<div id=\"case-block_ecf683faa47546c4c3216319ef5a1c6e\" class=\"case no-margin-bottom ct-section-inner-wrap\">\n    \n    <div class=\"photo_inner\">\n        <img decoding=\"async\" src=\"https:\/\/b6furniture.dk\/wp-content\/uploads\/2022\/11\/Produkt-1-3-scaled.jpg\" alt=\"CTA Photo\">\n            <\/div>\n\n    <style type=\"text\/css\">\n        #case-block_ecf683faa47546c4c3216319ef5a1c6e {\n            background: ;\n            margin: 100px auto;\n        }\n        #case-block_ecf683faa47546c4c3216319ef5a1c6e .tekstsektion_btn{\n            color: #ffffff;\n            background: #EC8F66;\n        }\n\n        #case-block_ecf683faa47546c4c3216319ef5a1c6e .photo_inner {\n            height: 600px;\n            position: relative;\n            z-index: 1;       \n        }\n\n        #case-block_ecf683faa47546c4c3216319ef5a1c6e .photo_inner:before {\n            position: absolute;\n            top: 0;\n            left: 0;\n            width: 100%;\n            height: 100%;\n            content:\"\";\n            background: rgba(54, 72, 95, 0.1);\n            z-index: 0;     \n        }\n\n        #case-block_ecf683faa47546c4c3216319ef5a1c6e .photo_inner img{\n            height: 100%;\n            width: 100%; \n            object-fit: cover;         \n        }\n\n        #case-block_ecf683faa47546c4c3216319ef5a1c6e .case_btn {\n            position: absolute;\n            bottom: 10%;\n            right: 10%;          \n        }\n        #case-block_ecf683faa47546c4c3216319ef5a1c6e a.tekstsektion_btn {\n            display: inline-block;\n            text-decoration: none;\n            padding: 10px 20px;\n            box-shadow: 0px 10px 15px -3px rgb(0 0 0 \/ 10%);\n            transition: all 0.3s ease-in-out;\n            margin-top: 20px;\n            font-weight: 600;\n        }\n\n         #case-block_ecf683faa47546c4c3216319ef5a1c6e a.tekstsektion_btn:hover {\n            box-shadow: 0px 10px 15px -3px rgb(0 0 0 \/ 30%);\n        }\n\n        \/* Mobile View *\/\n        @media only screen and (max-width: 767px) {\n            #case-block_ecf683faa47546c4c3216319ef5a1c6e .photo_inner {\n                height: 250px;      \n            }\n            #case-block_ecf683faa47546c4c3216319ef5a1c6e {\n                margin: 0px auto;\n            }\n        }\n    <\/style>\n\n<\/div>","protected":false},"excerpt":{"rendered":"","protected":false},"author":7,"featured_media":0,"parent":0,"menu_order":0,"comment_status":"closed","ping_status":"closed","template":"","meta":{"_acf_changed":false,"footnotes":""},"class_list":["post-3967","page","type-page","status-publish","hentry"],"acf":[],"_links":{"self":[{"href":"https:\/\/b6furniture.dk\/sk\/wp-json\/wp\/v2\/pages\/3967","targetHints":{"allow":["GET"]}}],"collection":[{"href":"https:\/\/b6furniture.dk\/sk\/wp-json\/wp\/v2\/pages"}],"about":[{"href":"https:\/\/b6furniture.dk\/sk\/wp-json\/wp\/v2\/types\/page"}],"author":[{"embeddable":true,"href":"https:\/\/b6furniture.dk\/sk\/wp-json\/wp\/v2\/users\/7"}],"replies":[{"embeddable":true,"href":"https:\/\/b6furniture.dk\/sk\/wp-json\/wp\/v2\/comments?post=3967"}],"version-history":[{"count":4,"href":"https:\/\/b6furniture.dk\/sk\/wp-json\/wp\/v2\/pages\/3967\/revisions"}],"predecessor-version":[{"id":4063,"href":"https:\/\/b6furniture.dk\/sk\/wp-json\/wp\/v2\/pages\/3967\/revisions\/4063"}],"wp:attachment":[{"href":"https:\/\/b6furniture.dk\/sk\/wp-json\/wp\/v2\/media?parent=3967"}],"curies":[{"name":"wp","href":"https:\/\/api.w.org\/{rel}","templated":true}]}}